{"id":24576,"date":"2024-09-05T14:06:48","date_gmt":"2024-09-05T11:06:48","guid":{"rendered":"http:\/\/makeupatelier.ee\/pood\/product\/kauapusiv-geellainer\/"},"modified":"2026-04-25T03:00:51","modified_gmt":"2026-04-25T00:00:51","slug":"kauapusiv-geellainer","status":"publish","type":"product","link":"https:\/\/makeupatelier.ee\/pood\/product\/kauapusiv-geellainer\/","title":{"rendered":"Kauap\u00fcsiv Geellainer"},"content":{"rendered":"<p style=\"margin: 0px;font-size: 10.1px;line-height: normal;font-family: Arial\">ISODODECANE, POLYPROPYLSILSESQUIOXANE, TRIMETHYLSILOXYSILICATE, C30-45 ALKYLDIMETHYLSILYL POLYPROPYLSILSESQUIOXANE, GLYCERYL STEARATE, TOCOPHERYL ACETATE, RETINYL PALMITATE, SILICA DIMETHYL SILYLATE, PROPYLENE CARBONATE, BENZYL ALCOHOL, DEHYDROACETIC ACID. (+\/-) PEUT CONTENIR\/MAY CONTAIN: TITANIUM DIOXIDE (CI 77891), IRON OXIDES (CI 77492, CI 77491, CI 77499), CARMINE (CI 75470), CHROMIUM HYDROXIDE GREEN (CI 77289), CHROMIUM OXIDE GREENS (CI 77288), ULTRAMARINES (CI 77007), BLUE 1 LAKE (CI 42090), YELLOW 5 LAKE (CI 19140), FERRIC FERROCYANIDE (CI 77510), BISMUTH OXYCHLORIDE (CI 77163), MANGANESE VIOLET (CI 77742). NOT TESTED ON ANIMALS<\/p>\n","protected":false},"excerpt":{"rendered":"<p>Geellainer, mille koostises on vaha ja silikoonvaiku, tekitab nahale elastse kihi, mis tagab kauap\u00fcsiva jumestuse. Toode on veekindel ja seet\u00f5ttu ei riku pisarad, higi ega puudutus jumestust. Geellainer kuivab kiiresti ja annab intensiivse ja vastupidava tulemuse.  Toode on oma koostiselt sama, mis silmapliiats, mis v\u00f5imaldab t\u00f6\u00f6tada ka kajalil e. silma limaskestal. Toode on l\u00f5hnatu. Veekindel. Eemaldada veekindla puhastuspiimaga.<br \/>\n4g<\/p>\n","protected":false},"featured_media":24575,"comment_status":"open","ping_status":"closed","template":"","meta":[],"product_cat":[198],"product_tag":[],"class_list":{"0":"post-24576","1":"product","2":"type-product","3":"status-publish","4":"has-post-thumbnail","6":"product_cat-lainerid-pliiatsid","8":"first","9":"instock","10":"taxable","11":"shipping-taxable","12":"purchasable","13":"product-type-variable"},"aioseo_notices":[],"_links":{"self":[{"href":"https:\/\/makeupatelier.ee\/pood\/wp-json\/wp\/v2\/product\/24576","targetHints":{"allow":["GET"]}}],"collection":[{"href":"https:\/\/makeupatelier.ee\/pood\/wp-json\/wp\/v2\/product"}],"about":[{"href":"https:\/\/makeupatelier.ee\/pood\/wp-json\/wp\/v2\/types\/product"}],"replies":[{"embeddable":true,"href":"https:\/\/makeupatelier.ee\/pood\/wp-json\/wp\/v2\/comments?post=24576"}],"wp:featuredmedia":[{"embeddable":true,"href":"https:\/\/makeupatelier.ee\/pood\/wp-json\/wp\/v2\/media\/24575"}],"wp:attachment":[{"href":"https:\/\/makeupatelier.ee\/pood\/wp-json\/wp\/v2\/media?parent=24576"}],"wp:term":[{"taxonomy":"product_cat","embeddable":true,"href":"https:\/\/makeupatelier.ee\/pood\/wp-json\/wp\/v2\/product_cat?post=24576"},{"taxonomy":"product_tag","embeddable":true,"href":"https:\/\/makeupatelier.ee\/pood\/wp-json\/wp\/v2\/product_tag?post=24576"}],"curies":[{"name":"wp","href":"https:\/\/api.w.org\/{rel}","templated":true}]}}