{"id":24574,"date":"2024-09-05T14:06:47","date_gmt":"2024-09-05T11:06:47","guid":{"rendered":"http:\/\/makeupatelier.ee\/pood\/product\/huulelaige\/"},"modified":"2026-04-30T03:00:11","modified_gmt":"2026-04-30T00:00:11","slug":"huulelaige","status":"publish","type":"product","link":"https:\/\/makeupatelier.ee\/pood\/product\/huulelaige\/","title":{"rendered":"Huulel\u00e4ige"},"content":{"rendered":"<p style=\"margin: 0px;font-size: 10.1px;line-height: normal;font-family: Arial\">HYDROGENATED POLYISOBUTENE, POLYBUTENE, SILICA DIMETHYL SILYLATE, TRIDECYL TRIMELLITATE, POLYETHYLENE, PROPYLENE CARBONATE, TOCOPHEROL, ASCORBYL PALMITATE, BENZYL ALCOHOL, DEHYDROACETIC ACID, PARFUM\/FRAGRANCE. [(+\/-): PEUT CONTENIR\/ MAY CONTAIN: CI 77019 (MICA) CI 77891 (TITANIUM DIOXIDE), CI 77491, CI 77492,CI 77499 (IRON OXIDES), CI 77742 (MANGANESE VIOLET), CI 77163 (BISMUTH OXYCHLORIDE), CI 42090 (BLUE 1 LAKE), CI 75470 (CARMINE), CI 15850 (RED 6, RED 7, RED 7 LAKE), CI 19140 (YELLOW 5 LAKE), CI 15985 (YELLOW 6 LAKE), CI 17200 (RED 33 LAKE), CI 45370 (ORANGE 5, ORANGE 5 LAKE), CI 45380 (RED 21, RED 21 LAKE, RED 22 LAKE), CI 45410 (RED 27, RED 27 LAKE, RED 28), CI 73360 (RED 30 LAKE).NOT TESTED ON ANIMALS.<\/p>\n","protected":false},"excerpt":{"rendered":"<p>L\u00e4iget andev ja h\u00e4sti kattev huulev\u00e4rv, mis muudab huuled visuaalselt vol\u00fc\u00fcmikamaks ning s\u00e4ravaks. Niisutab ning katab huultel olevad kortsukesed j\u00e4ttes huuled siledamaks. Toote koostis on rikastatud niisutavate \u00f5lide kompleksiga ning A ja E vitamiinidega. Mittekleepuv.<\/p>\n<p>7,5 ml<\/p>\n","protected":false},"featured_media":24573,"comment_status":"open","ping_status":"closed","template":"","meta":[],"product_cat":[191],"product_tag":[],"class_list":{"0":"post-24574","1":"product","2":"type-product","3":"status-publish","4":"has-post-thumbnail","6":"product_cat-huuled","8":"first","9":"instock","10":"taxable","11":"shipping-taxable","12":"purchasable","13":"product-type-variable"},"aioseo_notices":[],"_links":{"self":[{"href":"https:\/\/makeupatelier.ee\/pood\/wp-json\/wp\/v2\/product\/24574","targetHints":{"allow":["GET"]}}],"collection":[{"href":"https:\/\/makeupatelier.ee\/pood\/wp-json\/wp\/v2\/product"}],"about":[{"href":"https:\/\/makeupatelier.ee\/pood\/wp-json\/wp\/v2\/types\/product"}],"replies":[{"embeddable":true,"href":"https:\/\/makeupatelier.ee\/pood\/wp-json\/wp\/v2\/comments?post=24574"}],"wp:featuredmedia":[{"embeddable":true,"href":"https:\/\/makeupatelier.ee\/pood\/wp-json\/wp\/v2\/media\/24573"}],"wp:attachment":[{"href":"https:\/\/makeupatelier.ee\/pood\/wp-json\/wp\/v2\/media?parent=24574"}],"wp:term":[{"taxonomy":"product_cat","embeddable":true,"href":"https:\/\/makeupatelier.ee\/pood\/wp-json\/wp\/v2\/product_cat?post=24574"},{"taxonomy":"product_tag","embeddable":true,"href":"https:\/\/makeupatelier.ee\/pood\/wp-json\/wp\/v2\/product_tag?post=24574"}],"curies":[{"name":"wp","href":"https:\/\/api.w.org\/{rel}","templated":true}]}}