{"id":24572,"date":"2024-09-05T14:06:47","date_gmt":"2024-09-05T11:06:47","guid":{"rendered":"http:\/\/makeupatelier.ee\/pood\/product\/luminous-skin-oil\/"},"modified":"2026-03-06T02:00:12","modified_gmt":"2026-03-06T00:00:12","slug":"luminous-skin-oil","status":"publish","type":"product","link":"https:\/\/makeupatelier.ee\/pood\/product\/luminous-skin-oil\/","title":{"rendered":"LUMINOUS SKIN OIL"},"content":{"rendered":"","protected":false},"excerpt":{"rendered":"<p>\u00d5LI MITME TOIMEGA<br \/>\nMeie Luminous Skin Oil on mitmeotstarbeline kuiv\u00f5li juustele, n\u00e4ole ja kehale. Rikastatud pehmendava ja toitva makadaamiap\u00e4hkli\u00f5liga, niisutava ja tasakaalustava mahep\u00f5llundusliku jojoba\u00f5liga, toniseeriva ja pehmendava mahemandli\u00f5liga, mahep\u00f5llundusliku sarapuup\u00e4hkli\u00f5liga ning E-vitamiiniga, mis on tuntud oma vananemisvastase toime poolest.<br \/>\nNiisutab, toidab ja taastab nahka ning juukseid, andes neile kauni siidise l\u00e4ike ilma rasvase tundeta, t\u00e4nu oma kuivale ja kergele tekstuurile. Sinu nahk ja juuksed on s\u00e4ravad ja hoolitsetud.<br \/>\nSobib ideaalselt ka segamiseks jumestuskreemiga, et saavutada eriti s\u00e4rav ja kumav l\u00f5pptulemus.<\/p>\n","protected":false},"featured_media":24571,"comment_status":"open","ping_status":"closed","template":"","meta":[],"product_cat":[213],"product_tag":[],"class_list":{"0":"post-24572","1":"product","2":"type-product","3":"status-publish","4":"has-post-thumbnail","6":"product_cat-praimerid","8":"first","9":"instock","10":"taxable","11":"shipping-taxable","12":"purchasable","13":"product-type-simple"},"aioseo_notices":[],"_links":{"self":[{"href":"https:\/\/makeupatelier.ee\/pood\/wp-json\/wp\/v2\/product\/24572","targetHints":{"allow":["GET"]}}],"collection":[{"href":"https:\/\/makeupatelier.ee\/pood\/wp-json\/wp\/v2\/product"}],"about":[{"href":"https:\/\/makeupatelier.ee\/pood\/wp-json\/wp\/v2\/types\/product"}],"replies":[{"embeddable":true,"href":"https:\/\/makeupatelier.ee\/pood\/wp-json\/wp\/v2\/comments?post=24572"}],"wp:featuredmedia":[{"embeddable":true,"href":"https:\/\/makeupatelier.ee\/pood\/wp-json\/wp\/v2\/media\/24571"}],"wp:attachment":[{"href":"https:\/\/makeupatelier.ee\/pood\/wp-json\/wp\/v2\/media?parent=24572"}],"wp:term":[{"taxonomy":"product_cat","embeddable":true,"href":"https:\/\/makeupatelier.ee\/pood\/wp-json\/wp\/v2\/product_cat?post=24572"},{"taxonomy":"product_tag","embeddable":true,"href":"https:\/\/makeupatelier.ee\/pood\/wp-json\/wp\/v2\/product_tag?post=24572"}],"curies":[{"name":"wp","href":"https:\/\/api.w.org\/{rel}","templated":true}]}}