{"id":24560,"date":"2024-09-05T14:06:35","date_gmt":"2024-09-05T11:06:35","guid":{"rendered":"http:\/\/makeupatelier.ee\/pood\/product\/balmain-matistav-pasta-100-ml\/"},"modified":"2026-03-03T11:41:32","modified_gmt":"2026-03-03T09:41:32","slug":"balmain-matistav-pasta-100-ml","status":"publish","type":"product","link":"https:\/\/makeupatelier.ee\/pood\/product\/balmain-matistav-pasta-100-ml\/","title":{"rendered":"BALMAIN Matistav pasta 100 ml"},"content":{"rendered":"<div class=\"woocommerce-tabs wc-tabs-wrapper\" style=\"clear: both; , sans-serif;font-size: 14px;\">\n<div id=\"tab-description\" class=\"woocommerce-Tabs-panel woocommerce-Tabs-panel--description panel entry-content wc-tab\" style=\"margin: 0px 0px 2em; padding: 0px;\" role=\"tabpanel\" aria-labelledby=\"tab-title-description\">\n<p><em><strong>Kasutamine:<\/strong>\u00a0h<\/em><em>\u00f5\u00f5ru toodet k\u00e4te vahel ja kanna kuivadele v\u00f5i niisketele juustele. Viimistle vastavalt soovile.<\/em><\/p>\n<div class=\"page\" title=\"Page 5\">\n<div class=\"section\">\n<div class=\"layoutArea\">\n<div class=\"column\">\n<p><em><strong>Moemaailma nipp:<\/strong>\u00a0Kasuta koos Argan Moisturizing Elixir\u2019iga, et lisada juustele pilkup\u00fc\u00fcdvat s\u00e4ra.<\/em><\/p>\n<p><em><strong>Koostis:<\/strong>\u00a0<\/em><em>Aqua, Petrolatum, Kaolin, Microcristallina Cera, Trilaureth-4 Phosphate, VP\/ VA Copolymer, Ceteareth-30, PEG-40 Hydrogenated Castor Oil, Glycerin, Cera Flava, Hydrogenated Coco-Glycerides, Sodium Benzoate, Argania Spinosa Kernel Oil, Silk Amino Acids, Panthenol, Polyquaternium-55, PEG-7 Glyceryl Cocoate, Caprylic\/Capric Triglyceride, Parfum, Dimethicone, Polyacrylamide, C13-14 Isoparaffin, Laureth-7, Citric Acid.<\/em><\/p>\n<\/div>\n<\/div>\n<\/div>\n<\/div>\n<\/div>\n<\/div>\n<section class=\"related products\" style=\"width: 817.796875px; max-width: 1100px; margin: 40px auto; padding: 15px; , sans-serif;font-size: 14px;\">\u00a0<\/section>\n","protected":false},"excerpt":{"rendered":"<p>Mati efektiga soengupasta on asendamatu abiline mistahes soengustiili loomisel ja kujundamisel! Siidja ja elastse tekstuuriga pasta aitab luua mitmesuguseid paindlikke soenguid ja stiile. Veega h\u00f5lpsasti mahapestav. Kindlustab loomuliku tulemuse. Siidiproteiin ja argaania\u00f5li stimuleerivad juustes optimaalse niiskustasakaalu s\u00e4ilimist \u2013 taastavad ja kaitsevad kahjustunud, kuivi ja n\u00f5rkasid juukseid keskkonnategurite kahjuliku m\u00f5ju eest. Balmaini l\u00f5hn. Sobib kasutamiseks nii meestele kui naistele.<\/p>\n<p>Kogus: 100 ml<\/p>\n","protected":false},"featured_media":24559,"comment_status":"open","ping_status":"closed","template":"","meta":[],"product_cat":[208],"product_tag":[],"class_list":{"0":"post-24560","1":"product","2":"type-product","3":"status-publish","4":"has-post-thumbnail","6":"product_cat-viimistlus","8":"first","9":"instock","10":"sale","11":"taxable","12":"shipping-taxable","13":"purchasable","14":"product-type-simple"},"aioseo_notices":[],"_links":{"self":[{"href":"https:\/\/makeupatelier.ee\/pood\/wp-json\/wp\/v2\/product\/24560","targetHints":{"allow":["GET"]}}],"collection":[{"href":"https:\/\/makeupatelier.ee\/pood\/wp-json\/wp\/v2\/product"}],"about":[{"href":"https:\/\/makeupatelier.ee\/pood\/wp-json\/wp\/v2\/types\/product"}],"replies":[{"embeddable":true,"href":"https:\/\/makeupatelier.ee\/pood\/wp-json\/wp\/v2\/comments?post=24560"}],"wp:featuredmedia":[{"embeddable":true,"href":"https:\/\/makeupatelier.ee\/pood\/wp-json\/wp\/v2\/media\/24559"}],"wp:attachment":[{"href":"https:\/\/makeupatelier.ee\/pood\/wp-json\/wp\/v2\/media?parent=24560"}],"wp:term":[{"taxonomy":"product_cat","embeddable":true,"href":"https:\/\/makeupatelier.ee\/pood\/wp-json\/wp\/v2\/product_cat?post=24560"},{"taxonomy":"product_tag","embeddable":true,"href":"https:\/\/makeupatelier.ee\/pood\/wp-json\/wp\/v2\/product_tag?post=24560"}],"curies":[{"name":"wp","href":"https:\/\/api.w.org\/{rel}","templated":true}]}}