{"id":24552,"date":"2024-09-05T11:06:29","date_gmt":"2024-09-05T11:06:29","guid":{"rendered":"http:\/\/makeupatelier.ee\/pood\/product\/magic-primer\/"},"modified":"2026-03-05T02:00:05","modified_gmt":"2026-03-05T00:00:05","slug":"magic-primer","status":"publish","type":"product","link":"https:\/\/makeupatelier.ee\/pood\/product\/magic-primer\/","title":{"rendered":"Magic Primer"},"content":{"rendered":"","protected":false},"excerpt":{"rendered":"<p>Magic Primer on mitmeti kasutatav innovaatiline toode, millega saab nahale moodustada vee- ja higikindla kihi. Toode on rikastatud niisutavate koostisosadega, millega saab intensiivsele jumestusele kauap\u00fcsiva p\u00f5hja luua. Samuti saab seda kasutada lauv\u00e4rvi ja glitterite kinnitamiseks.<br \/>\nPudeli otsik v\u00f5imaldab toodet tilga kaupa doseerida.<br \/>\nToode on l\u00f5hnatu.<\/p>\n<p>15 ml<\/p>\n","protected":false},"featured_media":24551,"comment_status":"open","ping_status":"closed","template":"","meta":[],"product_cat":[192],"product_tag":[],"class_list":{"0":"post-24552","1":"product","2":"type-product","3":"status-publish","4":"has-post-thumbnail","6":"product_cat-lisatooted","8":"first","9":"instock","10":"taxable","11":"shipping-taxable","12":"purchasable","13":"product-type-simple"},"aioseo_notices":[],"_links":{"self":[{"href":"https:\/\/makeupatelier.ee\/pood\/wp-json\/wp\/v2\/product\/24552","targetHints":{"allow":["GET"]}}],"collection":[{"href":"https:\/\/makeupatelier.ee\/pood\/wp-json\/wp\/v2\/product"}],"about":[{"href":"https:\/\/makeupatelier.ee\/pood\/wp-json\/wp\/v2\/types\/product"}],"replies":[{"embeddable":true,"href":"https:\/\/makeupatelier.ee\/pood\/wp-json\/wp\/v2\/comments?post=24552"}],"wp:featuredmedia":[{"embeddable":true,"href":"https:\/\/makeupatelier.ee\/pood\/wp-json\/wp\/v2\/media\/24551"}],"wp:attachment":[{"href":"https:\/\/makeupatelier.ee\/pood\/wp-json\/wp\/v2\/media?parent=24552"}],"wp:term":[{"taxonomy":"product_cat","embeddable":true,"href":"https:\/\/makeupatelier.ee\/pood\/wp-json\/wp\/v2\/product_cat?post=24552"},{"taxonomy":"product_tag","embeddable":true,"href":"https:\/\/makeupatelier.ee\/pood\/wp-json\/wp\/v2\/product_tag?post=24552"}],"curies":[{"name":"wp","href":"https:\/\/api.w.org\/{rel}","templated":true}]}}