{"id":24546,"date":"2024-09-05T14:06:28","date_gmt":"2024-09-05T11:06:28","guid":{"rendered":"http:\/\/makeupatelier.ee\/pood\/product\/balmain-tugev-juuksegeel-100-ml\/"},"modified":"2026-03-03T11:42:00","modified_gmt":"2026-03-03T09:42:00","slug":"balmain-tugev-juuksegeel-100-ml","status":"publish","type":"product","link":"https:\/\/makeupatelier.ee\/pood\/product\/balmain-tugev-juuksegeel-100-ml\/","title":{"rendered":"BALMAIN Tugev juuksegeel 100 ml"},"content":{"rendered":"<p style=\", sans-serif;font-size: 14px;\"><em><strong>Kasutamine:<\/strong>\u00a0k<\/em><em>anna v\u00e4ike kogus viimistlusgeeli s\u00f5rmeotstele, viimistle.<\/em><\/p>\n<div class=\"page\" style=\", sans-serif;font-size: 14px;\" title=\"Page 4\">\n<div class=\"section\">\n<div class=\"layoutArea\">\n<div class=\"column\">\n<p><em><strong>Soovitus:<\/strong>\u00a0Pikkadel juustel kauap\u00fcsiva sileda soengu saavutamiseks kammi \u00e4sjapestud juuksed kammiga l\u00e4bi. Seej\u00e4rel kanna peale Styling Gel Strong\u2019i ja kammi juuksed \u00fcle pea suunaga tahapoole, kuni saavutad soovitud tulemuse.<\/em><\/p>\n<p><em><strong>Koostis:<\/strong>\u00a0<\/em><em>Aqua, VP\/VA Copolymer, Alcohol, Butylene Glycol, Polysorbate 20, Argania Spinosa Kernel Oil, Silk Amino Acids, Panthenol, Parfum, Polyquaternium-11, Acrylates\/C10-30 Alkyl Acrylate Crosspolymer, Phenoxyethanol, Ethylhexylglycerin, Aminomethyl Propanol.<\/em><\/p>\n<\/div>\n<\/div>\n<\/div>\n<\/div>\n","protected":false},"excerpt":{"rendered":"<p>Viimistlusgeel<\/p>\n<p>Tugev viimistlusgeel annab soengule maksimaalse hoidvuse. Kerge tekstuuriga geel pakub loominguvabadust trendikate ning kauap\u00fcsivate soengute loomisel. Veega h\u00f5lpsasti mahapestav. Siidiproteiin ja argaania\u00f5li stimuleerivad juustes optimaalse niiskustasakaalu s\u00e4ilimist \u2013 taastavad ja kaitsevad kahjustunud, kuivi ja n\u00f5rkasid juukseid keskkonnategurite kahjuliku m\u00f5ju eest. Balmaini sigrnatuurl\u00f5hnaga.<\/p>\n<p>Kogus: 100 ml<\/p>\n","protected":false},"featured_media":24545,"comment_status":"open","ping_status":"closed","template":"","meta":[],"product_cat":[208],"product_tag":[],"class_list":{"0":"post-24546","1":"product","2":"type-product","3":"status-publish","4":"has-post-thumbnail","6":"product_cat-viimistlus","8":"first","9":"instock","10":"sale","11":"taxable","12":"shipping-taxable","13":"purchasable","14":"product-type-simple"},"aioseo_notices":[],"_links":{"self":[{"href":"https:\/\/makeupatelier.ee\/pood\/wp-json\/wp\/v2\/product\/24546","targetHints":{"allow":["GET"]}}],"collection":[{"href":"https:\/\/makeupatelier.ee\/pood\/wp-json\/wp\/v2\/product"}],"about":[{"href":"https:\/\/makeupatelier.ee\/pood\/wp-json\/wp\/v2\/types\/product"}],"replies":[{"embeddable":true,"href":"https:\/\/makeupatelier.ee\/pood\/wp-json\/wp\/v2\/comments?post=24546"}],"wp:featuredmedia":[{"embeddable":true,"href":"https:\/\/makeupatelier.ee\/pood\/wp-json\/wp\/v2\/media\/24545"}],"wp:attachment":[{"href":"https:\/\/makeupatelier.ee\/pood\/wp-json\/wp\/v2\/media?parent=24546"}],"wp:term":[{"taxonomy":"product_cat","embeddable":true,"href":"https:\/\/makeupatelier.ee\/pood\/wp-json\/wp\/v2\/product_cat?post=24546"},{"taxonomy":"product_tag","embeddable":true,"href":"https:\/\/makeupatelier.ee\/pood\/wp-json\/wp\/v2\/product_tag?post=24546"}],"curies":[{"name":"wp","href":"https:\/\/api.w.org\/{rel}","templated":true}]}}