{"id":24544,"date":"2024-09-05T14:06:25","date_gmt":"2024-09-05T11:06:25","guid":{"rendered":"http:\/\/makeupatelier.ee\/pood\/product\/balmain-juukseparfuum-hair-perfume-100ml\/"},"modified":"2026-03-03T11:43:22","modified_gmt":"2026-03-03T09:43:22","slug":"balmain-juukseparfuum-hair-perfume-100ml","status":"publish","type":"product","link":"https:\/\/makeupatelier.ee\/pood\/product\/balmain-juukseparfuum-hair-perfume-100ml\/","title":{"rendered":"BALMAIN juukseparf\u00fc\u00fcm (Hair Perfume) 100ml"},"content":{"rendered":"<p style=\", sans-serif;font-size: 14px;\"><i>Teekonnal vabadusse, juhatatakse sind t\u00e4iuslikku suvep\u00e4eva. Selle l\u00f5hn avaldub sinu juustel lummava t\u00e4htaniisi, estragoni, m\u00e4nnipuu, virskiu\u00f5ie, vaarika, gardemoni, apelsini \u00f5ite, nelgi, jasmiini, roosi, ylang-ylangi, aprikoosi, sireli, merevaigu, vanilje, sandlipuu, seedripuu, valge muskuse ja balsamiku seguna.\u00a0<\/i><\/p>\n<p style=\", sans-serif;font-size: 14px;\"><strong><em>Kasutamine:\u00a0<\/em><\/strong><em>Pihusta toodet otse juustele 25\u201330 cm kauguselt. V\u00f5id pihustada ka harjale, seej\u00e4rel juukseid kammides. Kingib juustele erilise s\u00e4ra ja meeldiva aroomi.\u00a0<\/em><\/p>\n<div class=\"page\" style=\", sans-serif;font-size: 14px;\" title=\"Page 15\">\n<div class=\"section\">\n<div class=\"layoutArea\">\n<div class=\"column\">\n<p><strong><em>Koostis:\u00a0<\/em><\/strong><em>Alcohol Denat. (SD Alcohol 39-C), Parfum (Fragrance), Aqua (Water), Argania Spinosa (Argan) Kernel Oil, Silk Amino Acids, Ethylhexyl Methoxycinnamate, Benzoic Acid, Limonene<\/em><\/p>\n<\/div>\n<\/div>\n<\/div>\n<\/div>\n","protected":false},"excerpt":{"rendered":"<p>Juukseparf\u00fc\u00fcm<\/p>\n<p>Balmain Paris Hair Couture tutvustab Sulle juukseparf\u00fc\u00fcmi: delikaatset juukseudu, mis ergutab meeli ning kingib v\u00e4rske ja harmoonilise aroomi.<\/p>\n<p>Tagab kauakestva l\u00e4ike ja kaitse v\u00e4lism\u00f5jude eest. Siidiproteiin ja argaania\u00f5li s\u00e4ilitavad optimaalse niiskustaseme juustes, parandavad ja kaitsevad kahjustunud, kuivi ja n\u00f5rkasid juukseid kahjuliku keskkonnam\u00f5ju eest. Muudab juuksed l\u00e4ikivaks ja s\u00e4ravaks.<\/p>\n<p>\u2022 Balmain Hair Couture signatuurl\u00f5hn selle puhtamail kujul<br \/>\n\u2022 Sisaldab orgaanilist argaania\u00f5li ja siidiproteiini.<br \/>\n\u2022 Luksusliku musta v\u00e4rvi l\u00f5hnapihustiga, tagamaks eriti peene pealekandmise!<\/p>\n<p>Kogus: 100 ml<\/p>\n","protected":false},"featured_media":24543,"comment_status":"open","ping_status":"closed","template":"","meta":[],"product_cat":[210],"product_tag":[],"class_list":{"0":"post-24544","1":"product","2":"type-product","3":"status-publish","4":"has-post-thumbnail","6":"product_cat-kinkekomplektid","8":"first","9":"instock","10":"sale","11":"taxable","12":"shipping-taxable","13":"purchasable","14":"product-type-simple"},"aioseo_notices":[],"_links":{"self":[{"href":"https:\/\/makeupatelier.ee\/pood\/wp-json\/wp\/v2\/product\/24544","targetHints":{"allow":["GET"]}}],"collection":[{"href":"https:\/\/makeupatelier.ee\/pood\/wp-json\/wp\/v2\/product"}],"about":[{"href":"https:\/\/makeupatelier.ee\/pood\/wp-json\/wp\/v2\/types\/product"}],"replies":[{"embeddable":true,"href":"https:\/\/makeupatelier.ee\/pood\/wp-json\/wp\/v2\/comments?post=24544"}],"wp:featuredmedia":[{"embeddable":true,"href":"https:\/\/makeupatelier.ee\/pood\/wp-json\/wp\/v2\/media\/24543"}],"wp:attachment":[{"href":"https:\/\/makeupatelier.ee\/pood\/wp-json\/wp\/v2\/media?parent=24544"}],"wp:term":[{"taxonomy":"product_cat","embeddable":true,"href":"https:\/\/makeupatelier.ee\/pood\/wp-json\/wp\/v2\/product_cat?post=24544"},{"taxonomy":"product_tag","embeddable":true,"href":"https:\/\/makeupatelier.ee\/pood\/wp-json\/wp\/v2\/product_tag?post=24544"}],"curies":[{"name":"wp","href":"https:\/\/api.w.org\/{rel}","templated":true}]}}