{"id":24533,"date":"2024-09-05T11:05:59","date_gmt":"2024-09-05T11:05:59","guid":{"rendered":"http:\/\/makeupatelier.ee\/pood\/product\/pintsel-pbs\/"},"modified":"2025-09-26T03:00:07","modified_gmt":"2025-09-26T00:00:07","slug":"pintsel-pbs","status":"publish","type":"product","link":"https:\/\/makeupatelier.ee\/pood\/product\/pintsel-pbs\/","title":{"rendered":"Pintsel PBS"},"content":{"rendered":"","protected":false},"excerpt":{"rendered":"<p>S\u00fcnteetiliste harjastega, kaldnurgaga meigipintsel, mis sobib h\u00e4sti lainerijoone tegemiseks, kuid ka kulmude modelleerimiseks. Eriti j\u00e4ik harjas sobib h\u00e4sti kulmude vormi viimistlemiseks ja v\u00f5imalike t\u00fchimike t\u00e4itmiseks (teha kulmude vahele \u00f5rnu karvu imiteerivaid t\u00f5mbeid).<\/p>\n","protected":false},"featured_media":24532,"comment_status":"open","ping_status":"closed","template":"","meta":[],"product_cat":[201],"product_tag":[],"class_list":{"0":"post-24533","1":"product","2":"type-product","3":"status-publish","4":"has-post-thumbnail","6":"product_cat-pintslid","8":"first","9":"instock","10":"taxable","11":"shipping-taxable","12":"purchasable","13":"product-type-simple"},"aioseo_notices":[],"_links":{"self":[{"href":"https:\/\/makeupatelier.ee\/pood\/wp-json\/wp\/v2\/product\/24533","targetHints":{"allow":["GET"]}}],"collection":[{"href":"https:\/\/makeupatelier.ee\/pood\/wp-json\/wp\/v2\/product"}],"about":[{"href":"https:\/\/makeupatelier.ee\/pood\/wp-json\/wp\/v2\/types\/product"}],"replies":[{"embeddable":true,"href":"https:\/\/makeupatelier.ee\/pood\/wp-json\/wp\/v2\/comments?post=24533"}],"wp:featuredmedia":[{"embeddable":true,"href":"https:\/\/makeupatelier.ee\/pood\/wp-json\/wp\/v2\/media\/24532"}],"wp:attachment":[{"href":"https:\/\/makeupatelier.ee\/pood\/wp-json\/wp\/v2\/media?parent=24533"}],"wp:term":[{"taxonomy":"product_cat","embeddable":true,"href":"https:\/\/makeupatelier.ee\/pood\/wp-json\/wp\/v2\/product_cat?post=24533"},{"taxonomy":"product_tag","embeddable":true,"href":"https:\/\/makeupatelier.ee\/pood\/wp-json\/wp\/v2\/product_tag?post=24533"}],"curies":[{"name":"wp","href":"https:\/\/api.w.org\/{rel}","templated":true}]}}