{"id":24531,"date":"2024-09-05T14:05:56","date_gmt":"2024-09-05T11:05:56","guid":{"rendered":"http:\/\/makeupatelier.ee\/pood\/product\/contouring-palett-10\/"},"modified":"2025-11-06T12:17:12","modified_gmt":"2025-11-06T10:17:12","slug":"contouring-palett-10","status":"publish","type":"product","link":"https:\/\/makeupatelier.ee\/pood\/product\/contouring-palett-10\/","title":{"rendered":"CONTOURING PALETT 10"},"content":{"rendered":"<section class=\"page-product-box\" style=\"margin-bottom: 60px;\">\n<div class=\"panel\" style=\"margin-bottom: 20px;\">\n<p style=\"margin: 0px 0px 10px; text-align: justify;\">\n<\/div>\n<\/section>\n<section class=\"page-product-box\" style=\"margin-bottom: 60px;\">\n<section id=\"netreviews_reviews_tab\" class=\"tab-pane tab_media \" style=\"font-family: Nunito, Arial, Helvetica, sans-serif; overflow: hidden; margin: 0px auto; padding: 0px; width: 1144px; position: relative; max-width: 1300px;\">\n<div>\n<div class=\"netreviews_reviews_section\" style=\"width: 1144px; padding: 0px; margin: 0px; font-size: 16px;\"><\/div>\n<\/div>\n<\/section>\n<\/section>\n","protected":false},"excerpt":{"rendered":"<p>Professionaalne kontuurimispalett 10 tooniga. Palett sisaldab 5 heledat ja 5 modelleerivat tooni, mis sobivad k\u00f5ikidele nahatoonidele \u2014 k\u00f5ikidele nahatoonidele. Ideaalne kontuurimispalett n\u00e4ojoonte modelleerimiseks. Talc- ja silikooniga t\u00f6\u00f6deldud pigmendid tagavad pehme, veatu -ja kauap\u00fcsiva tulemuse. Matid ja satiinsed toonid.<br \/>\nK\u00f5ik vajalik \u00fches kompaktses paletis.<\/p>\n","protected":false},"featured_media":24530,"comment_status":"open","ping_status":"closed","template":"","meta":[],"product_cat":[203],"product_tag":[],"class_list":{"0":"post-24531","1":"product","2":"type-product","3":"status-publish","4":"has-post-thumbnail","6":"product_cat-modelleering","8":"first","9":"instock","10":"sale","11":"taxable","12":"shipping-taxable","13":"purchasable","14":"product-type-simple"},"aioseo_notices":[],"_links":{"self":[{"href":"https:\/\/makeupatelier.ee\/pood\/wp-json\/wp\/v2\/product\/24531","targetHints":{"allow":["GET"]}}],"collection":[{"href":"https:\/\/makeupatelier.ee\/pood\/wp-json\/wp\/v2\/product"}],"about":[{"href":"https:\/\/makeupatelier.ee\/pood\/wp-json\/wp\/v2\/types\/product"}],"replies":[{"embeddable":true,"href":"https:\/\/makeupatelier.ee\/pood\/wp-json\/wp\/v2\/comments?post=24531"}],"wp:featuredmedia":[{"embeddable":true,"href":"https:\/\/makeupatelier.ee\/pood\/wp-json\/wp\/v2\/media\/24530"}],"wp:attachment":[{"href":"https:\/\/makeupatelier.ee\/pood\/wp-json\/wp\/v2\/media?parent=24531"}],"wp:term":[{"taxonomy":"product_cat","embeddable":true,"href":"https:\/\/makeupatelier.ee\/pood\/wp-json\/wp\/v2\/product_cat?post=24531"},{"taxonomy":"product_tag","embeddable":true,"href":"https:\/\/makeupatelier.ee\/pood\/wp-json\/wp\/v2\/product_tag?post=24531"}],"curies":[{"name":"wp","href":"https:\/\/api.w.org\/{rel}","templated":true}]}}