{"id":24527,"date":"2024-09-05T14:05:52","date_gmt":"2024-09-05T11:05:52","guid":{"rendered":"http:\/\/makeupatelier.ee\/pood\/product\/balmain-professional-infrared-blowdryer\/"},"modified":"2025-07-10T03:37:30","modified_gmt":"2025-07-10T00:37:30","slug":"balmain-professional-infrared-blowdryer","status":"publish","type":"product","link":"https:\/\/makeupatelier.ee\/pood\/product\/balmain-professional-infrared-blowdryer\/","title":{"rendered":"BALMAIN Professional Infrared Blowdryer"},"content":{"rendered":"<p style=\", sans-serif;font-size: 14px\"><i>Infrapuna kuumus kuivatab juukseid seepoolt, v\u00e4hendades juuste kahjustumist ja kuivatamisele kuluvat aega. Infrapuna valgus aitab \u00fchtlasi parandada nahaalust vereringet ja seel\u00e4bi v\u00e4hendab juuste v\u00e4ljalangemist. Sisse-ehitatud uuenduslik negatiivsetel ioonidel p\u00f5hineva tehnoloogia parandavab aga juuksestruktuuri, sulgedes juuste v\u00e4limist (kutiikul) kihti, lukustades vajaliku niiskuse ja eemaldades kahu. Infrapuna f\u00f6\u00f6n seob juustes niiskuse, mille l\u00e4bi juuksed muutuvad s\u00e4ravamaks ja on vastupidavamad ilmastiku kahjustava m\u00f5ju suhtes. Tulemuseks pehmed, siidised ja s\u00e4ravad juuksed kiiremini kui iial varem.&nbsp;<\/i><\/p>\n<p style=\", sans-serif;font-size: 14px\"><i>\u201dBalmain&nbsp;Paris&nbsp;Hair&nbsp;Couture&nbsp;infrared&nbsp;blow&nbsp;dryer,&nbsp;<\/i><i>the&nbsp;healthy&nbsp;way&nbsp;of&nbsp;drying&nbsp;hair.\u201d<\/i><\/p>\n","protected":false},"excerpt":{"rendered":"<p>Infrapuna juuksef\u00f6\u00f6n ioonidel p\u00f5hineva tehnoloogiaga<\/p>\n<p>35% kiirem juuste kuivatamine<br \/>\ninfrapuna valgus<br \/>\nNegatiivsed ioonid<br \/>\nEraldi k\u00fclmanupp<\/p>\n","protected":false},"featured_media":24526,"comment_status":"open","ping_status":"closed","template":"","meta":[],"product_cat":[209],"product_tag":[],"class_list":{"0":"post-24527","1":"product","2":"type-product","3":"status-publish","4":"has-post-thumbnail","6":"product_cat-elektroonika","8":"first","9":"instock","10":"taxable","11":"shipping-taxable","12":"purchasable","13":"product-type-simple"},"aioseo_notices":[],"_links":{"self":[{"href":"https:\/\/makeupatelier.ee\/pood\/wp-json\/wp\/v2\/product\/24527","targetHints":{"allow":["GET"]}}],"collection":[{"href":"https:\/\/makeupatelier.ee\/pood\/wp-json\/wp\/v2\/product"}],"about":[{"href":"https:\/\/makeupatelier.ee\/pood\/wp-json\/wp\/v2\/types\/product"}],"replies":[{"embeddable":true,"href":"https:\/\/makeupatelier.ee\/pood\/wp-json\/wp\/v2\/comments?post=24527"}],"wp:featuredmedia":[{"embeddable":true,"href":"https:\/\/makeupatelier.ee\/pood\/wp-json\/wp\/v2\/media\/24526"}],"wp:attachment":[{"href":"https:\/\/makeupatelier.ee\/pood\/wp-json\/wp\/v2\/media?parent=24527"}],"wp:term":[{"taxonomy":"product_cat","embeddable":true,"href":"https:\/\/makeupatelier.ee\/pood\/wp-json\/wp\/v2\/product_cat?post=24527"},{"taxonomy":"product_tag","embeddable":true,"href":"https:\/\/makeupatelier.ee\/pood\/wp-json\/wp\/v2\/product_tag?post=24527"}],"curies":[{"name":"wp","href":"https:\/\/api.w.org\/{rel}","templated":true}]}}