{"id":24519,"date":"2024-09-05T14:05:45","date_gmt":"2024-09-05T11:05:45","guid":{"rendered":"http:\/\/makeupatelier.ee\/pood\/product\/travel-moisturizing-conditioner\/"},"modified":"2026-03-05T02:00:06","modified_gmt":"2026-03-05T00:00:06","slug":"travel-moisturizing-conditioner","status":"publish","type":"product","link":"https:\/\/makeupatelier.ee\/pood\/product\/travel-moisturizing-conditioner\/","title":{"rendered":"Travel Moisturizing Conditioner"},"content":{"rendered":"<p style=\", sans-serif;font-size: 14px\"><em>NIISUTAV TOOTESARI<\/em><\/p>\n<p style=\", sans-serif;font-size: 14px\"><em>Niisutav palsam kuulub s\u00fcgavuti niisutava tootesarja valikusse, mille tooted on v\u00e4lja t\u00f6\u00f6tatud normaalsetele ja v\u00e4rvitud juustele. Sari on rikastatud puhta orgaanilise argaania\u00f5liga, mis taastab ja kaitseb juukseid, andes neile naturaalse s\u00e4ra ja elastsuse. Sarja tooted on parabeenide vaba.<\/em><\/p>\n<p style=\", sans-serif;font-size: 14px\"><em>Niisutava sarja hooldusvahendid on rikastatud parimate koostisosadega saavutamaks juustele optimaalne tulemus. UV- kaitse lisab juustele kaitset UV \u2013 kiirguse vastu, laskmata juuste v\u00e4rvusel tuhmuda. V\u00e4ritud juustele annab see kauap\u00fcsiva v\u00e4rske tulemuse ja briljantse s\u00e4ra. Provitamiin B5 aitab parandada niiskuse s\u00e4ilivust, juuste elastsust ja paindlikkust. See rahustab \u00fchtlasi \u00e4rritunud ja \u00f5rna peanahka, muutes juukseid pehmemaks ja lisades rikkalikku s\u00e4ra. Toimeaine ergutab juukseid veel ekstra B vitmaiiniga, muutes juukseid tihedamaks ja stimuleerides juuste kasvu.&nbsp;<\/em><\/p>\n<p style=\", sans-serif;font-size: 14px\"><em><strong>Kasutamine:<\/strong>&nbsp;<\/em><em>Kanna r\u00e4tikukuivadele juustele, masseeri \u00f5rnalt 3 minuti jooksul, seej\u00e4rel loputa hoolikalt.<\/em><\/p>\n<p style=\", sans-serif;font-size: 14px\"><em><strong>Soovitus:<\/strong>&nbsp;Kanna juuste keskosale kuni otsteni v\u00e4lja, hoia 3 minutit, loputa.<\/em><\/p>\n<p style=\", sans-serif;font-size: 14px\"><em><strong>Koostis:<\/strong>&nbsp;<\/em><em>Aqua, Cetearyl Alcohol, Behentrimonium Chloride, Dipalmitoylethyl Hydroxyethylmonium Methosulfate , Bis-Diglyceryl Polyacyladipate-2, Cetrimonium Chloride, Argania Spinosa Kernel Oil, Silk Amino Acids, Panthenol, Dimethylpabamidopropyl Lauryldimonium Tosylate, Propylene Glycol Stearate, Ceteareth-20, Quaternium-80, Polyquaternium-16, Ethylhexyl Methoxycinnamate, Phenoxyethanol, Ethylhexylglycerin, Parfum, Citric Acid.<\/em><\/p>\n","protected":false},"excerpt":{"rendered":"<p>Niisutav palsam <\/p>\n<p>Juukseid taastav ja rikkalikult toitev palsam on rikastatud puhta orgaanilise argaania\u00f5liga. Parandab, tugevdab ja kaitseb. Teeb juuksed kergemini k\u00e4sitletavaks ja lisab s\u00e4ra. Siidiproteiin ja argaania\u00f5li s\u00e4ilitavad optimaalse niiskustaseme juustes, parandavad ja kaitsevad kahjustunud, kuivi ja n\u00f5rkasid juukseid kahjuliku keskkonnam\u00f5ju eest. Balmaini signatuurl\u00f5hnaga. Parabeenivaba.<\/p>\n<p>Kogus: 50 ml<\/p>\n","protected":false},"featured_media":24518,"comment_status":"open","ping_status":"closed","template":"","meta":[],"product_cat":[207],"product_tag":[],"class_list":{"0":"post-24519","1":"product","2":"type-product","3":"status-publish","4":"has-post-thumbnail","6":"product_cat-hooldus","8":"first","9":"instock","10":"taxable","11":"shipping-taxable","12":"purchasable","13":"product-type-simple"},"aioseo_notices":[],"_links":{"self":[{"href":"https:\/\/makeupatelier.ee\/pood\/wp-json\/wp\/v2\/product\/24519","targetHints":{"allow":["GET"]}}],"collection":[{"href":"https:\/\/makeupatelier.ee\/pood\/wp-json\/wp\/v2\/product"}],"about":[{"href":"https:\/\/makeupatelier.ee\/pood\/wp-json\/wp\/v2\/types\/product"}],"replies":[{"embeddable":true,"href":"https:\/\/makeupatelier.ee\/pood\/wp-json\/wp\/v2\/comments?post=24519"}],"wp:featuredmedia":[{"embeddable":true,"href":"https:\/\/makeupatelier.ee\/pood\/wp-json\/wp\/v2\/media\/24518"}],"wp:attachment":[{"href":"https:\/\/makeupatelier.ee\/pood\/wp-json\/wp\/v2\/media?parent=24519"}],"wp:term":[{"taxonomy":"product_cat","embeddable":true,"href":"https:\/\/makeupatelier.ee\/pood\/wp-json\/wp\/v2\/product_cat?post=24519"},{"taxonomy":"product_tag","embeddable":true,"href":"https:\/\/makeupatelier.ee\/pood\/wp-json\/wp\/v2\/product_tag?post=24519"}],"curies":[{"name":"wp","href":"https:\/\/api.w.org\/{rel}","templated":true}]}}