{"id":24517,"date":"2024-09-05T14:05:42","date_gmt":"2024-09-05T11:05:42","guid":{"rendered":"http:\/\/makeupatelier.ee\/pood\/product\/tolmpuuder\/"},"modified":"2026-03-05T02:00:05","modified_gmt":"2026-03-05T00:00:05","slug":"tolmpuuder","status":"publish","type":"product","link":"https:\/\/makeupatelier.ee\/pood\/product\/tolmpuuder\/","title":{"rendered":"Tolmpuuder 24g"},"content":{"rendered":"<p style=\"font-size: 16px;margin: 0px 0px 10px;, sans-serif;text-align: justify\"><strong>Extra fine loose powder<\/strong>&nbsp;composed of pigments and&nbsp;<strong>mineral powders<\/strong>. Excellent<strong>&nbsp;fixation of the complexion<\/strong>, natural and transparent result. The hollow silica beads absorb the sebum and&nbsp;<strong>suppress the shine<\/strong>&nbsp;while preserving the transparency of the complexion.<\/p>\n<p style=\"margin: 0px;font-size: 10.1px;line-height: normal;font-family: Arial\">&nbsp;<\/p>\n","protected":false},"excerpt":{"rendered":"<p>Tolmpuuder (toon: Clear Transparent) kinnitub h\u00e4sti nahale j\u00e4ttes loomuliku mati tulemuse. Puudri koostises olev r\u00e4nipulber imab kergesti rasu ja kaotab l\u00e4ike.<br \/>\nKanna peale puurdipadjaga ning eemalda liigne pintsliga.<\/p>\n<p>24 g<\/p>\n","protected":false},"featured_media":24516,"comment_status":"open","ping_status":"closed","template":"","meta":[],"product_cat":[195],"product_tag":[],"class_list":{"0":"post-24517","1":"product","2":"type-product","3":"status-publish","4":"has-post-thumbnail","6":"product_cat-puudrid","8":"first","9":"instock","10":"taxable","11":"shipping-taxable","12":"purchasable","13":"product-type-simple"},"aioseo_notices":[],"_links":{"self":[{"href":"https:\/\/makeupatelier.ee\/pood\/wp-json\/wp\/v2\/product\/24517","targetHints":{"allow":["GET"]}}],"collection":[{"href":"https:\/\/makeupatelier.ee\/pood\/wp-json\/wp\/v2\/product"}],"about":[{"href":"https:\/\/makeupatelier.ee\/pood\/wp-json\/wp\/v2\/types\/product"}],"replies":[{"embeddable":true,"href":"https:\/\/makeupatelier.ee\/pood\/wp-json\/wp\/v2\/comments?post=24517"}],"wp:featuredmedia":[{"embeddable":true,"href":"https:\/\/makeupatelier.ee\/pood\/wp-json\/wp\/v2\/media\/24516"}],"wp:attachment":[{"href":"https:\/\/makeupatelier.ee\/pood\/wp-json\/wp\/v2\/media?parent=24517"}],"wp:term":[{"taxonomy":"product_cat","embeddable":true,"href":"https:\/\/makeupatelier.ee\/pood\/wp-json\/wp\/v2\/product_cat?post=24517"},{"taxonomy":"product_tag","embeddable":true,"href":"https:\/\/makeupatelier.ee\/pood\/wp-json\/wp\/v2\/product_tag?post=24517"}],"curies":[{"name":"wp","href":"https:\/\/api.w.org\/{rel}","templated":true}]}}