{"id":26326,"date":"2024-10-05T12:21:51","date_gmt":"2024-10-05T12:21:51","guid":{"rendered":"http:\/\/makeupatelier.ee\/pood\/?page_id=26326"},"modified":"2024-10-09T18:20:35","modified_gmt":"2024-10-09T15:20:35","slug":"kuidas-valida-oige-jumestuskeemi-toon","status":"publish","type":"page","link":"https:\/\/makeupatelier.ee\/pood\/kuidas-valida-oige-jumestuskeemi-toon\/","title":{"rendered":"Kuidas valida \u00d5ige jumestuskeemi toon"},"content":{"rendered":"\t\t<div data-elementor-type=\"wp-page\" data-elementor-id=\"26326\" class=\"elementor elementor-26326\">\n\t\t\t\t\n\n<div class=\"elementor-element elementor-element-8ed4dd3 e-flex e-con-boxed e-con e-parent\" data-id=\"8ed4dd3\" data-element_type=\"container\">\n\t\t\t\t\t<div class=\"e-con-inner\">\n\t\t\t\t<div class=\"elementor-element elementor-element-bbf6e91 elementor-widget elementor-widget-text-editor\" data-id=\"bbf6e91\" data-element_type=\"widget\" data-widget_type=\"text-editor.default\">\n\t\t\t\t<div class=\"elementor-widget-container\">\n\t\t\t<style>\/*! elementor - v3.23.0 - 05-08-2024 *\/\n.elementor-widget-text-editor.elementor-drop-cap-view-stacked .elementor-drop-cap{background-color:#69727d;color:#fff}.elementor-widget-text-editor.elementor-drop-cap-view-framed .elementor-drop-cap{color:#69727d;border:3px solid;background-color:transparent}.elementor-widget-text-editor:not(.elementor-drop-cap-view-default) .elementor-drop-cap{margin-top:8px}.elementor-widget-text-editor:not(.elementor-drop-cap-view-default) .elementor-drop-cap-letter{width:1em;height:1em}.elementor-widget-text-editor .elementor-drop-cap{float:left;text-align:center;line-height:1;font-size:50px}.elementor-widget-text-editor .elementor-drop-cap-letter{display:inline-block}<\/style>\t\t\t\t<h5><strong>Tumedusastme m\u00e4\u00e4rab tootekoodis number<\/strong><\/h5><p><strong><em>nr1-k\u00f5ige heledam, n<\/em><em>r6-k\u00f5ige tumedam<\/em><\/strong><\/p><h5><strong>Naha alatooni t\u00e4hised MAKE-UP ATELIER PARIS profimeigi sarjas:<\/strong><\/h5><p><em><strong>B (Beige)-<\/strong>sobib k\u00fclmema alatooniga nahale<\/em><\/p><p><em><strong>NB (Neutral Beige)\u2013 <\/strong>sobib punetavale nahale. Sisaldab rohkem rohelist pigmenti, mis sobib h\u00e4sti punetava naha neutaliseerimiseks ja \u00fchtlustamiseks<\/em><\/p><p><strong>Y (Yellow)<\/strong><em><strong>\u2013 <\/strong>sobib soojema alatooniga nahale<\/em><\/p><p><em><strong>A (Apricot)\u2013 <\/strong>sobib k\u00fcpsele ja tuhmile nahale, muutes naha tervemaks ja elavamaks<\/em><\/p><p><em><strong>O (Ocher)\u2013 <\/strong>oraan\u017eika alatooniga nahale (jumekale nahale)<\/em><\/p>\t\t\t\t\t\t<\/div>\n\t\t\t\t<\/div>\n\t\t\t\t\t<\/div>\n\t\t\t\t<\/div>\n\t\t<div class=\"elementor-element elementor-element-4cf77cf e-flex e-con-boxed e-con e-parent\" data-id=\"4cf77cf\" data-element_type=\"container\">\n\t\t\t\t\t<div class=\"e-con-inner\">\n\t\t\t\t<div class=\"elementor-element elementor-element-a272962 elementor-widget elementor-widget-image\" data-id=\"a272962\" data-element_type=\"widget\" data-widget_type=\"image.default\">\n\t\t\t\t<div class=\"elementor-widget-container\">\n\t\t\t<style>\/*! elementor - v3.23.0 - 05-08-2024 *\/\n.elementor-widget-image{text-align:center}.elementor-widget-image a{display:inline-block}.elementor-widget-image a img[src$=\".svg\"]{width:48px}.elementor-widget-image img{vertical-align:middle;display:inline-block}<\/style>\t\t\t\t\t\t\t\t\t\t<img decoding=\"async\" src=\"https:\/\/makeupatelier.ee\/pood\/wp-content\/uploads\/elementor\/thumbs\/IMG_9450-2-qs7nfsdrslmxc50klotaboozzur939lawkfzqekzq2.png\" title=\"IMG_9450 2\" alt=\"IMG_9450 2\" loading=\"lazy\" \/>\t\t\t\t\t\t\t\t\t\t\t\t\t<\/div>\n\t\t\t\t<\/div>\n\t\t\t\t\t<\/div>\n\t\t\t\t<\/div>\n\t\t\t\t<\/div>\n\t\t","protected":false},"excerpt":{"rendered":"<p>Tumedusastme m\u00e4\u00e4rab tootekoodis number nr1-k\u00f5ige heledam, nr6-k\u00f5ige tumedam Naha alatooni t\u00e4hised MAKE-UP ATELIER PARIS profimeigi sarjas: B (Beige)-sobib k\u00fclmema alatooniga nahale NB (Neutral Beige)\u2013 sobib punetavale nahale. Sisaldab rohkem rohelist pigmenti, mis sobib h\u00e4sti punetava naha neutaliseerimiseks ja \u00fchtlustamiseks Y (Yellow)\u2013 sobib soojema alatooniga nahale A (Apricot)\u2013 sobib k\u00fcpsele ja tuhmile nahale, muutes naha tervemaks [&hellip;]<\/p>\n","protected":false},"author":1,"featured_media":23053,"parent":0,"menu_order":0,"comment_status":"closed","ping_status":"closed","template":"elementor_canvas","meta":{"footnotes":""},"class_list":["post-26326","page","type-page","status-publish","has-post-thumbnail","hentry"],"aioseo_notices":[],"_links":{"self":[{"href":"https:\/\/makeupatelier.ee\/pood\/wp-json\/wp\/v2\/pages\/26326","targetHints":{"allow":["GET"]}}],"collection":[{"href":"https:\/\/makeupatelier.ee\/pood\/wp-json\/wp\/v2\/pages"}],"about":[{"href":"https:\/\/makeupatelier.ee\/pood\/wp-json\/wp\/v2\/types\/page"}],"author":[{"embeddable":true,"href":"https:\/\/makeupatelier.ee\/pood\/wp-json\/wp\/v2\/users\/1"}],"replies":[{"embeddable":true,"href":"https:\/\/makeupatelier.ee\/pood\/wp-json\/wp\/v2\/comments?post=26326"}],"version-history":[{"count":5,"href":"https:\/\/makeupatelier.ee\/pood\/wp-json\/wp\/v2\/pages\/26326\/revisions"}],"predecessor-version":[{"id":26984,"href":"https:\/\/makeupatelier.ee\/pood\/wp-json\/wp\/v2\/pages\/26326\/revisions\/26984"}],"wp:featuredmedia":[{"embeddable":true,"href":"https:\/\/makeupatelier.ee\/pood\/wp-json\/wp\/v2\/media\/23053"}],"wp:attachment":[{"href":"https:\/\/makeupatelier.ee\/pood\/wp-json\/wp\/v2\/media?parent=26326"}],"curies":[{"name":"wp","href":"https:\/\/api.w.org\/{rel}","templated":true}]}}