{"id":24395,"date":"2024-09-03T06:38:49","date_gmt":"2024-09-03T06:38:49","guid":{"rendered":"http:\/\/makeupatelier.ee\/pood\/?page_id=24395"},"modified":"2024-09-03T06:39:18","modified_gmt":"2024-09-03T06:39:18","slug":"privaatsustingimused","status":"publish","type":"page","link":"https:\/\/makeupatelier.ee\/pood\/privaatsustingimused\/","title":{"rendered":"Privaatsustingimused"},"content":{"rendered":"\t\t<div data-elementor-type=\"wp-page\" data-elementor-id=\"24395\" class=\"elementor elementor-24395\">\n\t\t\t\t\n\n<div class=\"elementor-element elementor-element-8fe9bf0 e-flex e-con-boxed e-con e-parent\" data-id=\"8fe9bf0\" data-element_type=\"container\">\n\t\t\t\t\t<div class=\"e-con-inner\">\n\t\t\t\t<div class=\"elementor-element elementor-element-070d9d8 elementor-widget elementor-widget-heading\" data-id=\"070d9d8\" data-element_type=\"widget\" data-widget_type=\"heading.default\">\n\t\t\t\t<div class=\"elementor-widget-container\">\n\t\t\t<style>\/*! elementor - v3.23.0 - 05-08-2024 *\/\n.elementor-heading-title{padding:0;margin:0;line-height:1}.elementor-widget-heading .elementor-heading-title[class*=elementor-size-]>a{color:inherit;font-size:inherit;line-height:inherit}.elementor-widget-heading .elementor-heading-title.elementor-size-small{font-size:15px}.elementor-widget-heading .elementor-heading-title.elementor-size-medium{font-size:19px}.elementor-widget-heading .elementor-heading-title.elementor-size-large{font-size:29px}.elementor-widget-heading .elementor-heading-title.elementor-size-xl{font-size:39px}.elementor-widget-heading .elementor-heading-title.elementor-size-xxl{font-size:59px}<\/style><h2 class=\"elementor-heading-title elementor-size-default\"><div class=\"container\" style=\"max-width: 1240px; margin-right: auto; margin-left: auto; padding-right: 20px; padding-left: 20px; color: rgb(0, 0, 0); font-family: PulpDisplay, -apple-system, &quot;system-ui&quot;, &quot;Segoe UI&quot;, Roboto, &quot;Helvetica Neue&quot;, Arial, &quot;Noto Sans&quot;, sans-serif, &quot;Apple Color Emoji&quot;, &quot;Segoe UI Emoji&quot;, &quot;Segoe UI Symbol&quot;, &quot;Noto Color Emoji&quot;; font-size: 15px; font-weight: 400; text-transform: none; white-space-collapse: collapse;\"><div class=\"page-title-heading\"><h1 style=\"margin-bottom: 0.5rem; line-height: 1.2;\">Privaatsus &amp; Tingimused<\/h1><\/div><div class=\"content-area-cms preline-text\" style=\"white-space-collapse: preserve-breaks;\">\n\nPrivaatsuspoliitika\n\n1. \u00dclds\u00e4tted\n1.1. K\u00e4esolev privaatsuspoliitika reguleerib isikuandmete kogumist, t\u00f6\u00f6tlemist ja s\u00e4ilitamist k\u00e4sitlevaid p\u00f5him\u00f5tteid.\nIsikuandmeid kogub t\u00f6\u00f6tleb ja s\u00e4ilitab isikuandmete vastutav t\u00f6\u00f6tleja Make-Up Atelier Paris Estonia (edaspidi\nandmet\u00f6\u00f6tleja).\n1.2. Andmesubjekt privaatsuspoliitika t\u00e4henduses on klient v\u00f5i muu f\u00fc\u00fcsiline isik, kelle isikuandmeid andmet\u00f6\u00f6tleja\nt\u00f6\u00f6tleb.\n1.3. Klient privaatsuspoliitika t\u00e4henduses on iga\u00fcks, kes ostab andmet\u00f6\u00f6tleja kodulehelt kaupu v\u00f5i teenuseid.\n1.4. Andmet\u00f6\u00f6tleja j\u00e4rgib \u00f5igusaktides s\u00e4testatud andmete t\u00f6\u00f6tlemise p\u00f5him\u00f5tteid, muuhulgas t\u00f6\u00f6tleb andmet\u00f6\u00f6tleja\nisikuandmeid seaduslikult, \u00f5iglaselt ja turvaliselt. Andmet\u00f6\u00f6tleja on v\u00f5imeline kinnitama, et isikuandmeid on t\u00f6\u00f6deldud\nvastavalt \u00f5igusaktides s\u00e4testatule.\n\n2. Isikuandmete kogumine, t\u00f6\u00f6tlemine ja s\u00e4ilitamine\n2.1. Isikuandmed, mida andmet\u00f6\u00f6tleja kogub, t\u00f6\u00f6tleb ja s\u00e4ilitab, on kogutud elektrooniliselt, peamiselt kodulehe ja\ne-posti vahendusel.\n2.2. Oma isikuandmete jagamisega annab andmesubjekt andmet\u00f6\u00f6tlejale \u00f5iguse koguda, korraldada, kasutada ja hallata\nprivaatsuspoliitikas m\u00e4\u00e4ratletud eesm\u00e4rgil isikuandmeid, mida andmesubjekt otse v\u00f5i kaudselt kodulehel kaupu v\u00f5i\nteenuseid ostes andmet\u00f6\u00f6tlejale jagab.\n2.3. Andmesubjekt vastutab selle eest, et tema poolt esitatud andmed oleksid t\u00e4psed, \u00f5iged ja terviklikud. Teadlikult\nvaleandmete esitamist peetakse privaatsuspoliitika rikkumiseks. Andmesubjekt on kohustatud andmet\u00f6\u00f6tlejat viivitamatult\nteavitama esitatud andmete muutumisest.\n2.4. Andmet\u00f6\u00f6tleja ei vastuta andmesubjekti poolt valeandmete esitamisest p\u00f5hjustatud kahju eest andmesubjektile v\u00f5i\nkolmandatele osapooltele.\n\n3. Klientide isikuandmete t\u00f6\u00f6tlemine\n3.1. Andmet\u00f6\u00f6tleja v\u00f5ib t\u00f6\u00f6delda j\u00e4rgnevaid andmesubjekti isikuandmeid:\n3.1.1. Ees- ja perekonnanimi;\n3.1.2. Telefoninumber;\n3.1.3. E-posti aadress;\n3.1.4. Kohaletoimetamise aadress;\n3.1.5. Arvelduskonto number;\n3.1.6. Maksekaardi detailid;\n\n3.2. Lisaks eeltoodule on andmet\u00f6\u00f6tlejal \u00f5igus koguda kliendi kohta andmeid, mis on k\u00e4ttesaadavad avalikes registrites.\n\n3.3. Isikuandmete t\u00f6\u00f6tlemise \u00f5iguslik alus on isikuandmete kaitse \u00fcldm\u00e4\u00e4ruse paragrahv 6 lg 1 p-d a), b), c) ja f):\na) andmesubjekt on andnud n\u00f5usoleku t\u00f6\u00f6delda oma isikuandmeid \u00fchel v\u00f5i mitmel konkreetsel eesm\u00e4rgil;\nb) isikuandmete t\u00f6\u00f6tlemine on vajalik andmesubjekti osalusel s\u00f5lmitud lepingu t\u00e4itmiseks v\u00f5i lepingu s\u00f5lmimisele\neelnevate meetmete v\u00f5tmiseks vastavalt andmesubjekti taotlusele;\nc) isikuandmete t\u00f6\u00f6tlemine on vajalik vastutava t\u00f6\u00f6tleja juriidilise kohustuse t\u00e4itmiseks;\nf) isikuandmete t\u00f6\u00f6tlemine on vajalik vastutava t\u00f6\u00f6tleja v\u00f5i kolmanda isiku \u00f5igustatud huvi korral, v\u00e4lja arvatud juhul,\nkui sellise huvi kaaluvad \u00fcles andmesubjekti huvid v\u00f5i p\u00f5hi\u00f5igused ja -vabadused, mille nimel tuleb kaitsta\nisikuandmeid, eriti juhul kui andmesubjekt on laps.\n\n3.4. Isikuandmete t\u00f6\u00f6tlemine vastavalt t\u00f6\u00f6tlemise eesm\u00e4rgile:\n3.4.1. T\u00f6\u00f6tlemise eesm\u00e4rk \u2013 julgeolek ja turvalisus\nIsikuandmete s\u00e4ilitamise maksimaalne aeg \u2013 vastavalt seaduses nimetatud t\u00e4htaegadele\n3.4.2. T\u00f6\u00f6tlemise eesm\u00e4rk \u2013 tellimuse t\u00f6\u00f6tlemine\nIsikuandmete s\u00e4ilitamise maksimaalne aeg \u2013 1 aasta\n3.4.3. T\u00f6\u00f6tlemise eesm\u00e4rk \u2013 e-poe teenuste toimimise tagamine\nIsikuandmete s\u00e4ilitamise maksimaalne aeg \u2013 1 aasta\n3.4.4. T\u00f6\u00f6tlemise eesm\u00e4rk \u2013 kliendihaldus\nIsikuandmete s\u00e4ilitamise maksimaalne aeg \u2013 1 aasta\n3.4.5. T\u00f6\u00f6tlemise eesm\u00e4rk \u2013 finantstegevus, raamatupidamine\nIsikuandmete s\u00e4ilitamise maksimaalne aeg \u2013 vastavalt seaduses nimetatud t\u00e4htaegadele\n3.4.6. T\u00f6\u00f6tlemise eesm\u00e4rk \u2013 turundus\nIsikuandmete s\u00e4ilitamise maksimaalne aeg \u2013 1 aasta\n\n3.5. Andmet\u00f6\u00f6tlejal on \u00f5igus klientide isikuandmeid jagada kolmandate isikutega, kelleks on n\u00e4iteks volitatud\nandmet\u00f6\u00f6tlejad, raamatupidajad, transpordi- ja kullerettev\u00f5tted, \u00fclekandeteenuseid pakkuvad ettev\u00f5tted Andmet\u00f6\u00f6tleja on\nisikuandmete vastutav t\u00f6\u00f6tleja.\n\n3.6. Andmesubjekti isikuandmete t\u00f6\u00f6tlemisel ja s\u00e4ilitamisel rakendab andmet\u00f6\u00f6tleja organisatoorseid ja tehnilisi\nmeetmeid, mis tagavad isikuandmete kaitse juhusliku v\u00f5i ebaseadusliku h\u00e4vitamise, muutmise, avalikustamise ja mis tahes\nmuu ebaseadusliku t\u00f6\u00f6tlemise eest.\n\n3.7. Andmet\u00f6\u00f6tleja s\u00e4ilitab andmesubjektide andmeid s\u00f5ltuvalt t\u00f6\u00f6tlemise eesm\u00e4rgist, kuid mitte kauem kui 1 aastat.\n\n4. Andmesubjekti \u00f5igused\n\n4.1. Andmesubjektil on \u00f5igus saada ligip\u00e4\u00e4s oma isikuandmetele ning nendega tutvuda.\n4.2. Andmesubjektil on \u00f5igus saada informatsiooni tema isikuandmete t\u00f6\u00f6tlemise kohta.\n4.3. Andmesubjektil on \u00f5igus t\u00e4iendada v\u00f5i parandada ebat\u00e4pseid andmeid.\n4.4. Kui andmet\u00f6\u00f6tleja t\u00f6\u00f6tleb andmesubjekti isikuandmeid andmesubjekti n\u00f5usoleku alusel, siis on andmesubjektil \u00f5igus\nigal ajal n\u00f5usolek tagasi v\u00f5tta.\n4.5. Andmesubjekt saab \u00f5iguste teostamiseks p\u00f6\u00f6rduda e-poe klienditoe poole aadressil (eesti@makeupatelier.ee).\n4.6. Andmesubjektil on oma \u00f5iguste kaitseks v\u00f5imalik esitada kaebus Andmekaitse Inspektsioonile.\n\n5. L\u00f5pps\u00e4tted\n\n5.1. K\u00e4esolevad andmekaitsetingimused on koostatud koosk\u00f5las Euroopa Parlamendi ja n\u00f5ukogu m\u00e4\u00e4rusega (EL) nr 2016\/679\nf\u00fc\u00fcsiliste isikute kaitse kohta isikuandmete t\u00f6\u00f6tlemisel ja selliste andmete vaba liikumise ning direktiivi 95\/46 \/ E\u00dc\nkehtetuks tunnistamise kohta \/ E\u00dc (isikuandmete kaitse \u00fcldm\u00e4\u00e4rus), Eesti Vabariigi isikuandmete kaitse seadusega ning\nEesti Vabariigi ja Euroopa Liidu \u00f5igusaktidega.\n5.2. Andmet\u00f6\u00f6tlejal on \u00f5igus andmekaitsetingimusi osaliselt v\u00f5i t\u00e4ielikult muuta, teavitades andmesubjekte muudatustest\nkodulehe www.pood.makeupatelier.ee kaudu.\n\n<\/div><\/div><footer id=\"ma-footer\" style=\"background: linear-gradient(90deg, rgb(233, 233, 233) 30%, rgb(255, 255, 255) 0px); box-shadow: rgba(0, 0, 0, 0.2) 0px -8px 12px -6px; margin-top: 2em; color: rgb(0, 0, 0); font-family: PulpDisplay, -apple-system, &quot;system-ui&quot;, &quot;Segoe UI&quot;, Roboto, &quot;Helvetica Neue&quot;, Arial, &quot;Noto Sans&quot;, sans-serif, &quot;Apple Color Emoji&quot;, &quot;Segoe UI Emoji&quot;, &quot;Segoe UI Symbol&quot;, &quot;Noto Color Emoji&quot;; font-size: 15px; font-weight: 400; text-transform: none; white-space-collapse: collapse;\"><div class=\"container\" style=\"max-width: 1240px; margin-right: auto; margin-left: auto; padding-right: 20px; padding-left: 20px;\"><div class=\"ma-footer-inner\" style=\"display: flex; align-items: stretch; justify-content: flex-start;\"><div class=\"footer-text-left\" style=\"-webkit-box-flex: 1; flex: 1 1 0%; padding-top: 3em; padding-bottom: 3em; background-color: rgb(233, 233, 233);\"><ul style=\"list-style-type: none; margin-bottom: 0px;\"><\/ul><\/div><\/div><\/div><\/footer><\/h2>\t\t<\/div>\n\t\t\t\t<\/div>\n\t\t\t\t\t<\/div>\n\t\t\t\t<\/div>\n\t\t\t\t<\/div>\n\t\t","protected":false},"excerpt":{"rendered":"<p>Privaatsus &amp; Tingimused Privaatsuspoliitika 1. \u00dclds\u00e4tted 1.1. K\u00e4esolev privaatsuspoliitika reguleerib isikuandmete kogumist, t\u00f6\u00f6tlemist ja s\u00e4ilitamist k\u00e4sitlevaid p\u00f5him\u00f5tteid. Isikuandmeid kogub t\u00f6\u00f6tleb ja s\u00e4ilitab isikuandmete vastutav t\u00f6\u00f6tleja Make-Up Atelier Paris Estonia (edaspidi andmet\u00f6\u00f6tleja). 1.2. Andmesubjekt privaatsuspoliitika t\u00e4henduses on klient v\u00f5i muu f\u00fc\u00fcsiline isik, kelle isikuandmeid andmet\u00f6\u00f6tleja t\u00f6\u00f6tleb. 1.3. Klient privaatsuspoliitika t\u00e4henduses on iga\u00fcks, kes ostab andmet\u00f6\u00f6tleja kodulehelt [&hellip;]<\/p>\n","protected":false},"author":1,"featured_media":0,"parent":0,"menu_order":0,"comment_status":"closed","ping_status":"closed","template":"","meta":{"footnotes":""},"class_list":["post-24395","page","type-page","status-publish","hentry"],"aioseo_notices":[],"_links":{"self":[{"href":"https:\/\/makeupatelier.ee\/pood\/wp-json\/wp\/v2\/pages\/24395","targetHints":{"allow":["GET"]}}],"collection":[{"href":"https:\/\/makeupatelier.ee\/pood\/wp-json\/wp\/v2\/pages"}],"about":[{"href":"https:\/\/makeupatelier.ee\/pood\/wp-json\/wp\/v2\/types\/page"}],"author":[{"embeddable":true,"href":"https:\/\/makeupatelier.ee\/pood\/wp-json\/wp\/v2\/users\/1"}],"replies":[{"embeddable":true,"href":"https:\/\/makeupatelier.ee\/pood\/wp-json\/wp\/v2\/comments?post=24395"}],"version-history":[{"count":4,"href":"https:\/\/makeupatelier.ee\/pood\/wp-json\/wp\/v2\/pages\/24395\/revisions"}],"predecessor-version":[{"id":24399,"href":"https:\/\/makeupatelier.ee\/pood\/wp-json\/wp\/v2\/pages\/24395\/revisions\/24399"}],"wp:attachment":[{"href":"https:\/\/makeupatelier.ee\/pood\/wp-json\/wp\/v2\/media?parent=24395"}],"curies":[{"name":"wp","href":"https:\/\/api.w.org\/{rel}","templated":true}]}}