{"id":24384,"date":"2024-09-03T06:36:20","date_gmt":"2024-09-03T06:36:20","guid":{"rendered":"http:\/\/makeupatelier.ee\/pood\/?page_id=24384"},"modified":"2026-04-21T11:06:26","modified_gmt":"2026-04-21T08:06:26","slug":"tarnetingimused","status":"publish","type":"page","link":"https:\/\/makeupatelier.ee\/pood\/tarnetingimused\/","title":{"rendered":"Tarnetingimused"},"content":{"rendered":"\t\t<div data-elementor-type=\"wp-page\" data-elementor-id=\"24384\" class=\"elementor elementor-24384\">\n\t\t\t\t\n\n<div class=\"elementor-element elementor-element-9ca8eec e-flex e-con-boxed e-con e-parent\" data-id=\"9ca8eec\" data-element_type=\"container\">\n\t\t\t\t\t<div class=\"e-con-inner\">\n\t\t\t\t<div class=\"elementor-element elementor-element-d379210 elementor-widget elementor-widget-heading\" data-id=\"d379210\" data-element_type=\"widget\" data-widget_type=\"heading.default\">\n\t\t\t\t<div class=\"elementor-widget-container\">\n\t\t\t<style>\/*! elementor - v3.23.0 - 05-08-2024 *\/\n.elementor-heading-title{padding:0;margin:0;line-height:1}.elementor-widget-heading .elementor-heading-title[class*=elementor-size-]>a{color:inherit;font-size:inherit;line-height:inherit}.elementor-widget-heading .elementor-heading-title.elementor-size-small{font-size:15px}.elementor-widget-heading .elementor-heading-title.elementor-size-medium{font-size:19px}.elementor-widget-heading .elementor-heading-title.elementor-size-large{font-size:29px}.elementor-widget-heading .elementor-heading-title.elementor-size-xl{font-size:39px}.elementor-widget-heading .elementor-heading-title.elementor-size-xxl{font-size:59px}<\/style><h2 class=\"elementor-heading-title elementor-size-default\"><div class=\"page-title-heading\" style=\"color: rgb(0, 0, 0); font-family: PulpDisplay, -apple-system, &quot;system-ui&quot;, &quot;Segoe UI&quot;, Roboto, &quot;Helvetica Neue&quot;, Arial, &quot;Noto Sans&quot;, sans-serif, &quot;Apple Color Emoji&quot;, &quot;Segoe UI Emoji&quot;, &quot;Segoe UI Symbol&quot;, &quot;Noto Color Emoji&quot;; font-size: 15px; font-weight: 400; text-transform: none; white-space-collapse: collapse;\"><h1 style=\"margin-bottom: 0.5rem; line-height: 1.2;\">Tarnetingimused<\/h1><\/div><div class=\"content-area-cms preline-text\" style=\"white-space-collapse: preserve-breaks; color: rgb(0, 0, 0); font-family: PulpDisplay, -apple-system, &quot;system-ui&quot;, &quot;Segoe UI&quot;, Roboto, &quot;Helvetica Neue&quot;, Arial, &quot;Noto Sans&quot;, sans-serif, &quot;Apple Color Emoji&quot;, &quot;Segoe UI Emoji&quot;, &quot;Segoe UI Symbol&quot;, &quot;Noto Color Emoji&quot;; font-size: 15px; font-weight: 400; text-transform: none;\">\nKOHALETOIMETAMINE\n\n\nMAKE-UP ATELIER PARIS \/Estonia\/ veebipoest tellides v\u00f5id kaubale tulla ise j\u00e4rgi ATELIER stuudiosse v\u00f5i tellida kaubad\nSmartPOSTi pakiautomaati.\n\nSmartPOSTi siseruumides paiknevate pakiautomaatide puhul ei pea muretsema, et k\u00fclm, kuumus v\u00f5i niiskus saadetist\nkahjustaks.\n\nOstja soovil toimetame kauba ka teisi teenusepakkujaid kasutades, kuid selleks palume meiega eraldi kokkuleppe\ns\u00f5lmimiseks \u00fchendust v\u00f5tta meiliaadressil eesti@makeupatelier.ee.\n\nPostitame kauba esimesel v\u00f5imalusel, kuid mitte hiljem, kui 5 t\u00f6\u00f6p\u00e4eva jooksul peale arve laekumist.\n\nTulen kaubale j\u00e4rgi ATELIER stuudiosse\n\nPostikulu: 0,00\u20ac. K\u00f5ige soodsam viis kaubad k\u00e4tte saada!\n\nATELIER stuudios toimub kauba v\u00e4ljastamine eelneva kokkuleppe alusel. V\u00e4ljastamise aeg lepi eelnevalt kokku e-posti\naadressil: eesti@makeupatelier.ee v\u00f5i tel. +372 5553 0884.\n\nATELIER stuudio asukoht: A.H.Tammsaares pst 41-M6, P\u00e4rnu II korrus (Tennisehalli hoone, Mai tn poolsest uksest\nsissep\u00e4\u00e4suga). Tellitud tooted saab k\u00e4tte tellimuse numbri esitamisel. Kohaletoimetamise tasu stuudiosse tellides\nkaubale ei lisandu. Juhul, kui klient ei tule kaubale j\u00e4rele 14 kalendrip\u00e4eva jooksul, loetakse klient lepingust\ntaganenuks. V\u00e4ljav\u00f5tmata tellimuste ostusumma tagastame viivitamata, kuid mitte hiljem kui 30 kalendrip\u00e4eva jooksul\nsamale arvelduskontole, millelt ostu eest tasuti.\n\nTellin kaubad SmartPOSTi pakiautomaati\n\nPostikulu: 4,00\u20ac. 100% ilmastikukindel.\n\nPaki k\u00e4ttesaamine\n\nKauba kohalej\u00f5udmisest pakiautomaati teavitab Klienti SMS-teade, mis sisaldab ukse avamiseks unikaalset uksekood.\nJuhised koodi kasutamiseks ja pakilaeka avamiseks leiab pakiautomaadi puutetundliult ekraanilt.\n\nJuhul, kui klient ei v\u00f5ta kaupa 7 p\u00e4eva jooksul pakiautomaadist v\u00e4lja, loetakse klient lepingust taganenuks.\nV\u00e4ljav\u00f5tmata tellimuste ostusumma koos postikuluga tagastame viivitamata, kuid mitte hiljem kui 30 kalendrip\u00e4eva jooksul\nsamale arvelduskontole, millelt ostu eest tasuti.\n\nSmartPOST automaatide asukohad ja lahtioleku kellaajad\n\nPakkide liikumise graafik\n\nKohaletoimetamine Soome\n\nPostikulu: 13,00\u20ac. 100% ilmastikukindel.\n\nMAKE-UP ATELIER PARIS \/Estonia\/ veebipood saadab pakke ka SOOME SmartPOSTi pakiautomaatidesse!\n\nLisaks Eestile toimetatakse kaubad kohale ka Soome. Selleks, et tellida pakk Soome, tuleb ostukorvis valida saaja\nriigiks Soome, seej\u00e4rel ilmub pakiautomaatide valik, kuhu saate kauba tellida.\n\nHelsingi pakiautomaatidesse j\u00f5uavad pakid 1-3 t\u00f6\u00f6p\u00e4evaga, mujale Soome automaatidesse 3-5 t\u00f6\u00f6p\u00e4evaga.\n\nPaki k\u00e4ttesaamine\n\nKauba kohalej\u00f5udmisest pakiautomaati teavitab Klienti SMS-teade, mis sisaldab ukse avamiseks unikaalset uksekood.\nJuhised koodi kasutamiseks ja pakilaeka avamiseks leiab pakiautomaadi puutetundliult ekraanilt.\n\nPakile peab j\u00e4rgi minema 7 p\u00e4eva jooksul alates selle j\u00f5udmisest pakiautomaati. V\u00e4ljav\u00f5tmata tellimuste ostusumma koos\npostikuluga tagastame viivitamata, kuid mitte hiljem kui 30 kalendrip\u00e4eva jooksul samale arvelduskontole, millelt ostu\neest tasuti.\n\n<\/div><\/h2>\t\t<\/div>\n\t\t\t\t<\/div>\n\t\t\t\t\t<\/div>\n\t\t\t\t<\/div>\n\t\t\t\t<\/div>\n\t\t","protected":false},"excerpt":{"rendered":"<p>Tarnetingimused KOHALETOIMETAMINE MAKE-UP ATELIER PARIS \/Estonia\/ veebipoest tellides v\u00f5id kaubale tulla ise j\u00e4rgi ATELIER stuudiosse v\u00f5i tellida kaubad SmartPOSTi pakiautomaati. SmartPOSTi siseruumides paiknevate pakiautomaatide puhul ei pea muretsema, et k\u00fclm, kuumus v\u00f5i niiskus saadetist kahjustaks. Ostja soovil toimetame kauba ka teisi teenusepakkujaid kasutades, kuid selleks palume meiega eraldi kokkuleppe s\u00f5lmimiseks \u00fchendust v\u00f5tta meiliaadressil eesti@makeupatelier.ee. Postitame [&hellip;]<\/p>\n","protected":false},"author":1,"featured_media":0,"parent":0,"menu_order":0,"comment_status":"closed","ping_status":"closed","template":"","meta":{"footnotes":""},"class_list":["post-24384","page","type-page","status-publish","hentry"],"aioseo_notices":[],"_links":{"self":[{"href":"https:\/\/makeupatelier.ee\/pood\/wp-json\/wp\/v2\/pages\/24384","targetHints":{"allow":["GET"]}}],"collection":[{"href":"https:\/\/makeupatelier.ee\/pood\/wp-json\/wp\/v2\/pages"}],"about":[{"href":"https:\/\/makeupatelier.ee\/pood\/wp-json\/wp\/v2\/types\/page"}],"author":[{"embeddable":true,"href":"https:\/\/makeupatelier.ee\/pood\/wp-json\/wp\/v2\/users\/1"}],"replies":[{"embeddable":true,"href":"https:\/\/makeupatelier.ee\/pood\/wp-json\/wp\/v2\/comments?post=24384"}],"version-history":[{"count":8,"href":"https:\/\/makeupatelier.ee\/pood\/wp-json\/wp\/v2\/pages\/24384\/revisions"}],"predecessor-version":[{"id":28387,"href":"https:\/\/makeupatelier.ee\/pood\/wp-json\/wp\/v2\/pages\/24384\/revisions\/28387"}],"wp:attachment":[{"href":"https:\/\/makeupatelier.ee\/pood\/wp-json\/wp\/v2\/media?parent=24384"}],"curies":[{"name":"wp","href":"https:\/\/api.w.org\/{rel}","templated":true}]}}