{"id":24376,"date":"2024-09-03T06:32:28","date_gmt":"2024-09-03T06:32:28","guid":{"rendered":"http:\/\/makeupatelier.ee\/pood\/?page_id=24376"},"modified":"2026-04-21T11:13:49","modified_gmt":"2026-04-21T08:13:49","slug":"muugitingimused","status":"publish","type":"page","link":"https:\/\/makeupatelier.ee\/pood\/muugitingimused\/","title":{"rendered":"M\u00fc\u00fcgitingimused"},"content":{"rendered":"\t\t<div data-elementor-type=\"wp-page\" data-elementor-id=\"24376\" class=\"elementor elementor-24376\">\n\t\t\t\t\n\n<div class=\"elementor-element elementor-element-0a9cb82 e-flex e-con-boxed e-con e-parent\" data-id=\"0a9cb82\" data-element_type=\"container\">\n\t\t\t\t\t<div class=\"e-con-inner\">\n\t\t\t\t<div class=\"elementor-element elementor-element-7b3009b elementor-widget elementor-widget-heading\" data-id=\"7b3009b\" data-element_type=\"widget\" data-widget_type=\"heading.default\">\n\t\t\t\t<div class=\"elementor-widget-container\">\n\t\t\t<style>\/*! elementor - v3.23.0 - 05-08-2024 *\/\n.elementor-heading-title{padding:0;margin:0;line-height:1}.elementor-widget-heading .elementor-heading-title[class*=elementor-size-]>a{color:inherit;font-size:inherit;line-height:inherit}.elementor-widget-heading .elementor-heading-title.elementor-size-small{font-size:15px}.elementor-widget-heading .elementor-heading-title.elementor-size-medium{font-size:19px}.elementor-widget-heading .elementor-heading-title.elementor-size-large{font-size:29px}.elementor-widget-heading .elementor-heading-title.elementor-size-xl{font-size:39px}.elementor-widget-heading .elementor-heading-title.elementor-size-xxl{font-size:59px}<\/style><h2 class=\"elementor-heading-title elementor-size-default\"><div style=\"color: rgb(0, 0, 0); font-family: PulpDisplay, -apple-system, &quot;system-ui&quot;, &quot;Segoe UI&quot;, Roboto, &quot;Helvetica Neue&quot;, Arial, &quot;Noto Sans&quot;, sans-serif, &quot;Apple Color Emoji&quot;, &quot;Segoe UI Emoji&quot;, &quot;Segoe UI Symbol&quot;, &quot;Noto Color Emoji&quot;; font-size: 15px; font-weight: 400; text-transform: none; white-space-collapse: collapse;\"><h1 style=\"margin-bottom: 0.5rem; line-height: 1.2;\">M\u00fc\u00fcgitingimused<\/h1><\/div><div style=\"white-space-collapse: preserve-breaks; color: rgb(0, 0, 0); font-family: PulpDisplay, -apple-system, &quot;system-ui&quot;, &quot;Segoe UI&quot;, Roboto, &quot;Helvetica Neue&quot;, Arial, &quot;Noto Sans&quot;, sans-serif, &quot;Apple Color Emoji&quot;, &quot;Segoe UI Emoji&quot;, &quot;Segoe UI Symbol&quot;, &quot;Noto Color Emoji&quot;; font-size: 15px; font-weight: 400; text-transform: none;\">\n\nM\u00fc\u00fcgitingimused\n\n\n1. \u00dcLDS\u00c4TTED\n\n1.1. K\u00e4esolevad Make-Up Atelier Paris Estonia veebipoe (edaspidi: veebipood) m\u00fc\u00fcgitingimused (edaspidi: tingimused)\nkehtivad Make-Up Atelier Paris Estonia veebipoest ostmisel internetiaadressilt www.pood.makeupatelier.ee. Kauba m\u00fc\u00fcja on\nAtelier O\u00dc (edaspidi: m\u00fc\u00fcja), aadress A.H.Tammsaare pst 41-M6 P\u00e4rnu, registrikood 12785271, tel +372 5553 0884, e-posti\naadress eesti@makeupatelier.ee.\n\n1.2. M\u00fc\u00fcjal on \u00f5igus \u00fchepoolselt m\u00fc\u00fcgitingimusi ja m\u00fc\u00fcgihindasid muuta ja t\u00e4iendada, avaldades uued tingimused\ninternetiaadressil www.pood.makeupatelier.ee. Kui klient esitas tellimuse enne tingimuste muudatuste j\u00f5ustumist,\nkohaldatakse kliendi ja m\u00fc\u00fcja \u00f5igussuhtele tellimuse esitamise ajal kehtinud tingimusi.\n\n1.3. Kliendil on v\u00f5imalik enne ostu sooritamist tingimused salvestada, printida ja vajaduse korral taasesitada ning\nklient n\u00f5ustub veebipoest ostu sooritamisel tingimustes s\u00e4testatuga.\n\n1.4. Tingimustele lisaks kohaldatakse veebipoest ostu sooritamisele Eesti Vabariigis kehtivaid \u00f5igusakte.\n\n\n\n2. M\u00dc\u00dcGILEPINGU J\u00d5USTUMINE\n\n2.1. M\u00fc\u00fcja ja Kliendi vahel j\u00f5ustub m\u00fc\u00fcgileping alates tellimuse kinnituse j\u00e4rgi tasumisele kuuluva ostusumma tervikuna\nlaekumisest Atelier O\u00dc arvelduskontole.\n\n2.2. Veebipoes tellimust vormistades ning maksmist sooritades, kinnitab Klient, et ta on tutvunud m\u00fc\u00fcgitingimustega ja\non nendega n\u00f5us.\n\n\n\n3. TELLIMUSE ESITAMINE\n\n3.1. Tellimusi saab veebipoes esitada kas registreeritud kliendina sisse logides v\u00f5i anon\u00fc\u00fcmse kliendina.\n\n3.2. Klient valib veebipoest v\u00e4lja soovitud kaubad ja lisab ostukorvi.\n\n3.3. Klient valib tellimuse \u00fcleandmise viisi ja koha. 3.4. Klient kinnitab tellimuse. P\u00e4rast ostukorvi kinnitamist\nsaadab m\u00fc\u00fcja kleindile tellimuse k\u00e4ttesaamise kohta e-kirjaga tellimuse kinnituse.\n\n3.5. Klient tasub kauba eest m\u00fc\u00fcja poolt saadetud tellimuse kinnituse alusel. Klient kontrollib enne arve tasumist, et\narves toodud andmed vastavad kliendi tegelikule soovile.\n\n3.6. Kaupade eest, mida ei \u00f5nnestu komplekteerida, maksab M\u00fc\u00fcja kliendile raha tagasi hiljemalt 14 p\u00e4eva jooksul.\n\n\n\n4. KAUBA HIND\n\n4.1. K\u00f5ik veebipoes m\u00fc\u00fcdavate kaupade hinnad on n\u00e4idatud eurodes ning sisaldavad 24%-list k\u00e4ibemaksu.\n\n4.2. MAKE-UP ATELIER PARIS \/Estonia\/ veebipood j\u00e4tab endale \u00f5iguse korrigeerida hindu. Kui Klient edastas oma tellimuse\nenne hinna muudatuste j\u00f5ustumist, siis tema jaoks kehtib hind, mis oli arvel kajastatud tellimuse vormistamise momendil.\nKliendil ei ole \u00f5igust n\u00f5uda hinnavahe kompenseerimist.\n\n4.3 MAKE-UP ATELIER PARIS \/Estonia\/ toetab \u00f5ppivate ja juba meigikunstnikena tegutsevate t\u00f6\u00f6d pakkudes neile paremaid\nhindu. Soodustus ei laiene iluteenuste pakkujatele \u00fcldiselt, vaid on kasutamiseks meigikunstnikele\/grimeerijatele.\n\nKUIDAS PROFESSIONAALIHINDA SAADA?\n\nRegistreeru meie e-poes kasutajaks&nbsp;<a href=\"https:\/\/makeupatelier.ee\/pood\/registreeru-kliendiks\/?fbclid=IwZXh0bgNhZW0CMTAAAR0QLOt_4A0lwVJbmqsjDn_DtxoVLBEtUqwqYkiHstFDh2MbboZ3dBCwXcE_aem_SFkcJDywIAVKvdP13dWF9A\" rel=\"nofollow noreferrer\" role=\"link\" tabindex=\"-1\" target=\"_blank\" style=\"text-decoration-line: underline; list-style: none; border-style: none; outline-color: currentcolor; outline-width: initial; font-weight: 600; touch-action: manipulation; display: inline; font-family: &quot;Placeholder Font&quot;, system-ui, -apple-system, BlinkMacSystemFont, &quot;.SFNSText-Regular&quot;, sans-serif; caret-color: rgb(8, 8, 9); font-size: 15px; font-style: normal; letter-spacing: normal; text-transform: none; white-space-collapse: preserve;\">https:\/\/makeupatelier.ee\/pood\/registreeru-kliendiks\/<\/a><br>Saada t\u00f5end, et tegutsed meigikunstnikuna. T\u00f5endiks v\u00f5ib olla n\u00e4iteks link enda ettev\u00f5tte kodulehele, n\u00e4iteid tehtud\nt\u00f6\u00f6dest, avaldatud pressimaterjal oma nimega, meigikunstniku tunnistus, \u00f5pilastel t\u00f5end koolist vms.&nbsp;\n\n\n4.4.Klient tasub tellimuse eest ettemaksuna kauba m\u00fc\u00fcgihinna ning kohaletoimetamise tasu t\u00e4ies ulatuses. Klient tasub\nkauba eest m\u00fc\u00fcja poolt saadetud arve alusel.\n\n\n\n5. KAUBA K\u00c4TTESAAMINE\n\n5.1. Kaupa saab tellida ATELIER stuudiosse, SmartPOSTi pakiautomaati v\u00f5i Soome SmartPOSTi pakiautomaati. Ostja soovil\ntoimetatakse kaup ka teisi teenusepakkujaid kasutades, kuid selleks s\u00f5lmitakse eraldi kokkulepe. Kokkuleppe s\u00f5lmimiseks\n\u00fchendust v\u00f5tta meiliaadressil eesti@makeupatelier.ee.\n\n5.2. Kauba k\u00e4ttesaamine ATELIER stuudiost.\n\n5.2.1. ATELIER stuudios toimub kauba v\u00e4ljastamine eelneva kokkuleppe alusel.\n\n5.2.2. V\u00e4ljastamise aeg lepi eelnevalt kokku e-posti aadressil: eesti@makeupatelier.ee v\u00f5i tel. +372 5553 0884.\n\n5.2.3. ATELIER stuudio asukoht: A.H.Tammsaares pst 41-M6, P\u00e4rnu II korrus (Tennisehall, Mai tn poolsest uksest\nsissep\u00e4\u00e4suga).\n\n5.2.4. Tellitud tooted saab k\u00e4tte tellimuse numbri esitamisel.\n\n5.2.5. Kohaletoimetamise tasu stuudiosse tellides kaubale ei lisandu.&nbsp;<br><\/div><\/h2>\t\t<\/div>\n\t\t\t\t<\/div>\n\t\t\t\t\t<\/div>\n\t\t\t\t<\/div>\n\t\t\t\t<\/div>\n\t\t","protected":false},"excerpt":{"rendered":"<p>M\u00fc\u00fcgitingimused M\u00fc\u00fcgitingimused 1. \u00dcLDS\u00c4TTED 1.1. K\u00e4esolevad Make-Up Atelier Paris Estonia veebipoe (edaspidi: veebipood) m\u00fc\u00fcgitingimused (edaspidi: tingimused) kehtivad Make-Up Atelier Paris Estonia veebipoest ostmisel internetiaadressilt www.pood.makeupatelier.ee. Kauba m\u00fc\u00fcja on Atelier O\u00dc (edaspidi: m\u00fc\u00fcja), aadress A.H.Tammsaare pst 41-M6 P\u00e4rnu, registrikood 12785271, tel +372 5553 0884, e-posti aadress eesti@makeupatelier.ee. 1.2. M\u00fc\u00fcjal on \u00f5igus \u00fchepoolselt m\u00fc\u00fcgitingimusi ja m\u00fc\u00fcgihindasid muuta [&hellip;]<\/p>\n","protected":false},"author":1,"featured_media":0,"parent":0,"menu_order":0,"comment_status":"closed","ping_status":"closed","template":"","meta":{"footnotes":""},"class_list":["post-24376","page","type-page","status-publish","hentry"],"aioseo_notices":[],"_links":{"self":[{"href":"https:\/\/makeupatelier.ee\/pood\/wp-json\/wp\/v2\/pages\/24376","targetHints":{"allow":["GET"]}}],"collection":[{"href":"https:\/\/makeupatelier.ee\/pood\/wp-json\/wp\/v2\/pages"}],"about":[{"href":"https:\/\/makeupatelier.ee\/pood\/wp-json\/wp\/v2\/types\/page"}],"author":[{"embeddable":true,"href":"https:\/\/makeupatelier.ee\/pood\/wp-json\/wp\/v2\/users\/1"}],"replies":[{"embeddable":true,"href":"https:\/\/makeupatelier.ee\/pood\/wp-json\/wp\/v2\/comments?post=24376"}],"version-history":[{"count":8,"href":"https:\/\/makeupatelier.ee\/pood\/wp-json\/wp\/v2\/pages\/24376\/revisions"}],"predecessor-version":[{"id":28390,"href":"https:\/\/makeupatelier.ee\/pood\/wp-json\/wp\/v2\/pages\/24376\/revisions\/28390"}],"wp:attachment":[{"href":"https:\/\/makeupatelier.ee\/pood\/wp-json\/wp\/v2\/media?parent=24376"}],"curies":[{"name":"wp","href":"https:\/\/api.w.org\/{rel}","templated":true}]}}