{"id":4541,"date":"2023-05-22T13:39:23","date_gmt":"2023-05-22T10:39:23","guid":{"rendered":"https:\/\/makeupatelier.ee\/meigikool\/?page_id=4541"},"modified":"2023-05-22T13:39:23","modified_gmt":"2023-05-22T10:39:23","slug":"glamuurne-jumestus-sotsiaalmeedia-sisu-loomine","status":"publish","type":"page","link":"https:\/\/makeupatelier.ee\/meigikool\/glamuurne-jumestus-sotsiaalmeedia-sisu-loomine\/","title":{"rendered":"Glamuurne jumestus &#038; sotsiaalmeedia sisu loomine"},"content":{"rendered":"<p><b>T\u00e4ienduskoolitusasutuse nimetus<\/b>: ATELIER INTERNATIONAL DE MAQUILLAGE<\/p>\n<p><b>1. \u00d5PPEKAVA NIMETUS: Glamuurne jumestus &amp; sotsiaalmeedia sisu loomine<\/b><\/p>\n<p><b>2. \u00d5PPEKAVAR\u00dcHM JA \u00d5PPEKAVA KOOSTAMISE ALUS<\/b><br \/>\n<b>Alus \u00f5ppekavar\u00fchm:<\/b> juuksurit\u00f6\u00f6 ja iluteenindus<br \/>\n<b>\u00d5ppekava koostamise alus: <\/b>puudub<\/p>\n<p><b>3. EESM\u00c4RK JA \u00d5PIV\u00c4LJUNDID<\/b><br \/>\n<b>Eesm\u00e4rk:<\/b>\u00a0 julgustada \u00f5pilast tegema laineri, punase huule ja kumava nahaga glamuurset jumestust ning looma k\u00f6itvat sotsiaalmeedia sisu.<\/p>\n<p><b>\u00d5piv\u00e4ljundid:<\/b> koolituse l\u00f5puks \u00f5ppija:<\/p>\n<p>1. oskab ettevalmistada n\u00e4onaha jumestuseks<br \/>\n2. valib jumestamiseks sobivad tooted, l\u00e4htudes kliendi n\u00e4onaha t\u00fc\u00fcbist ja seisukorrast, kliendi east, nahav\u00e4rvi alatoonist ja jumestuse eesm\u00e4rgist;<br \/>\n3. oskab modelleerida meigip\u00f5hja kreemjate ja vedelate toodetega;<br \/>\n4. oskab teostada silmajumestuses puhast lainerit;<br \/>\n5. oskab iseseisvalt paigaldada kunstripsemeid;<br \/>\n6. rakendab v\u00e4rviteooriat (huulepulga, lauv\u00e4rvide ja p\u00f5seruu\u017ei toonide valikul)<br \/>\n7.\u00a0kasutab huulejumest punast huult<br \/>\n8. teab\u00a0v\u00f5imalusi ja t\u00f6\u00f6v\u00f5tteid kuidas luua oma t\u00f6\u00f6dest sotsiaalmeedia sisu.<\/p>\n<p><b>4. SIHTGRUPP JA \u00d5PPE ALUSTAMISE TINGIMUSED\u00a0<\/b><br \/>\n<b>Sihtgrupp:<\/b> iluteeninduse valdkonnas t\u00f6\u00f6tavad v\u00f5i t\u00f6\u00f6d alustavad inimesed, kes soovivad t\u00e4iendada oma jumestuse oskust ja oskust oma t\u00f6id professionaalsemalt turundada.<\/p>\n<p><b>5. \u00d5PPE MAHT, \u00d5PPE \u00dcLESEHITUS, \u00d5PPEKESKKOND\u00a0<\/b><br \/>\n<b>\u00d5ppe maht ja \u00fclesehitus: <\/b>9\u00a0akadeemilist tundi, millest teooriat 3 akadeemilist tundi ja praktikat koolituskeskkonnas 6 akadeemilist tundi.<br \/>\n<b>\u00d5ppekeskkond:<\/b> Kool asub P\u00e4rnus, aadressil A.H.Tammsaare pst 41-M6 P\u00e4rnu, teisel korrusel. \u00dcldpinna ligikaudne suurus 80 ruutmeetrit. Koolitusruumid jagunevad \u2013 koolituskeskus (max.12 \u00f5ppekohta), fotostuudio, 1 kontoriruum, 1 laoruum, k\u00f6\u00f6ginurk, WC. \u00d5pe toimub hea valgustusega peeglitega varustatud \u00f5ppestuudios. Valgustust on v\u00f5imalik \u00fcmber l\u00fclitada k\u00fclmaks valguseks, kui soojaks valguseks. Erinevatele k\u00f5rgustele seadistatavad klienditoolid.Osalejatele on koolituskeskuse poolt tagatud kosmeetika ja vahendid (va. pintslid) praktilise osa jaoks.<\/p>\n<p><b>6. \u00d5PPEPROTSESSI KIRJELDUS, sh \u00d5PPE SISU, \u00d5PPEMEETODID<\/b><\/p>\n<p><b>Auditoorne t\u00f6\u00f6 3AK \/Loeng sh. n\u00e4idisjumestus\/<\/b><br \/>\nToodete valik fotojumestusele vastavalt n\u00e4onahale ja eesm\u00e4rgile,\u00a0erinevate tekstuuride kasutamise erip\u00e4rad, v\u00e4rvide ning stiili valimine, laineritehnika, kunstripsemete kleepimise tehnika, t\u00f6\u00f6 puhtus,\u00a0erinevad tehnika- ja valguse lahendused, digitaalsed \u00e4ppid ja nende v\u00f5imalused, et oma t\u00f6\u00f6d kvaliteetsemalt turundada.\u00a0Koolitaja r\u00e4\u00e4gib teooriat ning samaaegselt teeb n\u00e4idismeigi, demonstreerides\u00a0erinevaid tehnikaid ja v\u00f5tteid ning teeb tehtud t\u00f6\u00f6st video ja pildid.<\/p>\n<p><b>Praktika koolituskeskkonnas 6AK \/Praktiline jumestamine + meigit\u00f6\u00f6 j\u00e4\u00e4dvustamine videos ja pildis\/<\/b><br \/>\nAuditoorses t\u00f6\u00f6s saadud teadmiste omandamine, toodete valik, jumestuse terviklik n\u00e4gemus l\u00e4htudes modelli isikup\u00e4rast ja t\u00f6\u00f6 eesm\u00e4rgist, jumestuse teostamine, fotostuudios meigi s\u00e4ilitamine ja vajadusel korrektiivide tegemine, meigit\u00f6\u00f6 j\u00e4\u00e4dvustamine videos ja pildis.<\/p>\n<p><b>7. hindamine ehk \u00f5ppe l\u00f5petamise tingimused\u00a0<\/b><\/p>\n<table cellspacing=\"0\" cellpadding=\"0\">\n<tbody>\n<tr>\n<td valign=\"middle\"><b>hindamismeetod\u00a0<\/b><\/td>\n<td valign=\"middle\"><b>hindamiskriteerium\u00a0<\/b><\/td>\n<\/tr>\n<tr>\n<td valign=\"middle\">Praktiline t\u00f6\u00f6: \u00d5ppija demonstreerib praktiliselt jumestuse tegemist arvestades kliendi erip\u00e4rade ja soovidega<\/td>\n<td valign=\"middle\">\u00d5ppija p\u00f5hjendab t\u00f6\u00f6s kasutatavate toodete, vahendite ja v\u00f5tete valikut, rakendab \u00f5pitud t\u00f6\u00f6v\u00f5tteid ning j\u00e4rgib t\u00f6\u00f6ohutuse ja h\u00fcgieenin\u00f5udeid;<\/td>\n<\/tr>\n<tr>\n<td valign=\"middle\"><\/td>\n<td valign=\"middle\"><\/td>\n<\/tr>\n<\/tbody>\n<\/table>\n<p><b>8. V\u00c4LJASTATAVAD DOKUMENDID<\/b><br \/>\n\u00d5piv\u00e4ljundid omandanud ning hindamise l\u00e4binud \u00f5ppijale v\u00e4ljastatakse tunnistus. Hindamisel mitteosalenud v\u00f5i hindamist mittel\u00e4binud \u00f5ppijale v\u00e4ljastatakse t\u00f5end koolitusel osalemise ja l\u00e4bitud teemade kohta.<\/p>\n<p><b>9. KOOLITAJA KVALIFIKATSIOON<\/b><br \/>\nJumestaja haridus, t\u00f6\u00f6kogemus jumestajana.<\/p>\n","protected":false},"excerpt":{"rendered":"<p>T\u00e4ienduskoolitusasutuse nimetus: ATELIER INTERNATIONAL DE MAQUILLAGE 1. \u00d5PPEKAVA NIMETUS: Glamuurne jumestus &amp; sotsiaalmeedia sisu loomine 2. \u00d5PPEKAVAR\u00dcHM JA \u00d5PPEKAVA KOOSTAMISE ALUS Alus \u00f5ppekavar\u00fchm: juuksurit\u00f6\u00f6 ja iluteenindus \u00d5ppekava koostamise alus: puudub 3. EESM\u00c4RK JA \u00d5PIV\u00c4LJUNDID Eesm\u00e4rk:\u00a0 julgustada \u00f5pilast tegema laineri, punase huule ja kumava nahaga glamuurset jumestust ning looma k\u00f6itvat sotsiaalmeedia sisu. \u00d5piv\u00e4ljundid: koolituse l\u00f5puks \u00f5ppija: [&hellip;]<\/p>\n","protected":false},"author":1,"featured_media":0,"parent":0,"menu_order":0,"comment_status":"closed","ping_status":"closed","template":"","meta":{"footnotes":""},"class_list":["post-4541","page","type-page","status-publish","hentry"],"yoast_head":"<!-- This site is optimized with the Yoast SEO plugin v24.4 - https:\/\/yoast.com\/wordpress\/plugins\/seo\/ -->\n<title>Glamuurne jumestus &amp; sotsiaalmeedia sisu loomine - ATELIER Meigikool<\/title>\n<meta name=\"robots\" content=\"index, follow, max-snippet:-1, max-image-preview:large, max-video-preview:-1\" \/>\n<link rel=\"canonical\" href=\"https:\/\/makeupatelier.ee\/meigikool\/glamuurne-jumestus-sotsiaalmeedia-sisu-loomine\/\" \/>\n<meta property=\"og:locale\" content=\"et_EE\" \/>\n<meta property=\"og:type\" content=\"article\" \/>\n<meta property=\"og:title\" content=\"Glamuurne jumestus &amp; sotsiaalmeedia sisu loomine - ATELIER Meigikool\" \/>\n<meta property=\"og:description\" content=\"T\u00e4ienduskoolitusasutuse nimetus: ATELIER INTERNATIONAL DE MAQUILLAGE 1. \u00d5PPEKAVA NIMETUS: Glamuurne jumestus &amp; sotsiaalmeedia sisu loomine 2. \u00d5PPEKAVAR\u00dcHM JA \u00d5PPEKAVA KOOSTAMISE ALUS Alus \u00f5ppekavar\u00fchm: juuksurit\u00f6\u00f6 ja iluteenindus \u00d5ppekava koostamise alus: puudub 3. EESM\u00c4RK JA \u00d5PIV\u00c4LJUNDID Eesm\u00e4rk:\u00a0 julgustada \u00f5pilast tegema laineri, punase huule ja kumava nahaga glamuurset jumestust ning looma k\u00f6itvat sotsiaalmeedia sisu. \u00d5piv\u00e4ljundid: koolituse l\u00f5puks \u00f5ppija: [&hellip;]\" \/>\n<meta property=\"og:url\" content=\"https:\/\/makeupatelier.ee\/meigikool\/glamuurne-jumestus-sotsiaalmeedia-sisu-loomine\/\" \/>\n<meta property=\"og:site_name\" content=\"ATELIER Meigikool\" \/>\n<meta name=\"twitter:card\" content=\"summary_large_image\" \/>\n<meta name=\"twitter:label1\" content=\"Est. reading time\" \/>\n\t<meta name=\"twitter:data1\" content=\"2 minutit\" \/>\n<script type=\"application\/ld+json\" class=\"yoast-schema-graph\">{\"@context\":\"https:\/\/schema.org\",\"@graph\":[{\"@type\":\"WebPage\",\"@id\":\"https:\/\/makeupatelier.ee\/meigikool\/glamuurne-jumestus-sotsiaalmeedia-sisu-loomine\/\",\"url\":\"https:\/\/makeupatelier.ee\/meigikool\/glamuurne-jumestus-sotsiaalmeedia-sisu-loomine\/\",\"name\":\"Glamuurne jumestus & sotsiaalmeedia sisu loomine - ATELIER Meigikool\",\"isPartOf\":{\"@id\":\"https:\/\/makeupatelier.ee\/meigikool\/#website\"},\"datePublished\":\"2023-05-22T10:39:23+00:00\",\"breadcrumb\":{\"@id\":\"https:\/\/makeupatelier.ee\/meigikool\/glamuurne-jumestus-sotsiaalmeedia-sisu-loomine\/#breadcrumb\"},\"inLanguage\":\"et\",\"potentialAction\":[{\"@type\":\"ReadAction\",\"target\":[\"https:\/\/makeupatelier.ee\/meigikool\/glamuurne-jumestus-sotsiaalmeedia-sisu-loomine\/\"]}]},{\"@type\":\"BreadcrumbList\",\"@id\":\"https:\/\/makeupatelier.ee\/meigikool\/glamuurne-jumestus-sotsiaalmeedia-sisu-loomine\/#breadcrumb\",\"itemListElement\":[{\"@type\":\"ListItem\",\"position\":1,\"name\":\"Home\",\"item\":\"https:\/\/makeupatelier.ee\/meigikool\/\"},{\"@type\":\"ListItem\",\"position\":2,\"name\":\"Glamuurne jumestus &#038; sotsiaalmeedia sisu loomine\"}]},{\"@type\":\"WebSite\",\"@id\":\"https:\/\/makeupatelier.ee\/meigikool\/#website\",\"url\":\"https:\/\/makeupatelier.ee\/meigikool\/\",\"name\":\"ATELIER Meigikool\",\"description\":\"Meigikool\",\"publisher\":{\"@id\":\"https:\/\/makeupatelier.ee\/meigikool\/#organization\"},\"potentialAction\":[{\"@type\":\"SearchAction\",\"target\":{\"@type\":\"EntryPoint\",\"urlTemplate\":\"https:\/\/makeupatelier.ee\/meigikool\/?s={search_term_string}\"},\"query-input\":{\"@type\":\"PropertyValueSpecification\",\"valueRequired\":true,\"valueName\":\"search_term_string\"}}],\"inLanguage\":\"et\"},{\"@type\":\"Organization\",\"@id\":\"https:\/\/makeupatelier.ee\/meigikool\/#organization\",\"name\":\"ATELIER Meigikool\",\"url\":\"https:\/\/makeupatelier.ee\/meigikool\/\",\"logo\":{\"@type\":\"ImageObject\",\"inLanguage\":\"et\",\"@id\":\"https:\/\/makeupatelier.ee\/meigikool\/#\/schema\/logo\/image\/\",\"url\":\"https:\/\/makeupatelier.ee\/meigikool\/wp-content\/uploads\/2017\/03\/cropped-Logo-A-Noir-e1490355572366.png\",\"contentUrl\":\"https:\/\/makeupatelier.ee\/meigikool\/wp-content\/uploads\/2017\/03\/cropped-Logo-A-Noir-e1490355572366.png\",\"width\":137,\"height\":137,\"caption\":\"ATELIER Meigikool\"},\"image\":{\"@id\":\"https:\/\/makeupatelier.ee\/meigikool\/#\/schema\/logo\/image\/\"}}]}<\/script>\n<!-- \/ Yoast SEO plugin. -->","yoast_head_json":{"title":"Glamuurne jumestus & sotsiaalmeedia sisu loomine - ATELIER Meigikool","robots":{"index":"index","follow":"follow","max-snippet":"max-snippet:-1","max-image-preview":"max-image-preview:large","max-video-preview":"max-video-preview:-1"},"canonical":"https:\/\/makeupatelier.ee\/meigikool\/glamuurne-jumestus-sotsiaalmeedia-sisu-loomine\/","og_locale":"et_EE","og_type":"article","og_title":"Glamuurne jumestus & sotsiaalmeedia sisu loomine - ATELIER Meigikool","og_description":"T\u00e4ienduskoolitusasutuse nimetus: ATELIER INTERNATIONAL DE MAQUILLAGE 1. \u00d5PPEKAVA NIMETUS: Glamuurne jumestus &amp; sotsiaalmeedia sisu loomine 2. \u00d5PPEKAVAR\u00dcHM JA \u00d5PPEKAVA KOOSTAMISE ALUS Alus \u00f5ppekavar\u00fchm: juuksurit\u00f6\u00f6 ja iluteenindus \u00d5ppekava koostamise alus: puudub 3. EESM\u00c4RK JA \u00d5PIV\u00c4LJUNDID Eesm\u00e4rk:\u00a0 julgustada \u00f5pilast tegema laineri, punase huule ja kumava nahaga glamuurset jumestust ning looma k\u00f6itvat sotsiaalmeedia sisu. \u00d5piv\u00e4ljundid: koolituse l\u00f5puks \u00f5ppija: [&hellip;]","og_url":"https:\/\/makeupatelier.ee\/meigikool\/glamuurne-jumestus-sotsiaalmeedia-sisu-loomine\/","og_site_name":"ATELIER Meigikool","twitter_card":"summary_large_image","twitter_misc":{"Est. reading time":"2 minutit"},"schema":{"@context":"https:\/\/schema.org","@graph":[{"@type":"WebPage","@id":"https:\/\/makeupatelier.ee\/meigikool\/glamuurne-jumestus-sotsiaalmeedia-sisu-loomine\/","url":"https:\/\/makeupatelier.ee\/meigikool\/glamuurne-jumestus-sotsiaalmeedia-sisu-loomine\/","name":"Glamuurne jumestus & sotsiaalmeedia sisu loomine - ATELIER Meigikool","isPartOf":{"@id":"https:\/\/makeupatelier.ee\/meigikool\/#website"},"datePublished":"2023-05-22T10:39:23+00:00","breadcrumb":{"@id":"https:\/\/makeupatelier.ee\/meigikool\/glamuurne-jumestus-sotsiaalmeedia-sisu-loomine\/#breadcrumb"},"inLanguage":"et","potentialAction":[{"@type":"ReadAction","target":["https:\/\/makeupatelier.ee\/meigikool\/glamuurne-jumestus-sotsiaalmeedia-sisu-loomine\/"]}]},{"@type":"BreadcrumbList","@id":"https:\/\/makeupatelier.ee\/meigikool\/glamuurne-jumestus-sotsiaalmeedia-sisu-loomine\/#breadcrumb","itemListElement":[{"@type":"ListItem","position":1,"name":"Home","item":"https:\/\/makeupatelier.ee\/meigikool\/"},{"@type":"ListItem","position":2,"name":"Glamuurne jumestus &#038; sotsiaalmeedia sisu loomine"}]},{"@type":"WebSite","@id":"https:\/\/makeupatelier.ee\/meigikool\/#website","url":"https:\/\/makeupatelier.ee\/meigikool\/","name":"ATELIER Meigikool","description":"Meigikool","publisher":{"@id":"https:\/\/makeupatelier.ee\/meigikool\/#organization"},"potentialAction":[{"@type":"SearchAction","target":{"@type":"EntryPoint","urlTemplate":"https:\/\/makeupatelier.ee\/meigikool\/?s={search_term_string}"},"query-input":{"@type":"PropertyValueSpecification","valueRequired":true,"valueName":"search_term_string"}}],"inLanguage":"et"},{"@type":"Organization","@id":"https:\/\/makeupatelier.ee\/meigikool\/#organization","name":"ATELIER Meigikool","url":"https:\/\/makeupatelier.ee\/meigikool\/","logo":{"@type":"ImageObject","inLanguage":"et","@id":"https:\/\/makeupatelier.ee\/meigikool\/#\/schema\/logo\/image\/","url":"https:\/\/makeupatelier.ee\/meigikool\/wp-content\/uploads\/2017\/03\/cropped-Logo-A-Noir-e1490355572366.png","contentUrl":"https:\/\/makeupatelier.ee\/meigikool\/wp-content\/uploads\/2017\/03\/cropped-Logo-A-Noir-e1490355572366.png","width":137,"height":137,"caption":"ATELIER Meigikool"},"image":{"@id":"https:\/\/makeupatelier.ee\/meigikool\/#\/schema\/logo\/image\/"}}]}},"_links":{"self":[{"href":"https:\/\/makeupatelier.ee\/meigikool\/wp-json\/wp\/v2\/pages\/4541","targetHints":{"allow":["GET"]}}],"collection":[{"href":"https:\/\/makeupatelier.ee\/meigikool\/wp-json\/wp\/v2\/pages"}],"about":[{"href":"https:\/\/makeupatelier.ee\/meigikool\/wp-json\/wp\/v2\/types\/page"}],"author":[{"embeddable":true,"href":"https:\/\/makeupatelier.ee\/meigikool\/wp-json\/wp\/v2\/users\/1"}],"replies":[{"embeddable":true,"href":"https:\/\/makeupatelier.ee\/meigikool\/wp-json\/wp\/v2\/comments?post=4541"}],"version-history":[{"count":1,"href":"https:\/\/makeupatelier.ee\/meigikool\/wp-json\/wp\/v2\/pages\/4541\/revisions"}],"predecessor-version":[{"id":4542,"href":"https:\/\/makeupatelier.ee\/meigikool\/wp-json\/wp\/v2\/pages\/4541\/revisions\/4542"}],"wp:attachment":[{"href":"https:\/\/makeupatelier.ee\/meigikool\/wp-json\/wp\/v2\/media?parent=4541"}],"curies":[{"name":"wp","href":"https:\/\/api.w.org\/{rel}","templated":true}]}}