{"id":3420,"date":"2019-10-31T14:22:11","date_gmt":"2019-10-31T12:22:11","guid":{"rendered":"https:\/\/makeupatelier.ee\/meigikool\/?page_id=3420"},"modified":"2021-09-21T10:26:14","modified_gmt":"2021-09-21T07:26:14","slug":"ave-antson","status":"publish","type":"page","link":"https:\/\/makeupatelier.ee\/meigikool\/ave-antson\/","title":{"rendered":"Ave Antson"},"content":{"rendered":"<p><strong>Haridusk\u00e4ik:<\/strong><\/p>\n<p>Grimmikool V lend &#8211; 2014\/2015<br \/>\nEesti Meigikunstnike \u00dchenduse Meigi- ja Grimmikool: Jumestuskunstnik Margit M\u00fc\u00fcrisepp &#8211; \u00a0Autorikursus<br \/>\nEesti Sisekoolituse Arendamise Liit (ESAL) Sisekoolitaja koolitus:\u00a0 \u201cLihvitud Teemant\u201d<\/p>\n<p><strong>T\u00e4iendkoolitused:<\/strong><\/p>\n<p>2015 &#8211; Make-Up Designory Make-Up Training by Elizaveta Kudryashova, Tallinn<br \/>\n2016 &#8211; Decoris: ghd inspireeriv lokitehnikate koolitus Vol.1, koolitaja: Erica Roosimaa, Tallinn<br \/>\n2017 &#8211; JGB Make-Up: Jana Boberg \u201eSoft Glam\u201c Masterclass, Tallinn<br \/>\n2017 &#8211; Decoris: ghd inspireeriv lokisoengute lokikoolitus Vol.2 \u2013 Pro Style, koolitaja: Erica Roosimaa, Tallinn<br \/>\n2017 &#8211; Make-Up Forever Academy Masterclass \u201eBridal Make-Up Trends\u201c by Silvia Covrig, Tallinn<br \/>\n2017 &#8211; AP Education \u2013 Aili Puss\u2019i \u201eP\u00f5hjalikud lokitehnikad\u201c, Tallinn<br \/>\n2017 &#8211; AP Education \u2013 Aili Puss\u2019i \u201eRomantilised punutised\u201c, Tallinn<br \/>\n2018 &#8211; Mesauda Milano Make-Up Masterclass by Roberta Nappo, Tallinn<br \/>\n2018 &#8211; Maria Sultanova \u201eHennamaalingute t\u00f6\u00f6tuba\u201d, Tradehouse Koolituskeskus, Tallinn<br \/>\n2019 &#8211; \u201cDate Night\u00a0 Make-Up\u201d by Jenni Korjus, Tradehouse Koolituskeskus, Tallinn<br \/>\n2019 &#8211; Danessa Myricks Masterclass \u201eMake-Up for Photography\u201c, Vilnius<br \/>\n2019 \u2013 \u201cMasters at Blur\u201d \u2013\u201eColor Transformation\u201c by Roshar,\u00a0 Blur Make-Up Room, Toronto<br \/>\n2019 &#8211; IMATS Toronto 2019 DEMOS, Toronto, Kanada:<br \/>\nKevin James Bennett &#8211; \u201ePairing Products and Tools\u201c<br \/>\nMatthew Richard, Dannica Lamoureux &#8211; \u201eApplication Techniques &amp; Mixology\u201c<br \/>\nMarika d\u2019 Auteuil &#8211; Fantasy Make-Up DEMO<br \/>\nCraig Lindberg \u2013 \u201eSFX &amp; Beauty Blending\u201c<br \/>\nGregory Arlt &#8211; Beauty Make-Up DEMO<br \/>\n2019 &#8211; The Make-Up Lovers EXPO 2019 DEMOS, Vilnius, Leedu:<br \/>\nYana Panfilovskaya \u2013 \u201cRed Carpet Make-Up \u2013 Secrets for Perfect Glamour\u201d<br \/>\nJulia Voron \u2013 \u201cBright &amp; Creative: Advanced Technique or Stunning Improvisation?\u201d<br \/>\nEinat Dan \u2013 \u201cArt Beyond Beauty\u201d<br \/>\nVlada Haggerty \u2013 \u201cAuthentic Style in the Make-Up Industry\u201d, Lip Art<br \/>\nOrtal Elimeleh \u2013 \u201cModern Bride: Latest Techniques from Israel\u201d<br \/>\nJordan Liberty \u2013 \u201cThe Science of Light in Makeup: Authoring Techniques\u201d<\/p>\n<p><strong>T\u00f6\u00f6kogemus:<\/strong><\/p>\n<p>2015 &#8211; \u2026 Vabakutseline grimeerija\/jumestuskunstnik<br \/>\n2015 \u2013 2019 \u2013 \u201cSu n\u00e4gu k\u00f5lab tuttavalt\u201d, TV3 &#8211; Tantsijate grimmitiimis<br \/>\n2015-2016 \u2013 Make-Up Studio EST Koolitaja, ilutiimi liige<br \/>\n2016 \u2013 \u201cP\u00fchap\u00e4ev Sepoga\u201d,\u00a0 TV3, 2.saade \u2013 Tantsijate grimmitiim<br \/>\n2016-2018\u00a0&#8211; Tradehouse Koolituskeskuse koolitaja (Jumestus &amp; Soengud)<br \/>\n2019 \u2013 \u201cT\u00e4htede Lava\u201d, ETV &#8211; Grimeerija<br \/>\n2019-2020 Studioworks O\u00dc Jumestuskoolitaja<br \/>\n2021-&#8230;Charlotte Tilbury Artist, Birmingham United Kingdom<br \/>\n<strong>Projektid, reklaam:<\/strong><\/p>\n<p>2015 \u2013 EKA 100 Karneval, grimmitiim<br \/>\n2015 \u2013 Moombah Crew \u2013 \u201cSlide\u201d muusikavideo, Lakeside Productions<br \/>\n2016 &#8211; Rapla Vald 125 \u2013 Lavastus \u201eEesti Asi\u201c (Mart Kivastik), grimmitiim<br \/>\n2016-\u2026 Club Hollywood HALLOWEEN grimmitiim<br \/>\n2016 &#8211; Miss Raplamaa 2016 Finaal\u00fcrituse Grimmitiimi juht<br \/>\n2016 &#8211; Raplamaa Laulu-ja Tantsupidu &#8220;Iga NiNa TaGa on Inimene&#8221; , \u201cVanaisa Vaim\u201d grimm<br \/>\n2016 \u2013 YU Magazine Kaanestaari valimine \u2013 Make-Up Team<br \/>\n2017 &#8211; Rude Rats Juuksurisalong 2017 Kalender<br \/>\n2018 \u2013 Miss Raplamaa 2018 Grimmitiimi juht<br \/>\n2019 \u2013 Parodontalia (Dental Clinic) Promo Video, IOWASCENE<br \/>\n2019 \u2013 Grant Thornton Estonia Promo Video, Brandem<br \/>\n2019 \u2013 Miss Raplamaa 2019 grimmitiim<\/p>\n<p><strong>Fashion: <\/strong><\/p>\n<p>2015 \u2013 Ave Tamme Moeshow, Make-Up Studio EST grimmitiimi liige<br \/>\n2015 \u2013 Montreal @D\u00e9ja Vu, Make-Up Studio EST grimmitiimi liige<br \/>\n2016 -\u2026 ERKI Moeshow Grimmitiimi liige<br \/>\n2016 &#8211; LUMMUS kevad-suvise kollektsiooni \u201eAovalgus\u201cesitlus<br \/>\n2016 &#8211; Tauri V\u00e4strik Design \u2013 \u2019How Many Levels Do You Need\u2019 Lookbook<br \/>\n2017 &#8211; TYHIK by Tauri V\u00e4strik Lookbook<br \/>\n2017 &#8211; &#8220;Perpetuum Mobile&#8221; by Frida J\u00f5e\/ERKI 2017 v\u00f5itja \u2013 Lookbook<br \/>\n2018 \u2013 Tallinn Fashion Week grimmitiimi liige \u2013 Alexanderling, Virtuoza<br \/>\n2019 \u2013 Tallinn Fashion Week grimmitiimi liige &#8211; Alexanderling<\/p>\n<p><strong>Ajakirjad:\u00a0<\/strong><strong>MOOD, Anne &amp; Stiil, Tradehouse Ilukaubamaja, Take 6, Dark Beauty Magazine<\/strong><\/p>\n<p><strong>\u00a0<\/strong><strong>Fotograafid: <\/strong>Olaf Iowa, Penelope Russak, Mardo M\u00e4nnim\u00e4gi, Terje Talts, Kaia Kaskla, Martin Ahven, Robert Lang,\u00a0 J\u00f6rgen Paabu<strong>, <\/strong>Aliis Sinisalu, Siiri Kumari, Kristiin K\u00f5osalu, Riina Varol, Gregor J\u00fcrna, Kertin Vasser, Laura Strandberg, Georg-Sander M\u00e4nnik, Silver Raidla, Anniki Jalast, Maarika Roosi, Annika Erik, Kristi Kullerkupp, Marianne Ubaleht jpt.<\/p>\n","protected":false},"excerpt":{"rendered":"<p>Haridusk\u00e4ik: Grimmikool V lend &#8211; 2014\/2015 Eesti Meigikunstnike \u00dchenduse Meigi- ja Grimmikool: Jumestuskunstnik Margit M\u00fc\u00fcrisepp &#8211; \u00a0Autorikursus Eesti Sisekoolituse Arendamise Liit (ESAL) Sisekoolitaja koolitus:\u00a0 \u201cLihvitud Teemant\u201d T\u00e4iendkoolitused: 2015 &#8211; Make-Up Designory Make-Up Training by Elizaveta Kudryashova, Tallinn 2016 &#8211; Decoris: ghd inspireeriv lokitehnikate koolitus Vol.1, koolitaja: Erica Roosimaa, Tallinn 2017 &#8211; JGB Make-Up: Jana Boberg [&hellip;]<\/p>\n","protected":false},"author":1,"featured_media":0,"parent":0,"menu_order":0,"comment_status":"closed","ping_status":"closed","template":"","meta":{"footnotes":""},"class_list":["post-3420","page","type-page","status-publish","hentry"],"yoast_head":"<!-- This site is optimized with the Yoast SEO plugin v24.4 - https:\/\/yoast.com\/wordpress\/plugins\/seo\/ -->\n<title>Ave Antson - ATELIER Meigikool<\/title>\n<meta name=\"robots\" content=\"index, follow, max-snippet:-1, max-image-preview:large, max-video-preview:-1\" \/>\n<link rel=\"canonical\" href=\"https:\/\/makeupatelier.ee\/meigikool\/ave-antson\/\" \/>\n<meta property=\"og:locale\" content=\"et_EE\" \/>\n<meta property=\"og:type\" content=\"article\" \/>\n<meta property=\"og:title\" content=\"Ave Antson - ATELIER Meigikool\" \/>\n<meta property=\"og:description\" content=\"Haridusk\u00e4ik: Grimmikool V lend &#8211; 2014\/2015 Eesti Meigikunstnike \u00dchenduse Meigi- ja Grimmikool: Jumestuskunstnik Margit M\u00fc\u00fcrisepp &#8211; \u00a0Autorikursus Eesti Sisekoolituse Arendamise Liit (ESAL) Sisekoolitaja koolitus:\u00a0 \u201cLihvitud Teemant\u201d T\u00e4iendkoolitused: 2015 &#8211; Make-Up Designory Make-Up Training by Elizaveta Kudryashova, Tallinn 2016 &#8211; Decoris: ghd inspireeriv lokitehnikate koolitus Vol.1, koolitaja: Erica Roosimaa, Tallinn 2017 &#8211; JGB Make-Up: Jana Boberg [&hellip;]\" \/>\n<meta property=\"og:url\" content=\"https:\/\/makeupatelier.ee\/meigikool\/ave-antson\/\" \/>\n<meta property=\"og:site_name\" content=\"ATELIER Meigikool\" \/>\n<meta property=\"article:modified_time\" content=\"2021-09-21T07:26:14+00:00\" \/>\n<meta name=\"twitter:card\" content=\"summary_large_image\" \/>\n<meta name=\"twitter:label1\" content=\"Est. reading time\" \/>\n\t<meta name=\"twitter:data1\" content=\"3 minutit\" \/>\n<script type=\"application\/ld+json\" class=\"yoast-schema-graph\">{\"@context\":\"https:\/\/schema.org\",\"@graph\":[{\"@type\":\"WebPage\",\"@id\":\"https:\/\/makeupatelier.ee\/meigikool\/ave-antson\/\",\"url\":\"https:\/\/makeupatelier.ee\/meigikool\/ave-antson\/\",\"name\":\"Ave Antson - ATELIER Meigikool\",\"isPartOf\":{\"@id\":\"https:\/\/makeupatelier.ee\/meigikool\/#website\"},\"datePublished\":\"2019-10-31T12:22:11+00:00\",\"dateModified\":\"2021-09-21T07:26:14+00:00\",\"breadcrumb\":{\"@id\":\"https:\/\/makeupatelier.ee\/meigikool\/ave-antson\/#breadcrumb\"},\"inLanguage\":\"et\",\"potentialAction\":[{\"@type\":\"ReadAction\",\"target\":[\"https:\/\/makeupatelier.ee\/meigikool\/ave-antson\/\"]}]},{\"@type\":\"BreadcrumbList\",\"@id\":\"https:\/\/makeupatelier.ee\/meigikool\/ave-antson\/#breadcrumb\",\"itemListElement\":[{\"@type\":\"ListItem\",\"position\":1,\"name\":\"Home\",\"item\":\"https:\/\/makeupatelier.ee\/meigikool\/\"},{\"@type\":\"ListItem\",\"position\":2,\"name\":\"Ave Antson\"}]},{\"@type\":\"WebSite\",\"@id\":\"https:\/\/makeupatelier.ee\/meigikool\/#website\",\"url\":\"https:\/\/makeupatelier.ee\/meigikool\/\",\"name\":\"ATELIER Meigikool\",\"description\":\"Meigikool\",\"publisher\":{\"@id\":\"https:\/\/makeupatelier.ee\/meigikool\/#organization\"},\"potentialAction\":[{\"@type\":\"SearchAction\",\"target\":{\"@type\":\"EntryPoint\",\"urlTemplate\":\"https:\/\/makeupatelier.ee\/meigikool\/?s={search_term_string}\"},\"query-input\":{\"@type\":\"PropertyValueSpecification\",\"valueRequired\":true,\"valueName\":\"search_term_string\"}}],\"inLanguage\":\"et\"},{\"@type\":\"Organization\",\"@id\":\"https:\/\/makeupatelier.ee\/meigikool\/#organization\",\"name\":\"ATELIER Meigikool\",\"url\":\"https:\/\/makeupatelier.ee\/meigikool\/\",\"logo\":{\"@type\":\"ImageObject\",\"inLanguage\":\"et\",\"@id\":\"https:\/\/makeupatelier.ee\/meigikool\/#\/schema\/logo\/image\/\",\"url\":\"https:\/\/makeupatelier.ee\/meigikool\/wp-content\/uploads\/2017\/03\/cropped-Logo-A-Noir-e1490355572366.png\",\"contentUrl\":\"https:\/\/makeupatelier.ee\/meigikool\/wp-content\/uploads\/2017\/03\/cropped-Logo-A-Noir-e1490355572366.png\",\"width\":137,\"height\":137,\"caption\":\"ATELIER Meigikool\"},\"image\":{\"@id\":\"https:\/\/makeupatelier.ee\/meigikool\/#\/schema\/logo\/image\/\"}}]}<\/script>\n<!-- \/ Yoast SEO plugin. -->","yoast_head_json":{"title":"Ave Antson - ATELIER Meigikool","robots":{"index":"index","follow":"follow","max-snippet":"max-snippet:-1","max-image-preview":"max-image-preview:large","max-video-preview":"max-video-preview:-1"},"canonical":"https:\/\/makeupatelier.ee\/meigikool\/ave-antson\/","og_locale":"et_EE","og_type":"article","og_title":"Ave Antson - ATELIER Meigikool","og_description":"Haridusk\u00e4ik: Grimmikool V lend &#8211; 2014\/2015 Eesti Meigikunstnike \u00dchenduse Meigi- ja Grimmikool: Jumestuskunstnik Margit M\u00fc\u00fcrisepp &#8211; \u00a0Autorikursus Eesti Sisekoolituse Arendamise Liit (ESAL) Sisekoolitaja koolitus:\u00a0 \u201cLihvitud Teemant\u201d T\u00e4iendkoolitused: 2015 &#8211; Make-Up Designory Make-Up Training by Elizaveta Kudryashova, Tallinn 2016 &#8211; Decoris: ghd inspireeriv lokitehnikate koolitus Vol.1, koolitaja: Erica Roosimaa, Tallinn 2017 &#8211; JGB Make-Up: Jana Boberg [&hellip;]","og_url":"https:\/\/makeupatelier.ee\/meigikool\/ave-antson\/","og_site_name":"ATELIER Meigikool","article_modified_time":"2021-09-21T07:26:14+00:00","twitter_card":"summary_large_image","twitter_misc":{"Est. reading time":"3 minutit"},"schema":{"@context":"https:\/\/schema.org","@graph":[{"@type":"WebPage","@id":"https:\/\/makeupatelier.ee\/meigikool\/ave-antson\/","url":"https:\/\/makeupatelier.ee\/meigikool\/ave-antson\/","name":"Ave Antson - ATELIER Meigikool","isPartOf":{"@id":"https:\/\/makeupatelier.ee\/meigikool\/#website"},"datePublished":"2019-10-31T12:22:11+00:00","dateModified":"2021-09-21T07:26:14+00:00","breadcrumb":{"@id":"https:\/\/makeupatelier.ee\/meigikool\/ave-antson\/#breadcrumb"},"inLanguage":"et","potentialAction":[{"@type":"ReadAction","target":["https:\/\/makeupatelier.ee\/meigikool\/ave-antson\/"]}]},{"@type":"BreadcrumbList","@id":"https:\/\/makeupatelier.ee\/meigikool\/ave-antson\/#breadcrumb","itemListElement":[{"@type":"ListItem","position":1,"name":"Home","item":"https:\/\/makeupatelier.ee\/meigikool\/"},{"@type":"ListItem","position":2,"name":"Ave Antson"}]},{"@type":"WebSite","@id":"https:\/\/makeupatelier.ee\/meigikool\/#website","url":"https:\/\/makeupatelier.ee\/meigikool\/","name":"ATELIER Meigikool","description":"Meigikool","publisher":{"@id":"https:\/\/makeupatelier.ee\/meigikool\/#organization"},"potentialAction":[{"@type":"SearchAction","target":{"@type":"EntryPoint","urlTemplate":"https:\/\/makeupatelier.ee\/meigikool\/?s={search_term_string}"},"query-input":{"@type":"PropertyValueSpecification","valueRequired":true,"valueName":"search_term_string"}}],"inLanguage":"et"},{"@type":"Organization","@id":"https:\/\/makeupatelier.ee\/meigikool\/#organization","name":"ATELIER Meigikool","url":"https:\/\/makeupatelier.ee\/meigikool\/","logo":{"@type":"ImageObject","inLanguage":"et","@id":"https:\/\/makeupatelier.ee\/meigikool\/#\/schema\/logo\/image\/","url":"https:\/\/makeupatelier.ee\/meigikool\/wp-content\/uploads\/2017\/03\/cropped-Logo-A-Noir-e1490355572366.png","contentUrl":"https:\/\/makeupatelier.ee\/meigikool\/wp-content\/uploads\/2017\/03\/cropped-Logo-A-Noir-e1490355572366.png","width":137,"height":137,"caption":"ATELIER Meigikool"},"image":{"@id":"https:\/\/makeupatelier.ee\/meigikool\/#\/schema\/logo\/image\/"}}]}},"_links":{"self":[{"href":"https:\/\/makeupatelier.ee\/meigikool\/wp-json\/wp\/v2\/pages\/3420","targetHints":{"allow":["GET"]}}],"collection":[{"href":"https:\/\/makeupatelier.ee\/meigikool\/wp-json\/wp\/v2\/pages"}],"about":[{"href":"https:\/\/makeupatelier.ee\/meigikool\/wp-json\/wp\/v2\/types\/page"}],"author":[{"embeddable":true,"href":"https:\/\/makeupatelier.ee\/meigikool\/wp-json\/wp\/v2\/users\/1"}],"replies":[{"embeddable":true,"href":"https:\/\/makeupatelier.ee\/meigikool\/wp-json\/wp\/v2\/comments?post=3420"}],"version-history":[{"count":5,"href":"https:\/\/makeupatelier.ee\/meigikool\/wp-json\/wp\/v2\/pages\/3420\/revisions"}],"predecessor-version":[{"id":4165,"href":"https:\/\/makeupatelier.ee\/meigikool\/wp-json\/wp\/v2\/pages\/3420\/revisions\/4165"}],"wp:attachment":[{"href":"https:\/\/makeupatelier.ee\/meigikool\/wp-json\/wp\/v2\/media?parent=3420"}],"curies":[{"name":"wp","href":"https:\/\/api.w.org\/{rel}","templated":true}]}}