{"id":2956,"date":"2018-06-15T08:36:52","date_gmt":"2018-06-15T05:36:52","guid":{"rendered":"https:\/\/makeupatelier.ee\/meigikool\/?page_id=2956"},"modified":"2018-06-15T08:37:31","modified_gmt":"2018-06-15T05:37:31","slug":"intensiivkursus","status":"publish","type":"page","link":"https:\/\/makeupatelier.ee\/meigikool\/intensiivkursus\/","title":{"rendered":"Intensiivkursus"},"content":{"rendered":"<p><strong>T\u00e4ienduskoolitusasutuse nimetus<\/strong>: ATELIER INTERNATIONAL DE MAQUILLAGE<\/p>\n<ol>\n<li><strong>\u00d5PPEKAVA NIMETUS:\u00a0<\/strong>Meigi\u00f5ppe intensiivkursus<\/li>\n<\/ol>\n<ol start=\"2\">\n<li><strong> \u00d5PPEKAVAR\u00dcHMA JA \u00d5PPEKAVA KOOSTAMISE ALUS<\/strong><\/li>\n<\/ol>\n<p><strong>Alus \u00f5ppekavar\u00fchm:<\/strong> juuksurit\u00f6\u00f6 ja iluteenindus<\/p>\n<ol start=\"3\">\n<li><strong> EESM\u00c4RK JA \u00d5PPIV\u00c4LJUNDID<\/strong><\/li>\n<\/ol>\n<p><strong>Eesm\u00e4rk:<\/strong>\u00a0v\u00f5imaldada juba iluteeninduse valdkonnas t\u00f6\u00f6taval v\u00f5i t\u00f6\u00f6d alustaval jumestajal omandada inspiratsiooni,\u00a0uusi tehnikaid-ja t\u00f6\u00f6v\u00f5tteid.<\/p>\n<p><strong>\u00d5piv\u00e4ljundid:<\/strong> koolituse l\u00f5puks \u00f5ppija:<\/p>\n<ol>\n<li>valib jumestamiseks sobivad tooted, l\u00e4htudes kliendi n\u00e4onaha t\u00fc\u00fcbist ja seisukorrast, kliendi east, naha v\u00e4rvi alatoonist, jumestuse eesm\u00e4rgist ja kliendi soovist;<\/li>\n<li>m\u00f5istab v\u00e4rvi, valguse -ja varju teooriat ja rakendab seda oma t\u00f6\u00f6des;<\/li>\n<li>tunneb ja oskab rakendada oma t\u00f6\u00f6s erineva tekstuuridega jumestustooteid (kreemv\u00e4rvid, lahtised pigmendid, satiinid ja glittrid);<\/li>\n<li>oskab teostada erinevaid silmajumestuse tehnikaid: vertikaalne, horisontaalne,suitsusilm;<\/li>\n<li>valib ja paigaldab iseseisvalt kunstripsmed ja\u00a0kasutab 3D tehnikat huulejumestuses;<\/li>\n<li>v\u00e4\u00e4rtustab jumestaja eriala ning arendab enda oskusi.<\/li>\n<\/ol>\n<p>4.\u00a0<strong>SIHTGRUPP JA \u00d5PPE ALUSTAMISE TINGIMUSED<\/strong><\/p>\n<p><strong>Sihtgrupp: <\/strong>juba\u00a0iluteeninduse valdkonnas t\u00f6\u00f6tavad v\u00f5i t\u00f6\u00f6d alustavad isikud, kes soovivad arendada oma oskuseid.<\/p>\n<p><strong>\u00d5ppe alustamise tingimused:<\/strong> Intensiivkuruse \u00f5ppekavale v\u00f5ib asuda \u00f5ppima isik alates 18. eluaastast ja kelle tervislik seisund v\u00f5imaldab \u00f5ppida valitud erialal.\u00a0\u00d5pilane v\u00f5etakse kooli vastu registreerimiseavalduse alusel. L\u00f5pliku otsuse kursusele vastuv\u00f5tmise koht teeb kooli pidaja.<\/p>\n<ol start=\"5\">\n<li><strong> \u00d5PPE MAHT, \u00d5PPE \u00dcLESEHITUS, \u00d5PPEKESKKOND JA \u00d5PPIV\u00c4LJUNDID <\/strong><\/li>\n<\/ol>\n<p><strong>\u00d5ppe maht ja \u00fclesehitus:<\/strong>\u00a022 akadeemilist tundi, millest kontakt\u00f5pet 22 akadeemilist tundi (teooriat 3 AK, praktikat 19 AK)<\/p>\n<p><strong>\u00d5ppekeskkond:<\/strong> Kool asub P\u00e4rnus, aadressil A.H.Tammsaare pst 41-M6 P\u00e4rnu, teisel korrusel. \u00dcldpinna ligikaudne suurus 80 ruutmeetrit. Koolitusruumid jagunevad \u2013 koolituskeskus (max.12 \u00f5ppekohta), fotostuudio, 1 kontoriruum, 1 laoruum, k\u00f6\u00f6ginurk, WC. \u00d5pe toimub hea valgustusega peeglitega varustatud \u00f5ppestuudios. Valgustust on v\u00f5imalik \u00fcmber l\u00fclitada k\u00fclmaks valguseks, kui soojaks valguseks. Erinevatele k\u00f5rgustele seadistatavad klienditoolid. Osalejatele on koolituskeskuse poolt tagatud kosmeetika praktilise osa jaoks. \u00d5pilasel peavad olema isiklikud t\u00f6\u00f6vahendid (pintslid, svamm, puudripadi, spaatel ja palett, pintslipuhastusvahend).<\/p>\n<ol start=\"6\">\n<li><strong> \u00d5PPEPROTSESSI KIRJELDUS, sh \u00d5PPE SISU, \u00d5PPEMEETODID<\/strong><\/li>\n<\/ol>\n<p><strong>6.1.4 N\u00e4o- ja naha\u00f5petus<\/strong><\/p>\n<table width=\"742\">\n<tbody>\n<tr>\n<td width=\"141\"><strong>\u00d5ppe \u00fclesehitus ja maht <\/strong><\/td>\n<td width=\"324\"><strong>\u00d5ppe sisu ja \u00f5ppematerjalid <\/strong><\/td>\n<td width=\"72\"><strong>\u00d5ppemeetodid <\/strong><\/td>\n<\/tr>\n<tr>\n<td width=\"141\">Auditoorne t\u00f6\u00f6 1 AK<\/td>\n<td width=\"324\">N\u00e4o proportsiooni\u00f5petus (n\u00e4o proportsionaalne jaotus). N\u00e4onaha ettevalmistus jumestamiseks. Toodete valimine vastavalt n\u00e4onahale. Valguse ja varju kasutamine jumestamises. Modelleerimine. N\u00e4onaha puhastus peale jumestamist.\u00a0V\u00e4rviringi kasutamine jumestamises (neutraliseerimine, vastandv\u00e4rvide m\u00f5ju, soojad ja k\u00fclmad toonid). <em>NUDE<\/em> jumestus.<\/td>\n<td width=\"72\">Loeng ja demojumestus<\/td>\n<\/tr>\n<tr>\n<td width=\"141\">Praktika koolituskeskkonnas \u00a0 \u00a0 7AK<\/td>\n<td width=\"324\">N\u00e4okuju ja -naha anal\u00fc\u00fcsimine, n\u00e4onaha ettevalmistus jumestamiseks, toodete valimine vastavalt n\u00e4onahale, iluvigade neutraliseerimine, n\u00e4o modelleerimine (kreemjate ja kuivade toodetega). Valguse ja varju kasutamine jumestamises (esiletoomine ja s\u00fcgavuse andmine, ruumilususe loomine).\u00a0Sobiliku p\u00f5seruu\u017ei, lauv\u00e4rvi ja huulepulga tooni valimine ja pealekandmine.\u00a0<em>NUDE<\/em> jumestuse teostus.<\/td>\n<td width=\"72\">Praktiline jumestamine \u00f5petaja juhendamisel<\/td>\n<\/tr>\n<tr>\n<td width=\"141\"><\/td>\n<td width=\"324\"><\/td>\n<td width=\"72\"><\/td>\n<\/tr>\n<\/tbody>\n<\/table>\n<p><strong>6.2.2 Silmajumestuse tehnikad<\/strong><\/p>\n<table width=\"744\">\n<tbody>\n<tr>\n<td width=\"142\"><strong>\u00d5ppe \u00fclesehitus ja maht <\/strong><\/td>\n<td width=\"324\"><strong>\u00d5ppe sisu ja \u00f5ppematerjalid <\/strong><\/td>\n<td width=\"72\"><strong>\u00d5ppemeetodid <\/strong><\/td>\n<\/tr>\n<tr>\n<td width=\"142\">Auditoorne t\u00f6\u00f6 1 AK<\/td>\n<td width=\"324\">Erinevad silmakujud ja nende anal\u00fc\u00fcs. Silmajumestus (horisontaalne ja vertikaalne jaotus). Lainerijoone tehnikad.\u00a0<span style=\"font-family: inherit; font-size: inherit;\">Erineva tekstuuriga jumestustooted.<\/span>\u00a0Erinevad huulekujud ja nende korrigeerimine. Kunstripsmete kasutamine.<\/td>\n<td width=\"72\">Loeng ja demojumestus<\/td>\n<\/tr>\n<tr>\n<td width=\"142\">Praktika koolituskeskkonnas 7 \u00a0 \u00a0 AK<\/td>\n<td width=\"324\">\u00a0\u00dchtlane meigip\u00f5hi ja modelleerimine.\u00a0<span style=\"font-family: inherit; font-size: inherit;\">Horisontaalne silmajumestus koos laineri ja kunstripsmetega (tutikud, ribaripsemed).\u00a0<\/span><span style=\"font-family: inherit; font-size: inherit;\">Vertikaalne silmajumestus v\u00e4hemalt kolme erineva tooniga.\u00a0<\/span><span style=\"font-family: inherit; font-size: inherit;\">Huule kuju \u00fchtlustamine ja esile toomine jumestusega.<\/span><span style=\"font-family: inherit; font-size: inherit;\">\u00a0<\/span><span style=\"font-family: inherit; font-size: inherit;\">Kulmude korrigeerimine.<\/span><\/td>\n<td width=\"72\">Praktiline jumestamine \u00f5petaja juhendamisel<\/td>\n<\/tr>\n<tr>\n<td width=\"142\"><\/td>\n<td width=\"324\"><\/td>\n<td width=\"72\"><\/td>\n<\/tr>\n<\/tbody>\n<\/table>\n<p><strong>6.2.3 Suitsusilm ja 3D huulejumestus\u00a0<\/strong><\/p>\n<table width=\"742\">\n<tbody>\n<tr>\n<td width=\"141\"><strong>\u00d5ppe \u00fclesehitus ja maht <\/strong><\/td>\n<td width=\"324\"><strong>\u00d5ppe sisu ja \u00f5ppematerjalid <\/strong><\/td>\n<td width=\"72\"><strong>\u00d5ppemeetodid <\/strong><\/td>\n<\/tr>\n<tr>\n<td width=\"141\">Auditoorne t\u00f6\u00f6 1 AK<\/td>\n<td width=\"324\">\u00a0Suitsusilma tehnika. <span style=\"font-family: inherit; font-size: inherit;\">Erineva tekstuuriga jumestustooted-efektv\u00e4rvid.\u00a0<\/span>\u00a03D huule modelleerimine<\/td>\n<td width=\"72\">Loeng ja demojumestus<\/td>\n<\/tr>\n<tr>\n<td width=\"141\">Praktika koolituskeskkonnas 5 \u00a0 \u00a0 AK<\/td>\n<td width=\"324\">\u00dchtlane meigip\u00f5hi ja n\u00e4omodelleerimine highlighter p\u00f5him\u00f5ttel (kasutades l\u00e4ikeid andvaid tooteid). Suitsusilm koos efektidega (glitter, satiin, s\u00e4delused).\u00a0\u00a03D huule modelleerimine<\/td>\n<td width=\"72\">Praktiline jumestamine \u00f5petaja juhendamisel<\/td>\n<\/tr>\n<tr>\n<td width=\"141\"><\/td>\n<td width=\"324\"><\/td>\n<td width=\"72\"><\/td>\n<\/tr>\n<\/tbody>\n<\/table>\n<p><strong>6.2.4<\/strong><strong> hindamine ehk \u00f5ppe l\u00f5petamise tingimused <\/strong><\/p>\n<table style=\"height: 122px;\" width=\"912\">\n<tbody>\n<tr>\n<td><strong>hindamismeetod <\/strong><\/td>\n<td><strong>hindamiskriteerium <\/strong><\/td>\n<\/tr>\n<tr>\n<td>Kontakttundides osalemine<\/td>\n<td>\u00d5pilane on t\u00e4itnud \u00f5ppeprogrammi, osalenud k\u00f5ikides kontakt\u00f5ppe tundides ja teostanud praktilised t\u00f6\u00f6d<\/td>\n<\/tr>\n<tr>\n<td><\/td>\n<td><\/td>\n<\/tr>\n<tr>\n<td><\/td>\n<td><\/td>\n<\/tr>\n<\/tbody>\n<\/table>\n<ol start=\"8\">\n<li><strong> V\u00c4LJASTATAVAD DOKUMENDID<\/strong><\/li>\n<\/ol>\n<p>\u00d5piv\u00e4ljundid omandanud ning hindamise l\u00e4binud \u00f5ppijale v\u00e4ljastatakse tunnistus. Hindamist mittel\u00e4binud \u00f5ppijale v\u00e4ljastatakse t\u00f5end koolitusel osalemise ja l\u00e4bitud teemade kohta.<\/p>\n<ol start=\"9\">\n<li><strong> KOOLITAJA KVALIFIKATSIOON<\/strong><\/li>\n<\/ol>\n<p>Jumestaja\/grimeerija haridus, t\u00f6\u00f6kogemus jumestajana.<\/p>\n","protected":false},"excerpt":{"rendered":"<p>T\u00e4ienduskoolitusasutuse nimetus: ATELIER INTERNATIONAL DE MAQUILLAGE \u00d5PPEKAVA NIMETUS:\u00a0Meigi\u00f5ppe intensiivkursus \u00d5PPEKAVAR\u00dcHMA JA \u00d5PPEKAVA KOOSTAMISE ALUS Alus \u00f5ppekavar\u00fchm: juuksurit\u00f6\u00f6 ja iluteenindus EESM\u00c4RK JA \u00d5PPIV\u00c4LJUNDID Eesm\u00e4rk:\u00a0v\u00f5imaldada juba iluteeninduse valdkonnas t\u00f6\u00f6taval v\u00f5i t\u00f6\u00f6d alustaval jumestajal omandada inspiratsiooni,\u00a0uusi tehnikaid-ja t\u00f6\u00f6v\u00f5tteid. \u00d5piv\u00e4ljundid: koolituse l\u00f5puks \u00f5ppija: valib jumestamiseks sobivad tooted, l\u00e4htudes kliendi n\u00e4onaha t\u00fc\u00fcbist ja seisukorrast, kliendi east, naha v\u00e4rvi alatoonist, jumestuse [&hellip;]<\/p>\n","protected":false},"author":1,"featured_media":0,"parent":0,"menu_order":0,"comment_status":"closed","ping_status":"closed","template":"","meta":{"footnotes":""},"class_list":["post-2956","page","type-page","status-publish","hentry"],"yoast_head":"<!-- This site is optimized with the Yoast SEO plugin v24.4 - https:\/\/yoast.com\/wordpress\/plugins\/seo\/ -->\n<title>Intensiivkursus - ATELIER Meigikool<\/title>\n<meta name=\"robots\" content=\"index, follow, max-snippet:-1, max-image-preview:large, max-video-preview:-1\" \/>\n<link rel=\"canonical\" href=\"https:\/\/makeupatelier.ee\/meigikool\/intensiivkursus\/\" \/>\n<meta property=\"og:locale\" content=\"et_EE\" \/>\n<meta property=\"og:type\" content=\"article\" \/>\n<meta property=\"og:title\" content=\"Intensiivkursus - ATELIER Meigikool\" \/>\n<meta property=\"og:description\" content=\"T\u00e4ienduskoolitusasutuse nimetus: ATELIER INTERNATIONAL DE MAQUILLAGE \u00d5PPEKAVA NIMETUS:\u00a0Meigi\u00f5ppe intensiivkursus \u00d5PPEKAVAR\u00dcHMA JA \u00d5PPEKAVA KOOSTAMISE ALUS Alus \u00f5ppekavar\u00fchm: juuksurit\u00f6\u00f6 ja iluteenindus EESM\u00c4RK JA \u00d5PPIV\u00c4LJUNDID Eesm\u00e4rk:\u00a0v\u00f5imaldada juba iluteeninduse valdkonnas t\u00f6\u00f6taval v\u00f5i t\u00f6\u00f6d alustaval jumestajal omandada inspiratsiooni,\u00a0uusi tehnikaid-ja t\u00f6\u00f6v\u00f5tteid. \u00d5piv\u00e4ljundid: koolituse l\u00f5puks \u00f5ppija: valib jumestamiseks sobivad tooted, l\u00e4htudes kliendi n\u00e4onaha t\u00fc\u00fcbist ja seisukorrast, kliendi east, naha v\u00e4rvi alatoonist, jumestuse [&hellip;]\" \/>\n<meta property=\"og:url\" content=\"https:\/\/makeupatelier.ee\/meigikool\/intensiivkursus\/\" \/>\n<meta property=\"og:site_name\" content=\"ATELIER Meigikool\" \/>\n<meta property=\"article:modified_time\" content=\"2018-06-15T05:37:31+00:00\" \/>\n<meta name=\"twitter:card\" content=\"summary_large_image\" \/>\n<meta name=\"twitter:label1\" content=\"Est. reading time\" \/>\n\t<meta name=\"twitter:data1\" content=\"3 minutit\" \/>\n<script type=\"application\/ld+json\" class=\"yoast-schema-graph\">{\"@context\":\"https:\/\/schema.org\",\"@graph\":[{\"@type\":\"WebPage\",\"@id\":\"https:\/\/makeupatelier.ee\/meigikool\/intensiivkursus\/\",\"url\":\"https:\/\/makeupatelier.ee\/meigikool\/intensiivkursus\/\",\"name\":\"Intensiivkursus - ATELIER Meigikool\",\"isPartOf\":{\"@id\":\"https:\/\/makeupatelier.ee\/meigikool\/#website\"},\"datePublished\":\"2018-06-15T05:36:52+00:00\",\"dateModified\":\"2018-06-15T05:37:31+00:00\",\"breadcrumb\":{\"@id\":\"https:\/\/makeupatelier.ee\/meigikool\/intensiivkursus\/#breadcrumb\"},\"inLanguage\":\"et\",\"potentialAction\":[{\"@type\":\"ReadAction\",\"target\":[\"https:\/\/makeupatelier.ee\/meigikool\/intensiivkursus\/\"]}]},{\"@type\":\"BreadcrumbList\",\"@id\":\"https:\/\/makeupatelier.ee\/meigikool\/intensiivkursus\/#breadcrumb\",\"itemListElement\":[{\"@type\":\"ListItem\",\"position\":1,\"name\":\"Home\",\"item\":\"https:\/\/makeupatelier.ee\/meigikool\/\"},{\"@type\":\"ListItem\",\"position\":2,\"name\":\"Intensiivkursus\"}]},{\"@type\":\"WebSite\",\"@id\":\"https:\/\/makeupatelier.ee\/meigikool\/#website\",\"url\":\"https:\/\/makeupatelier.ee\/meigikool\/\",\"name\":\"ATELIER Meigikool\",\"description\":\"Meigikool\",\"publisher\":{\"@id\":\"https:\/\/makeupatelier.ee\/meigikool\/#organization\"},\"potentialAction\":[{\"@type\":\"SearchAction\",\"target\":{\"@type\":\"EntryPoint\",\"urlTemplate\":\"https:\/\/makeupatelier.ee\/meigikool\/?s={search_term_string}\"},\"query-input\":{\"@type\":\"PropertyValueSpecification\",\"valueRequired\":true,\"valueName\":\"search_term_string\"}}],\"inLanguage\":\"et\"},{\"@type\":\"Organization\",\"@id\":\"https:\/\/makeupatelier.ee\/meigikool\/#organization\",\"name\":\"ATELIER Meigikool\",\"url\":\"https:\/\/makeupatelier.ee\/meigikool\/\",\"logo\":{\"@type\":\"ImageObject\",\"inLanguage\":\"et\",\"@id\":\"https:\/\/makeupatelier.ee\/meigikool\/#\/schema\/logo\/image\/\",\"url\":\"https:\/\/makeupatelier.ee\/meigikool\/wp-content\/uploads\/2017\/03\/cropped-Logo-A-Noir-e1490355572366.png\",\"contentUrl\":\"https:\/\/makeupatelier.ee\/meigikool\/wp-content\/uploads\/2017\/03\/cropped-Logo-A-Noir-e1490355572366.png\",\"width\":137,\"height\":137,\"caption\":\"ATELIER Meigikool\"},\"image\":{\"@id\":\"https:\/\/makeupatelier.ee\/meigikool\/#\/schema\/logo\/image\/\"}}]}<\/script>\n<!-- \/ Yoast SEO plugin. -->","yoast_head_json":{"title":"Intensiivkursus - ATELIER Meigikool","robots":{"index":"index","follow":"follow","max-snippet":"max-snippet:-1","max-image-preview":"max-image-preview:large","max-video-preview":"max-video-preview:-1"},"canonical":"https:\/\/makeupatelier.ee\/meigikool\/intensiivkursus\/","og_locale":"et_EE","og_type":"article","og_title":"Intensiivkursus - ATELIER Meigikool","og_description":"T\u00e4ienduskoolitusasutuse nimetus: ATELIER INTERNATIONAL DE MAQUILLAGE \u00d5PPEKAVA NIMETUS:\u00a0Meigi\u00f5ppe intensiivkursus \u00d5PPEKAVAR\u00dcHMA JA \u00d5PPEKAVA KOOSTAMISE ALUS Alus \u00f5ppekavar\u00fchm: juuksurit\u00f6\u00f6 ja iluteenindus EESM\u00c4RK JA \u00d5PPIV\u00c4LJUNDID Eesm\u00e4rk:\u00a0v\u00f5imaldada juba iluteeninduse valdkonnas t\u00f6\u00f6taval v\u00f5i t\u00f6\u00f6d alustaval jumestajal omandada inspiratsiooni,\u00a0uusi tehnikaid-ja t\u00f6\u00f6v\u00f5tteid. \u00d5piv\u00e4ljundid: koolituse l\u00f5puks \u00f5ppija: valib jumestamiseks sobivad tooted, l\u00e4htudes kliendi n\u00e4onaha t\u00fc\u00fcbist ja seisukorrast, kliendi east, naha v\u00e4rvi alatoonist, jumestuse [&hellip;]","og_url":"https:\/\/makeupatelier.ee\/meigikool\/intensiivkursus\/","og_site_name":"ATELIER Meigikool","article_modified_time":"2018-06-15T05:37:31+00:00","twitter_card":"summary_large_image","twitter_misc":{"Est. reading time":"3 minutit"},"schema":{"@context":"https:\/\/schema.org","@graph":[{"@type":"WebPage","@id":"https:\/\/makeupatelier.ee\/meigikool\/intensiivkursus\/","url":"https:\/\/makeupatelier.ee\/meigikool\/intensiivkursus\/","name":"Intensiivkursus - ATELIER Meigikool","isPartOf":{"@id":"https:\/\/makeupatelier.ee\/meigikool\/#website"},"datePublished":"2018-06-15T05:36:52+00:00","dateModified":"2018-06-15T05:37:31+00:00","breadcrumb":{"@id":"https:\/\/makeupatelier.ee\/meigikool\/intensiivkursus\/#breadcrumb"},"inLanguage":"et","potentialAction":[{"@type":"ReadAction","target":["https:\/\/makeupatelier.ee\/meigikool\/intensiivkursus\/"]}]},{"@type":"BreadcrumbList","@id":"https:\/\/makeupatelier.ee\/meigikool\/intensiivkursus\/#breadcrumb","itemListElement":[{"@type":"ListItem","position":1,"name":"Home","item":"https:\/\/makeupatelier.ee\/meigikool\/"},{"@type":"ListItem","position":2,"name":"Intensiivkursus"}]},{"@type":"WebSite","@id":"https:\/\/makeupatelier.ee\/meigikool\/#website","url":"https:\/\/makeupatelier.ee\/meigikool\/","name":"ATELIER Meigikool","description":"Meigikool","publisher":{"@id":"https:\/\/makeupatelier.ee\/meigikool\/#organization"},"potentialAction":[{"@type":"SearchAction","target":{"@type":"EntryPoint","urlTemplate":"https:\/\/makeupatelier.ee\/meigikool\/?s={search_term_string}"},"query-input":{"@type":"PropertyValueSpecification","valueRequired":true,"valueName":"search_term_string"}}],"inLanguage":"et"},{"@type":"Organization","@id":"https:\/\/makeupatelier.ee\/meigikool\/#organization","name":"ATELIER Meigikool","url":"https:\/\/makeupatelier.ee\/meigikool\/","logo":{"@type":"ImageObject","inLanguage":"et","@id":"https:\/\/makeupatelier.ee\/meigikool\/#\/schema\/logo\/image\/","url":"https:\/\/makeupatelier.ee\/meigikool\/wp-content\/uploads\/2017\/03\/cropped-Logo-A-Noir-e1490355572366.png","contentUrl":"https:\/\/makeupatelier.ee\/meigikool\/wp-content\/uploads\/2017\/03\/cropped-Logo-A-Noir-e1490355572366.png","width":137,"height":137,"caption":"ATELIER Meigikool"},"image":{"@id":"https:\/\/makeupatelier.ee\/meigikool\/#\/schema\/logo\/image\/"}}]}},"_links":{"self":[{"href":"https:\/\/makeupatelier.ee\/meigikool\/wp-json\/wp\/v2\/pages\/2956","targetHints":{"allow":["GET"]}}],"collection":[{"href":"https:\/\/makeupatelier.ee\/meigikool\/wp-json\/wp\/v2\/pages"}],"about":[{"href":"https:\/\/makeupatelier.ee\/meigikool\/wp-json\/wp\/v2\/types\/page"}],"author":[{"embeddable":true,"href":"https:\/\/makeupatelier.ee\/meigikool\/wp-json\/wp\/v2\/users\/1"}],"replies":[{"embeddable":true,"href":"https:\/\/makeupatelier.ee\/meigikool\/wp-json\/wp\/v2\/comments?post=2956"}],"version-history":[{"count":0,"href":"https:\/\/makeupatelier.ee\/meigikool\/wp-json\/wp\/v2\/pages\/2956\/revisions"}],"wp:attachment":[{"href":"https:\/\/makeupatelier.ee\/meigikool\/wp-json\/wp\/v2\/media?parent=2956"}],"curies":[{"name":"wp","href":"https:\/\/api.w.org\/{rel}","templated":true}]}}