{"id":2607,"date":"2018-04-07T18:50:53","date_gmt":"2018-04-07T15:50:53","guid":{"rendered":"http:\/\/makeupatelier.ee\/meigikool\/?page_id=2607"},"modified":"2018-11-07T16:49:27","modified_gmt":"2018-11-07T14:49:27","slug":"airbrush-jumestus_professionaal","status":"publish","type":"page","link":"https:\/\/makeupatelier.ee\/meigikool\/airbrush-jumestus_professionaal\/","title":{"rendered":"AIRBRUSH JUMESTUS_Professionaal"},"content":{"rendered":"<p><b>T\u00e4ienduskoolitusasutuse nimetus<\/b>: ATELIER INTERNATIONAL DE MAQUILLAGE<\/p>\n<p><b>1. \u00d5PPEKAVA NIMETUS: <\/b>AIRBRUSH JUMESTUS<br \/>\nIndividuaal\u00f5pe: maksimaalne \u00f5ppijate arv koolitusel-3 \u00f5pilast<\/p>\n<p><b>2. \u00d5PPEKAVAR\u00dcHM JA \u00d5PPEKAVA KOOSTAMISE ALUS<\/b><br \/>\n<b>Alus \u00f5ppekavar\u00fchm:<\/b> juuksurit\u00f6\u00f6 ja iluteenindus<br \/>\n<b>\u00d5ppekava koostamise alus: <\/b>puudub<\/p>\n<p><b>3. EESM\u00c4RK JA \u00d5PIV\u00c4LJUNDID<\/b><br \/>\n<b>Eesm\u00e4rk:<\/b> koolituse l\u00e4binu oskab teostada jumestuse airbrushi kasutades.<br \/>\n<b>\u00d5piv\u00e4ljundid:<\/b> koolituse l\u00f5puks \u00f5ppija:<br \/>\n1. oskab k\u00e4sitleda airbrushi;<br \/>\n2. tunneb erinevaid kompressoreid, p\u00fcstoleid, tooteid ja nende t\u00f6\u00f6p\u00f5him\u00f5tteid;<br \/>\n3. valib jumestamiseks sobivad tooted, l\u00e4htudes kliendi n\u00e4onaha t\u00fc\u00fcbist ja seisukorrast, kliendi east, nahav\u00e4rvi alatoonist;<br \/>\n4. \u00fchtlustab ja modelleerib meigip\u00f5hja airbrushiga;<br \/>\n5. \u00a0teostab silma\/huule\/kulmumeigi airbrushi ja pintslitega;<br \/>\n6. kasutab 3D tehnikat huulejumestuses;<br \/>\n7. tunneb v\u00e4rviteooriat\u00a0(huulepulga, lauv\u00e4rvide ja p\u00f5seruu\u017ei toonide valik).<\/p>\n<p><b>4. SIHTGRUPP JA \u00d5PPE ALUSTAMISE TINGIMUSED\u00a0<\/b><br \/>\n<b>Sihtgrupp:<\/b> iluteeninduse valdkonnas t\u00f6\u00f6tavad v\u00f5i t\u00f6\u00f6d alustavad inimesed, kes soovivad omandada airbrush tehnikaga tegemiseks vajalikke teadmisi ja -oskusi.<br \/>\n<b><br \/>\n5. \u00d5PPE MAHT, \u00d5PPE \u00dcLESEHITUS, \u00d5PPEKESKKOND\u00a0<\/b><br \/>\n<b>\u00d5ppe maht ja \u00fclesehitus: :<\/b>\u00a09 akadeemilist tundi, millest teooriat 3 akadeemilist tundi ja praktikat koolituskeskkonnas 6 akadeemilist tundi.<br \/>\n<b>\u00d5ppekeskkond:<\/b> Kool asub P\u00e4rnus, aadressil A.H.Tammsaare pst 41-M6 P\u00e4rnu, teisel korrusel. \u00dcldpinna ligikaudne suurus 80 ruutmeetrit. Koolitusruumid jagunevad \u2013 koolituskeskus (max.12 \u00f5ppekohta), fotostuudio, 1 kontoriruum, 1 laoruum, k\u00f6\u00f6ginurk, WC. \u00d5pe toimub hea valgustusega peeglitega varustatud \u00f5ppestuudios. Valgustust on v\u00f5imalik \u00fcmber l\u00fclitada k\u00fclmaks valguseks, kui soojaks valguseks. Erinevatele k\u00f5rgustele seadistatavad klienditoolid..Osalejatele on koolituskeskuse poolt tagatud kosmeetika ja vahendid (va. pintslid) praktilise osa jaoks.<\/p>\n<p><b>6. \u00d5PPEPROTSESSI KIRJELDUS, sh \u00d5PPE SISU, \u00d5PPEMEETODID<\/b><br \/>\n<b>Auditoorne t\u00f6\u00f6 3AK \/Loeng sh. n\u00e4idisjumestus\/<\/b><\/p>\n<p>Airbrush-p\u00fcstoli ja kompressori k\u00e4sitlemine (erinevad kompressorid, p\u00fcstolid ja nende t\u00f6\u00f6p\u00f5him\u00f5te, kokku- ja lahtiv\u00f5tmine, surve reguleerimine, puhastamine ja hooldamine). Erinevad airbrush tooted (vee baasil\/silikooni baasil) ja nende kasutamine. V\u00e4rvide vahetamine. Toodete valik vastavalt jumestuse eesm\u00e4rgist, v\u00e4rvide ning stiili valimine l\u00e4htudes jumestuse eesm\u00e4rgist. Jumestuse teostamine airbrush tehnikaga.\u00a0\u00dchtlane meigip\u00f5hi airbrushiga.\u00a0Iluvigade peitmine airbrushiga.\u00a0Modelleerine (highlight &amp; contour) airbrushiga.\u00a0Silma\/huule\/kulmumeigi v\u00f5imalused airbrushiga.\u00a0Silmajumestus Make-Up Atelieri 5-se lauv\u00e4rvipaletiga.\u00a0\u0160abloonid, trafaretid jms. abivahendite kasutamine.\u00a0Huulte modelleerimine (3D huulemeik).\u00a0V\u00e4rviteooria (huulepulga, lauv\u00e4rvide ja p\u00f5seruu\u017ei toonide valik). Koolitaja r\u00e4\u00e4gib teooriat ning samaaegselt teeb n\u00e4idismeigi, demonstreerides\u00a0erinevaid tehnikaid ja v\u00f5tteid.<\/p>\n<p><b>Praktika koolituskeskkonnas 6AK \/Praktiline jumestamine\/<\/b><br \/>\nAuditoorses t\u00f6\u00f6s saadud teadmiste omandamine praktiliselt. Airbrush p\u00fcstoli\u00a0kokku- ja lahtiv\u00f5tmine, surve reguleerimine, puhastamine ja hooldamine. Toodete valik, jumestuse terviklik n\u00e4gemus l\u00e4htudes kliendi isikup\u00e4rast ja jumestuse eesm\u00e4rgist. \u0160abloonide ja trafaretide kasutamine. \u00a0Harjutamine paberil. Tervikliku jumestuse teostamine airbrushiga modellil.<\/p>\n<p><b>7. hindamine ehk \u00f5ppe l\u00f5petamise tingimused\u00a0<\/b><\/p>\n<table cellspacing=\"0\" cellpadding=\"0\">\n<tbody>\n<tr>\n<td valign=\"middle\"><b>hindamismeetod\u00a0<\/b><\/td>\n<td valign=\"middle\"><b>hindamiskriteerium\u00a0<\/b><\/td>\n<\/tr>\n<tr>\n<td valign=\"middle\">Praktiline t\u00f6\u00f6: \u00d5ppija demonstreerib praktiliselt jumestuse tegemist arvestades jumestuse eesm\u00e4rki kui ka kliendi ise\u00e4rasuste ja soovidega.<\/td>\n<td valign=\"middle\">\u00d5ppija p\u00f5hjendab t\u00f6\u00f6s kasutatavate toodete, vahendite ja v\u00f5tete valikut, rakendab \u00f5pitud t\u00f6\u00f6v\u00f5tteid ning j\u00e4rgib t\u00f6\u00f6ohutuse ja h\u00fcgieenin\u00f5udeid;<\/td>\n<\/tr>\n<tr>\n<td valign=\"middle\"><\/td>\n<td valign=\"middle\"><\/td>\n<\/tr>\n<\/tbody>\n<\/table>\n<p><b>8. V\u00c4LJASTATAVAD DOKUMENDID<\/b><br \/>\n\u00d5piv\u00e4ljundid omandanud ning hindamise l\u00e4binud \u00f5ppijale v\u00e4ljastatakse tunnistus. Hindamisel mitteosalenud v\u00f5i hindamist mittel\u00e4binud \u00f5ppijale v\u00e4ljastatakse t\u00f5end koolitusel osalemise ja l\u00e4bitud teemade kohta.<\/p>\n<p><b>9. KOOLITAJA KVALIFIKATSIOON<\/b><br \/>\nJumestaja haridus ja t\u00f6\u00f6kogemus jumestajana.<\/p>\n","protected":false},"excerpt":{"rendered":"<p>T\u00e4ienduskoolitusasutuse nimetus: ATELIER INTERNATIONAL DE MAQUILLAGE 1. \u00d5PPEKAVA NIMETUS: AIRBRUSH JUMESTUS Individuaal\u00f5pe: maksimaalne \u00f5ppijate arv koolitusel-3 \u00f5pilast 2. \u00d5PPEKAVAR\u00dcHM JA \u00d5PPEKAVA KOOSTAMISE ALUS Alus \u00f5ppekavar\u00fchm: juuksurit\u00f6\u00f6 ja iluteenindus \u00d5ppekava koostamise alus: puudub 3. EESM\u00c4RK JA \u00d5PIV\u00c4LJUNDID Eesm\u00e4rk: koolituse l\u00e4binu oskab teostada jumestuse airbrushi kasutades. \u00d5piv\u00e4ljundid: koolituse l\u00f5puks \u00f5ppija: 1. oskab k\u00e4sitleda airbrushi; 2. tunneb erinevaid [&hellip;]<\/p>\n","protected":false},"author":1,"featured_media":0,"parent":0,"menu_order":0,"comment_status":"closed","ping_status":"closed","template":"","meta":{"footnotes":""},"class_list":["post-2607","page","type-page","status-publish","hentry"],"yoast_head":"<!-- This site is optimized with the Yoast SEO plugin v24.4 - https:\/\/yoast.com\/wordpress\/plugins\/seo\/ -->\n<title>AIRBRUSH JUMESTUS_Professionaal - ATELIER Meigikool<\/title>\n<meta name=\"robots\" content=\"index, follow, max-snippet:-1, max-image-preview:large, max-video-preview:-1\" \/>\n<link rel=\"canonical\" href=\"https:\/\/makeupatelier.ee\/meigikool\/airbrush-jumestus_professionaal\/\" \/>\n<meta property=\"og:locale\" content=\"et_EE\" \/>\n<meta property=\"og:type\" content=\"article\" \/>\n<meta property=\"og:title\" content=\"AIRBRUSH JUMESTUS_Professionaal - ATELIER Meigikool\" \/>\n<meta property=\"og:description\" content=\"T\u00e4ienduskoolitusasutuse nimetus: ATELIER INTERNATIONAL DE MAQUILLAGE 1. \u00d5PPEKAVA NIMETUS: AIRBRUSH JUMESTUS Individuaal\u00f5pe: maksimaalne \u00f5ppijate arv koolitusel-3 \u00f5pilast 2. \u00d5PPEKAVAR\u00dcHM JA \u00d5PPEKAVA KOOSTAMISE ALUS Alus \u00f5ppekavar\u00fchm: juuksurit\u00f6\u00f6 ja iluteenindus \u00d5ppekava koostamise alus: puudub 3. EESM\u00c4RK JA \u00d5PIV\u00c4LJUNDID Eesm\u00e4rk: koolituse l\u00e4binu oskab teostada jumestuse airbrushi kasutades. \u00d5piv\u00e4ljundid: koolituse l\u00f5puks \u00f5ppija: 1. oskab k\u00e4sitleda airbrushi; 2. tunneb erinevaid [&hellip;]\" \/>\n<meta property=\"og:url\" content=\"https:\/\/makeupatelier.ee\/meigikool\/airbrush-jumestus_professionaal\/\" \/>\n<meta property=\"og:site_name\" content=\"ATELIER Meigikool\" \/>\n<meta property=\"article:modified_time\" content=\"2018-11-07T14:49:27+00:00\" \/>\n<meta name=\"twitter:card\" content=\"summary_large_image\" \/>\n<meta name=\"twitter:label1\" content=\"Est. reading time\" \/>\n\t<meta name=\"twitter:data1\" content=\"3 minutit\" \/>\n<script type=\"application\/ld+json\" class=\"yoast-schema-graph\">{\"@context\":\"https:\/\/schema.org\",\"@graph\":[{\"@type\":\"WebPage\",\"@id\":\"https:\/\/makeupatelier.ee\/meigikool\/airbrush-jumestus_professionaal\/\",\"url\":\"https:\/\/makeupatelier.ee\/meigikool\/airbrush-jumestus_professionaal\/\",\"name\":\"AIRBRUSH JUMESTUS_Professionaal - ATELIER Meigikool\",\"isPartOf\":{\"@id\":\"https:\/\/makeupatelier.ee\/meigikool\/#website\"},\"datePublished\":\"2018-04-07T15:50:53+00:00\",\"dateModified\":\"2018-11-07T14:49:27+00:00\",\"breadcrumb\":{\"@id\":\"https:\/\/makeupatelier.ee\/meigikool\/airbrush-jumestus_professionaal\/#breadcrumb\"},\"inLanguage\":\"et\",\"potentialAction\":[{\"@type\":\"ReadAction\",\"target\":[\"https:\/\/makeupatelier.ee\/meigikool\/airbrush-jumestus_professionaal\/\"]}]},{\"@type\":\"BreadcrumbList\",\"@id\":\"https:\/\/makeupatelier.ee\/meigikool\/airbrush-jumestus_professionaal\/#breadcrumb\",\"itemListElement\":[{\"@type\":\"ListItem\",\"position\":1,\"name\":\"Home\",\"item\":\"https:\/\/makeupatelier.ee\/meigikool\/\"},{\"@type\":\"ListItem\",\"position\":2,\"name\":\"AIRBRUSH JUMESTUS_Professionaal\"}]},{\"@type\":\"WebSite\",\"@id\":\"https:\/\/makeupatelier.ee\/meigikool\/#website\",\"url\":\"https:\/\/makeupatelier.ee\/meigikool\/\",\"name\":\"ATELIER Meigikool\",\"description\":\"Meigikool\",\"publisher\":{\"@id\":\"https:\/\/makeupatelier.ee\/meigikool\/#organization\"},\"potentialAction\":[{\"@type\":\"SearchAction\",\"target\":{\"@type\":\"EntryPoint\",\"urlTemplate\":\"https:\/\/makeupatelier.ee\/meigikool\/?s={search_term_string}\"},\"query-input\":{\"@type\":\"PropertyValueSpecification\",\"valueRequired\":true,\"valueName\":\"search_term_string\"}}],\"inLanguage\":\"et\"},{\"@type\":\"Organization\",\"@id\":\"https:\/\/makeupatelier.ee\/meigikool\/#organization\",\"name\":\"ATELIER Meigikool\",\"url\":\"https:\/\/makeupatelier.ee\/meigikool\/\",\"logo\":{\"@type\":\"ImageObject\",\"inLanguage\":\"et\",\"@id\":\"https:\/\/makeupatelier.ee\/meigikool\/#\/schema\/logo\/image\/\",\"url\":\"https:\/\/makeupatelier.ee\/meigikool\/wp-content\/uploads\/2017\/03\/cropped-Logo-A-Noir-e1490355572366.png\",\"contentUrl\":\"https:\/\/makeupatelier.ee\/meigikool\/wp-content\/uploads\/2017\/03\/cropped-Logo-A-Noir-e1490355572366.png\",\"width\":137,\"height\":137,\"caption\":\"ATELIER Meigikool\"},\"image\":{\"@id\":\"https:\/\/makeupatelier.ee\/meigikool\/#\/schema\/logo\/image\/\"}}]}<\/script>\n<!-- \/ Yoast SEO plugin. -->","yoast_head_json":{"title":"AIRBRUSH JUMESTUS_Professionaal - ATELIER Meigikool","robots":{"index":"index","follow":"follow","max-snippet":"max-snippet:-1","max-image-preview":"max-image-preview:large","max-video-preview":"max-video-preview:-1"},"canonical":"https:\/\/makeupatelier.ee\/meigikool\/airbrush-jumestus_professionaal\/","og_locale":"et_EE","og_type":"article","og_title":"AIRBRUSH JUMESTUS_Professionaal - ATELIER Meigikool","og_description":"T\u00e4ienduskoolitusasutuse nimetus: ATELIER INTERNATIONAL DE MAQUILLAGE 1. \u00d5PPEKAVA NIMETUS: AIRBRUSH JUMESTUS Individuaal\u00f5pe: maksimaalne \u00f5ppijate arv koolitusel-3 \u00f5pilast 2. \u00d5PPEKAVAR\u00dcHM JA \u00d5PPEKAVA KOOSTAMISE ALUS Alus \u00f5ppekavar\u00fchm: juuksurit\u00f6\u00f6 ja iluteenindus \u00d5ppekava koostamise alus: puudub 3. EESM\u00c4RK JA \u00d5PIV\u00c4LJUNDID Eesm\u00e4rk: koolituse l\u00e4binu oskab teostada jumestuse airbrushi kasutades. \u00d5piv\u00e4ljundid: koolituse l\u00f5puks \u00f5ppija: 1. oskab k\u00e4sitleda airbrushi; 2. tunneb erinevaid [&hellip;]","og_url":"https:\/\/makeupatelier.ee\/meigikool\/airbrush-jumestus_professionaal\/","og_site_name":"ATELIER Meigikool","article_modified_time":"2018-11-07T14:49:27+00:00","twitter_card":"summary_large_image","twitter_misc":{"Est. reading time":"3 minutit"},"schema":{"@context":"https:\/\/schema.org","@graph":[{"@type":"WebPage","@id":"https:\/\/makeupatelier.ee\/meigikool\/airbrush-jumestus_professionaal\/","url":"https:\/\/makeupatelier.ee\/meigikool\/airbrush-jumestus_professionaal\/","name":"AIRBRUSH JUMESTUS_Professionaal - ATELIER Meigikool","isPartOf":{"@id":"https:\/\/makeupatelier.ee\/meigikool\/#website"},"datePublished":"2018-04-07T15:50:53+00:00","dateModified":"2018-11-07T14:49:27+00:00","breadcrumb":{"@id":"https:\/\/makeupatelier.ee\/meigikool\/airbrush-jumestus_professionaal\/#breadcrumb"},"inLanguage":"et","potentialAction":[{"@type":"ReadAction","target":["https:\/\/makeupatelier.ee\/meigikool\/airbrush-jumestus_professionaal\/"]}]},{"@type":"BreadcrumbList","@id":"https:\/\/makeupatelier.ee\/meigikool\/airbrush-jumestus_professionaal\/#breadcrumb","itemListElement":[{"@type":"ListItem","position":1,"name":"Home","item":"https:\/\/makeupatelier.ee\/meigikool\/"},{"@type":"ListItem","position":2,"name":"AIRBRUSH JUMESTUS_Professionaal"}]},{"@type":"WebSite","@id":"https:\/\/makeupatelier.ee\/meigikool\/#website","url":"https:\/\/makeupatelier.ee\/meigikool\/","name":"ATELIER Meigikool","description":"Meigikool","publisher":{"@id":"https:\/\/makeupatelier.ee\/meigikool\/#organization"},"potentialAction":[{"@type":"SearchAction","target":{"@type":"EntryPoint","urlTemplate":"https:\/\/makeupatelier.ee\/meigikool\/?s={search_term_string}"},"query-input":{"@type":"PropertyValueSpecification","valueRequired":true,"valueName":"search_term_string"}}],"inLanguage":"et"},{"@type":"Organization","@id":"https:\/\/makeupatelier.ee\/meigikool\/#organization","name":"ATELIER Meigikool","url":"https:\/\/makeupatelier.ee\/meigikool\/","logo":{"@type":"ImageObject","inLanguage":"et","@id":"https:\/\/makeupatelier.ee\/meigikool\/#\/schema\/logo\/image\/","url":"https:\/\/makeupatelier.ee\/meigikool\/wp-content\/uploads\/2017\/03\/cropped-Logo-A-Noir-e1490355572366.png","contentUrl":"https:\/\/makeupatelier.ee\/meigikool\/wp-content\/uploads\/2017\/03\/cropped-Logo-A-Noir-e1490355572366.png","width":137,"height":137,"caption":"ATELIER Meigikool"},"image":{"@id":"https:\/\/makeupatelier.ee\/meigikool\/#\/schema\/logo\/image\/"}}]}},"_links":{"self":[{"href":"https:\/\/makeupatelier.ee\/meigikool\/wp-json\/wp\/v2\/pages\/2607","targetHints":{"allow":["GET"]}}],"collection":[{"href":"https:\/\/makeupatelier.ee\/meigikool\/wp-json\/wp\/v2\/pages"}],"about":[{"href":"https:\/\/makeupatelier.ee\/meigikool\/wp-json\/wp\/v2\/types\/page"}],"author":[{"embeddable":true,"href":"https:\/\/makeupatelier.ee\/meigikool\/wp-json\/wp\/v2\/users\/1"}],"replies":[{"embeddable":true,"href":"https:\/\/makeupatelier.ee\/meigikool\/wp-json\/wp\/v2\/comments?post=2607"}],"version-history":[{"count":0,"href":"https:\/\/makeupatelier.ee\/meigikool\/wp-json\/wp\/v2\/pages\/2607\/revisions"}],"wp:attachment":[{"href":"https:\/\/makeupatelier.ee\/meigikool\/wp-json\/wp\/v2\/media?parent=2607"}],"curies":[{"name":"wp","href":"https:\/\/api.w.org\/{rel}","templated":true}]}}