{"id":2437,"date":"2017-12-09T00:41:05","date_gmt":"2017-12-08T22:41:05","guid":{"rendered":"http:\/\/makeupatelier.ee\/meigikool\/?page_id=2437"},"modified":"2018-11-07T16:43:46","modified_gmt":"2018-11-07T14:43:46","slug":"beautymodul_","status":"publish","type":"page","link":"https:\/\/makeupatelier.ee\/meigikool\/beautymodul_\/","title":{"rendered":"BEAUTY MODUL_"},"content":{"rendered":"<p><strong>Jumestuskunstniku baaskursus<\/strong><\/p>\n<p>Baaskursuse l\u00e4bimine v\u00f5imaldab omandada teadmised, oskused ja hoiakud t\u00f6\u00f6tamiseks iluteeninduse valdkonnas jumestuskunstnikuna.<\/p>\n<p>ATELIER Meigikooli \u00f5ppeprogramm on koostatud eesm\u00e4rgiga pakkuda \u00f5ppijale eelk\u00f5ige p\u00f5hjaliku ja intensiivset \u00f5pet praktilistes t\u00f6\u00f6des, et igast algajast saaks t\u00e4isv\u00e4\u00e4rtuslik jumestaja. <strong>Fookus on k\u00f5ige olulistemal jumestusliikidel, milleks on p\u00e4eva-, \u00f5htu-, <em>anti-age-,<\/em> foto-, lava -ja pruudijumestus.<\/strong><br \/>\nJumestaja elukutse puhul ei piisa aga ainult k\u00e4elisest osavusest. Oluline on teada ka, kuidas end majandada- m\u00f5ista materjalikulu, t\u00f6\u00f6aega, t\u00f6\u00f6 keerukust ja selle suhet tasuga. Seet\u00f5ttu oleme lisav\u00e4\u00e4rtusena oma \u00f5ppeprogrammi sidunud ka need teemad. Sa saad baasteadmised oma ettev\u00f5tte k\u00e4ivitamiseks ja edukaks j\u00e4tkamiseks ning ideid kuidas oma loomingulist t\u00f6\u00f6d turundada ja mitmek\u00fclgselt arendada.<br \/>\nErinevate juhendajate mitmekesisus ja v\u00e4ikeses koolitusgrupis \u00f5ppimine tagab iga \u00f5ppija originaalse k\u00e4ekirja tekkimise ja juhendaja s\u00fcvitsi mineku \u00f5pilase individuaalseks arendamiseks.<\/p>\n<p><strong>\u00dcLDINFO:<\/strong><\/p>\n<p><strong>Toimumise aeg<\/strong>: jaanuar, veebruar, m\u00e4rts 2019<\/p>\n<div>P\u00e4evane \u00f5ppevorm alustab 7.01.2019<\/div>\n<p>Jumestaja baaskursus toimub p\u00e4evases \u00f5ppevormis, kahel korral n\u00e4dalas.<br \/>\n\u00d5ppep\u00e4evad on esmasp\u00e4ev ja teisip\u00e4ev (kell 10:00-14:30)<\/p>\n<div class=\"\"><strong>Toimumise koht:<\/strong> ATELIER stuudio, A.H.Tammsaare pst 41-M6 II korrus P\u00e4rnu<\/div>\n<p><strong>Koolitajad:<\/strong> Sirle Tee\u00e4\u00e4r, Tiina Leesik, Kertu Tammeleht, Lenneli Noobel, Merlin Albert<\/p>\n<p><strong>Sihtgrupp:<\/strong> iluteeninduse valdkonnas t\u00f6\u00f6tavad v\u00f5i t\u00f6\u00f6d alustavad inimesed, kes soovivad omandada jumestuse tegemiseks baasteadmisi ja -oskusi.<\/p>\n<p><strong>\u00d5ppe alustamise tingimused:<\/strong> alates 18. eluaastast. \u00d5pilane v\u00f5etakse kooli vastu registreerimiseavalduse ja individuaalse vestluse alusel.<\/p>\n<p><strong>Maht:<\/strong><strong>\u00a0<\/strong>139 akadeemilist tundi, millest kontakt\u00f5pet 107 akadeemilist tundi (teooriat 34 AK, praktikat 71 AK) ja iseseisvat t\u00f6\u00f6d kodus 32 akadeemilist tundi.<\/p>\n<p><strong>\u00d5ppemaks:<\/strong>\u00a0890eurot (hind sisaldab vahendeid ja kosmeetikat praktilise osa jaoks). \u00d5ppemaksu saab tasuda osamaksetena, kuid seda tingimusel, et enne kursuse algust on \u00f5ppemaks tasutud 100% ulatuses<\/p>\n<p><strong><a href=\"http:\/\/makeupatelier.ee\/meigikool\/beaut-2018\/\">Tutvu \u00f5ppekavaga<\/a><\/strong><\/p>\n<p><strong>KOOLITUSE TEEMAD:<\/strong><\/p>\n<p><strong>KOOLI KODUKORD JA SISSEJUHATUS ERIALASSE (4AK)<\/strong><\/p>\n<p>Kooli kodukord. \u00d5ppekorralduse alused. \u00dclevaade \u00f5ppeprotsessist. Jumestaja kutsestandardist (tase 4). Kutseeksami sooritamisest.<br \/>\nPraktiline osa: tootekulu kalkuleerimine<\/p>\n<p><strong>JUMESTAMISE TEOORIA (6AK)<\/strong><br \/>\nSissejuhatus erialasse. Jumestaja elukutsest. Jumestaja t\u00f6\u00f6eetika. Jumestaja t\u00f6\u00f6keskkond. Erinevad jumestusliigid. Tootekulu arvutamise olulisusest.<br \/>\nKliendisuhtlus. Kasutatavad t\u00f6\u00f6vahendid ja tooted. T\u00f6\u00f6vahendite ja toodete h\u00fcgieen. Jumestustoodete p\u00f5hilised koostisosad. Allergeenid jumestustoodetes. Jumestamise ajaloost (\u00fclevaade erinevatest k\u00fcmnenditest 1900-2000).<br \/>\nPraktiline osa: ettevalmistus jumestamiseks, kliendikonsultatsioon, meigip\u00f5hja pealekandmine<\/p>\n<p><strong>N\u00c4O-JA NAHA\u00d5PETUS, V\u00c4RVI-JA VALGUS\u00d5PETUS (12AK)<\/strong><br \/>\nN\u00e4o lihased ja luustik. Naha pH tase. N\u00e4onaha hooldus, probleemid, allergiad ja haigused. N\u00e4o proportsiooni\u00f5petus (n\u00e4o proportsionaalne jaotus). Erinevad n\u00e4o-, silma-, huule-, kulmukujud ning nende korrigeerimise v\u00f5imalustest jumestusega. Erinevad n\u00e4onaha t\u00fc\u00fcbid. V\u00e4rviteooria ja v\u00e4rviring. V\u00e4rviringi kasutamine jumestamises. Kliendi naha- ja juuksealatooni anal\u00fc\u00fcs. P\u00f5seruu\u017ei, lauv\u00e4rvide ja huulepulga tooni valimine. Valguse ja varju. kasutamine jumestamises. Praktiline osa: korrigeeriv jumestus<\/p>\n<p><strong>P\u00c4EVAJUMESTUS (6AK)<\/strong><br \/>\nP\u00e4evajumestuse erip\u00e4rad. Toodete ja toonide valik. 4 erinevat v\u00e4rvit\u00fc\u00fcpi ja nende jumestamine (suve-, kevade-, s\u00fcgise-, ja talve v\u00e4rvit\u00fc\u00fcp). Meigip\u00f5hi ja modelleerimine. Silmajumestus (horisontaalne ja vertikaalne silmajumestuse jaotus). Huulejumestus p\u00e4evajumestuses<br \/>\nPraktiline osa: jumestus l\u00e4htudes 4 erinevast v\u00e4rvit\u00fc\u00fcbist<\/p>\n<p><strong>GRAAFIKA JUMESTUSES (6AK)<\/strong><br \/>\nErinevad silmakujud ja nende anal\u00fc\u00fcs. Lainerijoone \u00f5petus. Laineri<i>\u00a0<\/i>pealekandmistehnikad. Erinevad huulekujud ja nende korrigeerimine. Kunstripsmete kasutamine.<br \/>\nPraktiline osa: laineri joonistamine ja erinevad tehnikad. Huulte proprtsionaalsus. Ripsmete kleepimine.<\/p>\n<p><strong><em>ANTI-AGE<\/em> JUMESTUS (4AK)<\/strong><br \/>\nEaga kaasnevad ise\u00e4rasused n\u00e4ojoontes ja \u2013nahal. Ise\u00e4rasuste korrigeerimine jumestamisega. Meigip\u00f5hi. Kortsude visuaalne t\u00f5stmine. Silmajumestus pealelangevale laule. Kulmu- ja huulejoone korrigeerimine.<br \/>\nPraktiline osa: jumestus modellil 55+<\/p>\n<p><strong>\u00d5HTUJUMESTUS (18AK)<\/strong><br \/>\n\u00d5htujumestuse erip\u00e4rad. Toodete ja toonide valik \u00f5htujumestuses. Meigip\u00f5hi ja modelleerimine. Horisontaalse jaotusega silmajumestus\/suitsusilm\/ <em>full glam<\/em>. Kunstripsmete lisamine. Lainerijoone tehnikad. Kauakestev ja modelleeritud huulejumestus. Praktiline osa: \u00f5htujumestus horisontaalse silmajumestusega, vertikaalse silmajumestusega ja suitsusilmaga.<\/p>\n<p><strong>KAVANDI JOONISTAMINE (4AK)<\/strong><br \/>\nKavandi joonistamine ja selle olulisus. V\u00e4rviring. V\u00e4rviteooria.\u00a0Hajutamine.<\/p>\n<p><strong>FOTOJUMESTUS (6AK)<\/strong><br \/>\nFotojumestuse erip\u00e4rad ja liigid. Must-valge v\u00f5i v\u00e4rvifoto. Dokument, m\u00e4lestus, reklaam, moefoto, ajakirjafoto, trendifoto. Toodete ja toonide valik fotojumestuses. Silmajumestus fotojumestuses. Koost\u00f6\u00f6 fotograafiga. Fotosessiooniks ettevalmistamine.<br \/>\nPraktiline osa: fotojumestus koos fotosessiooniga, koost\u00f6\u00f6 fotograafiga, korrektiivide tegemine.<\/p>\n<p><strong>LAVAJUMESTUS (6AK)<\/strong><br \/>\nLavajumestuse erip\u00e4rad. Toodete ja toonide valik lavajumestuses. Meigip\u00f5hi. Silmajumestus (glittrite, s\u00e4deluste kasutamine). Huulejumestus (3D huulejumestus).<br \/>\nPraktiline osa: lavajumestus<\/p>\n<p><strong>PRILLIKANDJA JUMESTUS (4AK)<\/strong><br \/>\nPrillikandja jumestuse erip\u00e4rad. \u00a0Silmajumestus prillikandjatele (+\/- prillidele).<br \/>\nPraktiline osa: jumestus prillikandjale.<\/p>\n<p><strong>PRUUDIJUMESTUS (10AK)<\/strong><br \/>\nPruudi- ja proovijumestuse erip\u00e4rad. Toodete ja toonide valik pruudijumestuses. Meigip\u00f5hi. Silma- ja huulejumestus. Peigmehe jumestus erip\u00e4rad<br \/>\nPraktiline osa: pruudijumestus+peigmehe jumestus<\/p>\n<p><strong>ETTEV\u00d5TLUS JA TURUNDUS (6AK)<\/strong><br \/>\nBaasteadmised ettev\u00f5tte k\u00e4ivitamiseks. Ettev\u00f5tte j\u00e4tkusuutlik toimimine. Ettev\u00f5tluse vormid. \u00c4ri\u00fchingu asutamine ja registreeriminE. Maksud ja aruandlus ettev\u00f5tluses. Koost\u00f6\u00f6partnerite leidmine. Turunduse p\u00f5hialused. Kulude ja tulude arvestus. Toetusprogrammid<br \/>\nPraktiline osa: alustava ettev\u00f5tja tulude\/kulude prognoos<\/p>\n<p><strong>KORDAMINE. EKSAMIKS ETTEVALMISTUMINE. PROOVIEKSAM. EKSAM (12AK)<\/strong><\/p>\n<p><strong>LISA INFO:<\/strong><\/p>\n<p>T\u00f6\u00f6vahendid: \u00f5pilane peaks koolituse 4ndaks p\u00e4evaks soetama isiklikud pintslid, spaatli, paletti, svammi, puudripadja ja pintslipuhastusvahendi. Esimesteks \u00f5ppep\u00e4evadeks tagab vahendid kool. Kosmeetika praktiliste tundi jaoks on tagatud kooli poolt. Kasutame MAKE-UP ATELIER PARIS profimeigi tooteid.<\/p>\n<h3><a href=\"http:\/\/makeupatelier.ee\/meigikool\/registreeru\/\"><b>REGISTREERU KURSUSELE<\/b><\/a><\/h3>\n","protected":false},"excerpt":{"rendered":"<p>Jumestuskunstniku baaskursus Baaskursuse l\u00e4bimine v\u00f5imaldab omandada teadmised, oskused ja hoiakud t\u00f6\u00f6tamiseks iluteeninduse valdkonnas jumestuskunstnikuna. ATELIER Meigikooli \u00f5ppeprogramm on koostatud eesm\u00e4rgiga pakkuda \u00f5ppijale eelk\u00f5ige p\u00f5hjaliku ja intensiivset \u00f5pet praktilistes t\u00f6\u00f6des, et igast algajast saaks t\u00e4isv\u00e4\u00e4rtuslik jumestaja. Fookus on k\u00f5ige olulistemal jumestusliikidel, milleks on p\u00e4eva-, \u00f5htu-, anti-age-, foto-, lava -ja pruudijumestus. Jumestaja elukutse puhul ei piisa aga [&hellip;]<\/p>\n","protected":false},"author":1,"featured_media":3102,"parent":0,"menu_order":0,"comment_status":"closed","ping_status":"closed","template":"","meta":{"footnotes":""},"class_list":["post-2437","page","type-page","status-publish","has-post-thumbnail","hentry"],"yoast_head":"<!-- This site is optimized with the Yoast SEO plugin v24.4 - https:\/\/yoast.com\/wordpress\/plugins\/seo\/ -->\n<title>BEAUTY MODUL_ - ATELIER Meigikool<\/title>\n<meta name=\"robots\" content=\"index, follow, max-snippet:-1, max-image-preview:large, max-video-preview:-1\" \/>\n<link rel=\"canonical\" href=\"https:\/\/makeupatelier.ee\/meigikool\/beautymodul_\/\" \/>\n<meta property=\"og:locale\" content=\"et_EE\" \/>\n<meta property=\"og:type\" content=\"article\" \/>\n<meta property=\"og:title\" content=\"BEAUTY MODUL_ - ATELIER Meigikool\" \/>\n<meta property=\"og:description\" content=\"Jumestuskunstniku baaskursus Baaskursuse l\u00e4bimine v\u00f5imaldab omandada teadmised, oskused ja hoiakud t\u00f6\u00f6tamiseks iluteeninduse valdkonnas jumestuskunstnikuna. ATELIER Meigikooli \u00f5ppeprogramm on koostatud eesm\u00e4rgiga pakkuda \u00f5ppijale eelk\u00f5ige p\u00f5hjaliku ja intensiivset \u00f5pet praktilistes t\u00f6\u00f6des, et igast algajast saaks t\u00e4isv\u00e4\u00e4rtuslik jumestaja. Fookus on k\u00f5ige olulistemal jumestusliikidel, milleks on p\u00e4eva-, \u00f5htu-, anti-age-, foto-, lava -ja pruudijumestus. Jumestaja elukutse puhul ei piisa aga [&hellip;]\" \/>\n<meta property=\"og:url\" content=\"https:\/\/makeupatelier.ee\/meigikool\/beautymodul_\/\" \/>\n<meta property=\"og:site_name\" content=\"ATELIER Meigikool\" \/>\n<meta property=\"article:modified_time\" content=\"2018-11-07T14:43:46+00:00\" \/>\n<meta property=\"og:image\" content=\"https:\/\/makeupatelier.ee\/meigikool\/wp-content\/uploads\/2018\/10\/beat-1024x276.jpg\" \/>\n\t<meta property=\"og:image:width\" content=\"1024\" \/>\n\t<meta property=\"og:image:height\" content=\"276\" \/>\n\t<meta property=\"og:image:type\" content=\"image\/jpeg\" \/>\n<meta name=\"twitter:card\" content=\"summary_large_image\" \/>\n<meta name=\"twitter:label1\" content=\"Est. reading time\" \/>\n\t<meta name=\"twitter:data1\" content=\"4 minutit\" \/>\n<script type=\"application\/ld+json\" class=\"yoast-schema-graph\">{\"@context\":\"https:\/\/schema.org\",\"@graph\":[{\"@type\":\"WebPage\",\"@id\":\"https:\/\/makeupatelier.ee\/meigikool\/beautymodul_\/\",\"url\":\"https:\/\/makeupatelier.ee\/meigikool\/beautymodul_\/\",\"name\":\"BEAUTY MODUL_ - ATELIER Meigikool\",\"isPartOf\":{\"@id\":\"https:\/\/makeupatelier.ee\/meigikool\/#website\"},\"primaryImageOfPage\":{\"@id\":\"https:\/\/makeupatelier.ee\/meigikool\/beautymodul_\/#primaryimage\"},\"image\":{\"@id\":\"https:\/\/makeupatelier.ee\/meigikool\/beautymodul_\/#primaryimage\"},\"thumbnailUrl\":\"https:\/\/makeupatelier.ee\/meigikool\/wp-content\/uploads\/2018\/10\/beat.jpg\",\"datePublished\":\"2017-12-08T22:41:05+00:00\",\"dateModified\":\"2018-11-07T14:43:46+00:00\",\"breadcrumb\":{\"@id\":\"https:\/\/makeupatelier.ee\/meigikool\/beautymodul_\/#breadcrumb\"},\"inLanguage\":\"et\",\"potentialAction\":[{\"@type\":\"ReadAction\",\"target\":[\"https:\/\/makeupatelier.ee\/meigikool\/beautymodul_\/\"]}]},{\"@type\":\"ImageObject\",\"inLanguage\":\"et\",\"@id\":\"https:\/\/makeupatelier.ee\/meigikool\/beautymodul_\/#primaryimage\",\"url\":\"https:\/\/makeupatelier.ee\/meigikool\/wp-content\/uploads\/2018\/10\/beat.jpg\",\"contentUrl\":\"https:\/\/makeupatelier.ee\/meigikool\/wp-content\/uploads\/2018\/10\/beat.jpg\",\"width\":7424,\"height\":2000},{\"@type\":\"BreadcrumbList\",\"@id\":\"https:\/\/makeupatelier.ee\/meigikool\/beautymodul_\/#breadcrumb\",\"itemListElement\":[{\"@type\":\"ListItem\",\"position\":1,\"name\":\"Home\",\"item\":\"https:\/\/makeupatelier.ee\/meigikool\/\"},{\"@type\":\"ListItem\",\"position\":2,\"name\":\"BEAUTY MODUL_\"}]},{\"@type\":\"WebSite\",\"@id\":\"https:\/\/makeupatelier.ee\/meigikool\/#website\",\"url\":\"https:\/\/makeupatelier.ee\/meigikool\/\",\"name\":\"ATELIER Meigikool\",\"description\":\"Meigikool\",\"publisher\":{\"@id\":\"https:\/\/makeupatelier.ee\/meigikool\/#organization\"},\"potentialAction\":[{\"@type\":\"SearchAction\",\"target\":{\"@type\":\"EntryPoint\",\"urlTemplate\":\"https:\/\/makeupatelier.ee\/meigikool\/?s={search_term_string}\"},\"query-input\":{\"@type\":\"PropertyValueSpecification\",\"valueRequired\":true,\"valueName\":\"search_term_string\"}}],\"inLanguage\":\"et\"},{\"@type\":\"Organization\",\"@id\":\"https:\/\/makeupatelier.ee\/meigikool\/#organization\",\"name\":\"ATELIER Meigikool\",\"url\":\"https:\/\/makeupatelier.ee\/meigikool\/\",\"logo\":{\"@type\":\"ImageObject\",\"inLanguage\":\"et\",\"@id\":\"https:\/\/makeupatelier.ee\/meigikool\/#\/schema\/logo\/image\/\",\"url\":\"https:\/\/makeupatelier.ee\/meigikool\/wp-content\/uploads\/2017\/03\/cropped-Logo-A-Noir-e1490355572366.png\",\"contentUrl\":\"https:\/\/makeupatelier.ee\/meigikool\/wp-content\/uploads\/2017\/03\/cropped-Logo-A-Noir-e1490355572366.png\",\"width\":137,\"height\":137,\"caption\":\"ATELIER Meigikool\"},\"image\":{\"@id\":\"https:\/\/makeupatelier.ee\/meigikool\/#\/schema\/logo\/image\/\"}}]}<\/script>\n<!-- \/ Yoast SEO plugin. -->","yoast_head_json":{"title":"BEAUTY MODUL_ - ATELIER Meigikool","robots":{"index":"index","follow":"follow","max-snippet":"max-snippet:-1","max-image-preview":"max-image-preview:large","max-video-preview":"max-video-preview:-1"},"canonical":"https:\/\/makeupatelier.ee\/meigikool\/beautymodul_\/","og_locale":"et_EE","og_type":"article","og_title":"BEAUTY MODUL_ - ATELIER Meigikool","og_description":"Jumestuskunstniku baaskursus Baaskursuse l\u00e4bimine v\u00f5imaldab omandada teadmised, oskused ja hoiakud t\u00f6\u00f6tamiseks iluteeninduse valdkonnas jumestuskunstnikuna. ATELIER Meigikooli \u00f5ppeprogramm on koostatud eesm\u00e4rgiga pakkuda \u00f5ppijale eelk\u00f5ige p\u00f5hjaliku ja intensiivset \u00f5pet praktilistes t\u00f6\u00f6des, et igast algajast saaks t\u00e4isv\u00e4\u00e4rtuslik jumestaja. Fookus on k\u00f5ige olulistemal jumestusliikidel, milleks on p\u00e4eva-, \u00f5htu-, anti-age-, foto-, lava -ja pruudijumestus. Jumestaja elukutse puhul ei piisa aga [&hellip;]","og_url":"https:\/\/makeupatelier.ee\/meigikool\/beautymodul_\/","og_site_name":"ATELIER Meigikool","article_modified_time":"2018-11-07T14:43:46+00:00","og_image":[{"width":1024,"height":276,"url":"https:\/\/makeupatelier.ee\/meigikool\/wp-content\/uploads\/2018\/10\/beat-1024x276.jpg","type":"image\/jpeg"}],"twitter_card":"summary_large_image","twitter_misc":{"Est. reading time":"4 minutit"},"schema":{"@context":"https:\/\/schema.org","@graph":[{"@type":"WebPage","@id":"https:\/\/makeupatelier.ee\/meigikool\/beautymodul_\/","url":"https:\/\/makeupatelier.ee\/meigikool\/beautymodul_\/","name":"BEAUTY MODUL_ - ATELIER Meigikool","isPartOf":{"@id":"https:\/\/makeupatelier.ee\/meigikool\/#website"},"primaryImageOfPage":{"@id":"https:\/\/makeupatelier.ee\/meigikool\/beautymodul_\/#primaryimage"},"image":{"@id":"https:\/\/makeupatelier.ee\/meigikool\/beautymodul_\/#primaryimage"},"thumbnailUrl":"https:\/\/makeupatelier.ee\/meigikool\/wp-content\/uploads\/2018\/10\/beat.jpg","datePublished":"2017-12-08T22:41:05+00:00","dateModified":"2018-11-07T14:43:46+00:00","breadcrumb":{"@id":"https:\/\/makeupatelier.ee\/meigikool\/beautymodul_\/#breadcrumb"},"inLanguage":"et","potentialAction":[{"@type":"ReadAction","target":["https:\/\/makeupatelier.ee\/meigikool\/beautymodul_\/"]}]},{"@type":"ImageObject","inLanguage":"et","@id":"https:\/\/makeupatelier.ee\/meigikool\/beautymodul_\/#primaryimage","url":"https:\/\/makeupatelier.ee\/meigikool\/wp-content\/uploads\/2018\/10\/beat.jpg","contentUrl":"https:\/\/makeupatelier.ee\/meigikool\/wp-content\/uploads\/2018\/10\/beat.jpg","width":7424,"height":2000},{"@type":"BreadcrumbList","@id":"https:\/\/makeupatelier.ee\/meigikool\/beautymodul_\/#breadcrumb","itemListElement":[{"@type":"ListItem","position":1,"name":"Home","item":"https:\/\/makeupatelier.ee\/meigikool\/"},{"@type":"ListItem","position":2,"name":"BEAUTY MODUL_"}]},{"@type":"WebSite","@id":"https:\/\/makeupatelier.ee\/meigikool\/#website","url":"https:\/\/makeupatelier.ee\/meigikool\/","name":"ATELIER Meigikool","description":"Meigikool","publisher":{"@id":"https:\/\/makeupatelier.ee\/meigikool\/#organization"},"potentialAction":[{"@type":"SearchAction","target":{"@type":"EntryPoint","urlTemplate":"https:\/\/makeupatelier.ee\/meigikool\/?s={search_term_string}"},"query-input":{"@type":"PropertyValueSpecification","valueRequired":true,"valueName":"search_term_string"}}],"inLanguage":"et"},{"@type":"Organization","@id":"https:\/\/makeupatelier.ee\/meigikool\/#organization","name":"ATELIER Meigikool","url":"https:\/\/makeupatelier.ee\/meigikool\/","logo":{"@type":"ImageObject","inLanguage":"et","@id":"https:\/\/makeupatelier.ee\/meigikool\/#\/schema\/logo\/image\/","url":"https:\/\/makeupatelier.ee\/meigikool\/wp-content\/uploads\/2017\/03\/cropped-Logo-A-Noir-e1490355572366.png","contentUrl":"https:\/\/makeupatelier.ee\/meigikool\/wp-content\/uploads\/2017\/03\/cropped-Logo-A-Noir-e1490355572366.png","width":137,"height":137,"caption":"ATELIER Meigikool"},"image":{"@id":"https:\/\/makeupatelier.ee\/meigikool\/#\/schema\/logo\/image\/"}}]}},"_links":{"self":[{"href":"https:\/\/makeupatelier.ee\/meigikool\/wp-json\/wp\/v2\/pages\/2437","targetHints":{"allow":["GET"]}}],"collection":[{"href":"https:\/\/makeupatelier.ee\/meigikool\/wp-json\/wp\/v2\/pages"}],"about":[{"href":"https:\/\/makeupatelier.ee\/meigikool\/wp-json\/wp\/v2\/types\/page"}],"author":[{"embeddable":true,"href":"https:\/\/makeupatelier.ee\/meigikool\/wp-json\/wp\/v2\/users\/1"}],"replies":[{"embeddable":true,"href":"https:\/\/makeupatelier.ee\/meigikool\/wp-json\/wp\/v2\/comments?post=2437"}],"version-history":[{"count":0,"href":"https:\/\/makeupatelier.ee\/meigikool\/wp-json\/wp\/v2\/pages\/2437\/revisions"}],"wp:featuredmedia":[{"embeddable":true,"href":"https:\/\/makeupatelier.ee\/meigikool\/wp-json\/wp\/v2\/media\/3102"}],"wp:attachment":[{"href":"https:\/\/makeupatelier.ee\/meigikool\/wp-json\/wp\/v2\/media?parent=2437"}],"curies":[{"name":"wp","href":"https:\/\/api.w.org\/{rel}","templated":true}]}}