{"id":2364,"date":"2017-04-10T12:20:45","date_gmt":"2017-04-10T09:20:45","guid":{"rendered":"http:\/\/makeupatelier.ee\/meigikool\/?page_id=2364"},"modified":"2017-04-10T12:20:45","modified_gmt":"2017-04-10T09:20:45","slug":"tiina-leesik","status":"publish","type":"page","link":"https:\/\/makeupatelier.ee\/meigikool\/tiina-leesik\/","title":{"rendered":"Tiina Leesik"},"content":{"rendered":"<p>[vc_row][vc_column][vc_column_text]<strong>Haridus:<\/strong><\/p>\n<p>Tallinna 19. Tehnikakool (laia profiiliga juuksur) 1990<br \/>\nAS Artlines`i make-up`i kursus 1992<br \/>\nEesti Kosmeetikute ja Juuksurite Erakool (jumestuskunstnik-grimeerija) 1997<br \/>\n\u201eGlobal Learning Net&#8221; of Professional Make-up Artistry kursus\u00a0 2000<br \/>\nKutsetunnistus nr. 010095\u00a0 mis vastab grimeeerija III kutsekvalifikatsiooni n\u00f5uetele 2005<\/p>\n<p><strong>T\u00f6\u00f6kogemus:<\/strong><\/p>\n<p>GrimmiGrupp O\u00dc 2011-&#8230;. juhatuse liig, grimeerija<br \/>\nSA Eesti Draamateater 2014-2016 grimeerija-jumestaja<br \/>\nLeesik &amp; Niel\u00e4nder O\u00dc 2002-2011 \u2013juhatuse liige, grimeerija<br \/>\nFIE Tiina Leesik 1997-2001<br \/>\nTallinna Linnateater 2001-2002 -grimeerija<br \/>\nFaama Film O\u00dc 1994-1997 &#8211; juuksur, grimeerija<br \/>\nImago PM AS 1992-1993 &#8211; grimeerija<br \/>\nTallinnfilm 1987-1992 &#8211; grimeerija<\/p>\n<p><strong>Valik tehtud t\u00f6\u00f6dest:<\/strong><br \/>\n(kunstnik \u2013 grimeerija \/make-up stilist)<\/p>\n<p style=\"text-align: left;\"><strong>M\u00e4ngufilmid:<\/strong><\/p>\n<p>Varastatud\u00a0ohtumine, re\u017e. L. Laius, 1989\u00a0Tallinnfilm<br \/>\nMinu\u00a0Leninid, re\u017e. H. Volmer, 1997\u00a0Faama Film<br \/>\nNimed\u00a0marmortahvlil, re\u017e. E. N\u00fcganen,\u00a02002\u00a0Taska Productions, MPR Productions (Soome)<br \/>\nVanad ja kobedad, re\u017e. R. Pettai,\u00a02003\u00a0Ruut Pictures<br \/>\nGeorg, re\u017e. P. Simm, 2008\u00a0Allfilm<br \/>\nSurnuaiavahi t\u00fctar, re\u017e. K. Laur,\u00a02011\u00a0Estinfilm, Content Providers O\u00dc<br \/>\nSeenelk\u00e4ik, re\u017e. T. Hussar, 2012 \u00a0Allfilm O\u00dc<br \/>\nMandariinid, re\u017e. Z. Urushadze, 2013 Allfilm O\u00dc (Eesti Gruusia)<br \/>\nVehkleja, re\u017e. K. H\u00e4ro 2015 Allfilm O\u00dc, Making Movies, KickFilm<br \/>\n1944 re\u017e. E. N\u00fcganen, 2015 Taska Film, MRP Matila R\u00f6hr Product<br \/>\nSeltsimees laps, \u00a0re\u017e. M.Siimets, tootmises, Amrion O\u00dc<\/p>\n<p style=\"text-align: left;\"><strong>Teleseriaalid:<\/strong><\/p>\n<p style=\"text-align: left;\">H\u00e4rrad\u00a0abikaasad, 1999 A. Prosa, Wierframe<br \/>\nBuratino tegutseb j\u00e4lle, 2002-2005\u00a0K. Nurm, ETV<br \/>\nOma maap\u00e4ev,\u00a02008\u00a0H. Volmer, Eesti Rahvusringh\u00e4\u00e4ling<br \/>\nKlass \u2013 elu p\u00e4rast,\u00a02008-2010, Eesti Rahvusringh\u00e4\u00e4ling<br \/>\nLotte lood, \u00a02016-2017 \u00a0A. M\u00e4eots, tootmises, ERR<br \/>\nLitsid, 2017-&#8230; \u00a0M.Sander, tootmises, Reede O\u00dc<\/p>\n<p><strong>TV:<\/strong><\/p>\n<p>T\u00e4hed muusikas, V\u00e4rske Ekspress, Teletaip, Bingo Loto, Unetus, P\u00fchap\u00e4evitaja, Meie, P\u00e4kapikudisco, Happy Hour, Prillitoos, \u00c4rapanija, J\u00f5ulutunnel, Eesti oma laul, V\u00f5ta v\u00f5i j\u00e4ta, Tantsud t\u00e4htedega, TELE 2 klipid, Saame kokku Tomi juures, \u00a0Aeg Lubis, Su n\u00e4gu k\u00f5lab tuttavalt(1. Ja 4. hooaeg) Kolmeraudne, Hommik Anuga, Plekktrumm jpt.<\/p>\n<p><strong>Muu info:\u00a0<\/strong>on osalenud jumestaja ja grimeerija kutsestandardi kutsekomisjoni t\u00f6\u00f6s.[\/vc_column_text][\/vc_column][\/vc_row]<\/p>\n","protected":false},"excerpt":{"rendered":"<p>[vc_row][vc_column][vc_column_text]Haridus: Tallinna 19. Tehnikakool (laia profiiliga juuksur) 1990 AS Artlines`i make-up`i kursus 1992 Eesti Kosmeetikute ja Juuksurite Erakool (jumestuskunstnik-grimeerija) 1997 \u201eGlobal Learning Net&#8221; of Professional Make-up Artistry kursus\u00a0 2000 Kutsetunnistus nr. 010095\u00a0 mis vastab grimeeerija III kutsekvalifikatsiooni n\u00f5uetele 2005 T\u00f6\u00f6kogemus: GrimmiGrupp O\u00dc 2011-&#8230;. juhatuse liig, grimeerija SA Eesti Draamateater 2014-2016 grimeerija-jumestaja Leesik &amp; Niel\u00e4nder O\u00dc [&hellip;]<\/p>\n","protected":false},"author":1,"featured_media":0,"parent":0,"menu_order":0,"comment_status":"closed","ping_status":"closed","template":"","meta":{"footnotes":""},"class_list":["post-2364","page","type-page","status-publish","hentry"],"yoast_head":"<!-- This site is optimized with the Yoast SEO plugin v24.4 - https:\/\/yoast.com\/wordpress\/plugins\/seo\/ -->\n<title>Tiina Leesik - ATELIER Meigikool<\/title>\n<meta name=\"robots\" content=\"index, follow, max-snippet:-1, max-image-preview:large, max-video-preview:-1\" \/>\n<link rel=\"canonical\" href=\"https:\/\/makeupatelier.ee\/meigikool\/tiina-leesik\/\" \/>\n<meta property=\"og:locale\" content=\"et_EE\" \/>\n<meta property=\"og:type\" content=\"article\" \/>\n<meta property=\"og:title\" content=\"Tiina Leesik - ATELIER Meigikool\" \/>\n<meta property=\"og:description\" content=\"[vc_row][vc_column][vc_column_text]Haridus: Tallinna 19. Tehnikakool (laia profiiliga juuksur) 1990 AS Artlines`i make-up`i kursus 1992 Eesti Kosmeetikute ja Juuksurite Erakool (jumestuskunstnik-grimeerija) 1997 \u201eGlobal Learning Net&#8221; of Professional Make-up Artistry kursus\u00a0 2000 Kutsetunnistus nr. 010095\u00a0 mis vastab grimeeerija III kutsekvalifikatsiooni n\u00f5uetele 2005 T\u00f6\u00f6kogemus: GrimmiGrupp O\u00dc 2011-&#8230;. juhatuse liig, grimeerija SA Eesti Draamateater 2014-2016 grimeerija-jumestaja Leesik &amp; Niel\u00e4nder O\u00dc [&hellip;]\" \/>\n<meta property=\"og:url\" content=\"https:\/\/makeupatelier.ee\/meigikool\/tiina-leesik\/\" \/>\n<meta property=\"og:site_name\" content=\"ATELIER Meigikool\" \/>\n<meta name=\"twitter:card\" content=\"summary_large_image\" \/>\n<meta name=\"twitter:label1\" content=\"Est. reading time\" \/>\n\t<meta name=\"twitter:data1\" content=\"2 minutit\" \/>\n<script type=\"application\/ld+json\" class=\"yoast-schema-graph\">{\"@context\":\"https:\/\/schema.org\",\"@graph\":[{\"@type\":\"WebPage\",\"@id\":\"https:\/\/makeupatelier.ee\/meigikool\/tiina-leesik\/\",\"url\":\"https:\/\/makeupatelier.ee\/meigikool\/tiina-leesik\/\",\"name\":\"Tiina Leesik - ATELIER Meigikool\",\"isPartOf\":{\"@id\":\"https:\/\/makeupatelier.ee\/meigikool\/#website\"},\"datePublished\":\"2017-04-10T09:20:45+00:00\",\"breadcrumb\":{\"@id\":\"https:\/\/makeupatelier.ee\/meigikool\/tiina-leesik\/#breadcrumb\"},\"inLanguage\":\"et\",\"potentialAction\":[{\"@type\":\"ReadAction\",\"target\":[\"https:\/\/makeupatelier.ee\/meigikool\/tiina-leesik\/\"]}]},{\"@type\":\"BreadcrumbList\",\"@id\":\"https:\/\/makeupatelier.ee\/meigikool\/tiina-leesik\/#breadcrumb\",\"itemListElement\":[{\"@type\":\"ListItem\",\"position\":1,\"name\":\"Home\",\"item\":\"https:\/\/makeupatelier.ee\/meigikool\/\"},{\"@type\":\"ListItem\",\"position\":2,\"name\":\"Tiina Leesik\"}]},{\"@type\":\"WebSite\",\"@id\":\"https:\/\/makeupatelier.ee\/meigikool\/#website\",\"url\":\"https:\/\/makeupatelier.ee\/meigikool\/\",\"name\":\"ATELIER Meigikool\",\"description\":\"Meigikool\",\"publisher\":{\"@id\":\"https:\/\/makeupatelier.ee\/meigikool\/#organization\"},\"potentialAction\":[{\"@type\":\"SearchAction\",\"target\":{\"@type\":\"EntryPoint\",\"urlTemplate\":\"https:\/\/makeupatelier.ee\/meigikool\/?s={search_term_string}\"},\"query-input\":{\"@type\":\"PropertyValueSpecification\",\"valueRequired\":true,\"valueName\":\"search_term_string\"}}],\"inLanguage\":\"et\"},{\"@type\":\"Organization\",\"@id\":\"https:\/\/makeupatelier.ee\/meigikool\/#organization\",\"name\":\"ATELIER Meigikool\",\"url\":\"https:\/\/makeupatelier.ee\/meigikool\/\",\"logo\":{\"@type\":\"ImageObject\",\"inLanguage\":\"et\",\"@id\":\"https:\/\/makeupatelier.ee\/meigikool\/#\/schema\/logo\/image\/\",\"url\":\"https:\/\/makeupatelier.ee\/meigikool\/wp-content\/uploads\/2017\/03\/cropped-Logo-A-Noir-e1490355572366.png\",\"contentUrl\":\"https:\/\/makeupatelier.ee\/meigikool\/wp-content\/uploads\/2017\/03\/cropped-Logo-A-Noir-e1490355572366.png\",\"width\":137,\"height\":137,\"caption\":\"ATELIER Meigikool\"},\"image\":{\"@id\":\"https:\/\/makeupatelier.ee\/meigikool\/#\/schema\/logo\/image\/\"}}]}<\/script>\n<!-- \/ Yoast SEO plugin. -->","yoast_head_json":{"title":"Tiina Leesik - ATELIER Meigikool","robots":{"index":"index","follow":"follow","max-snippet":"max-snippet:-1","max-image-preview":"max-image-preview:large","max-video-preview":"max-video-preview:-1"},"canonical":"https:\/\/makeupatelier.ee\/meigikool\/tiina-leesik\/","og_locale":"et_EE","og_type":"article","og_title":"Tiina Leesik - ATELIER Meigikool","og_description":"[vc_row][vc_column][vc_column_text]Haridus: Tallinna 19. Tehnikakool (laia profiiliga juuksur) 1990 AS Artlines`i make-up`i kursus 1992 Eesti Kosmeetikute ja Juuksurite Erakool (jumestuskunstnik-grimeerija) 1997 \u201eGlobal Learning Net&#8221; of Professional Make-up Artistry kursus\u00a0 2000 Kutsetunnistus nr. 010095\u00a0 mis vastab grimeeerija III kutsekvalifikatsiooni n\u00f5uetele 2005 T\u00f6\u00f6kogemus: GrimmiGrupp O\u00dc 2011-&#8230;. juhatuse liig, grimeerija SA Eesti Draamateater 2014-2016 grimeerija-jumestaja Leesik &amp; Niel\u00e4nder O\u00dc [&hellip;]","og_url":"https:\/\/makeupatelier.ee\/meigikool\/tiina-leesik\/","og_site_name":"ATELIER Meigikool","twitter_card":"summary_large_image","twitter_misc":{"Est. reading time":"2 minutit"},"schema":{"@context":"https:\/\/schema.org","@graph":[{"@type":"WebPage","@id":"https:\/\/makeupatelier.ee\/meigikool\/tiina-leesik\/","url":"https:\/\/makeupatelier.ee\/meigikool\/tiina-leesik\/","name":"Tiina Leesik - ATELIER Meigikool","isPartOf":{"@id":"https:\/\/makeupatelier.ee\/meigikool\/#website"},"datePublished":"2017-04-10T09:20:45+00:00","breadcrumb":{"@id":"https:\/\/makeupatelier.ee\/meigikool\/tiina-leesik\/#breadcrumb"},"inLanguage":"et","potentialAction":[{"@type":"ReadAction","target":["https:\/\/makeupatelier.ee\/meigikool\/tiina-leesik\/"]}]},{"@type":"BreadcrumbList","@id":"https:\/\/makeupatelier.ee\/meigikool\/tiina-leesik\/#breadcrumb","itemListElement":[{"@type":"ListItem","position":1,"name":"Home","item":"https:\/\/makeupatelier.ee\/meigikool\/"},{"@type":"ListItem","position":2,"name":"Tiina Leesik"}]},{"@type":"WebSite","@id":"https:\/\/makeupatelier.ee\/meigikool\/#website","url":"https:\/\/makeupatelier.ee\/meigikool\/","name":"ATELIER Meigikool","description":"Meigikool","publisher":{"@id":"https:\/\/makeupatelier.ee\/meigikool\/#organization"},"potentialAction":[{"@type":"SearchAction","target":{"@type":"EntryPoint","urlTemplate":"https:\/\/makeupatelier.ee\/meigikool\/?s={search_term_string}"},"query-input":{"@type":"PropertyValueSpecification","valueRequired":true,"valueName":"search_term_string"}}],"inLanguage":"et"},{"@type":"Organization","@id":"https:\/\/makeupatelier.ee\/meigikool\/#organization","name":"ATELIER Meigikool","url":"https:\/\/makeupatelier.ee\/meigikool\/","logo":{"@type":"ImageObject","inLanguage":"et","@id":"https:\/\/makeupatelier.ee\/meigikool\/#\/schema\/logo\/image\/","url":"https:\/\/makeupatelier.ee\/meigikool\/wp-content\/uploads\/2017\/03\/cropped-Logo-A-Noir-e1490355572366.png","contentUrl":"https:\/\/makeupatelier.ee\/meigikool\/wp-content\/uploads\/2017\/03\/cropped-Logo-A-Noir-e1490355572366.png","width":137,"height":137,"caption":"ATELIER Meigikool"},"image":{"@id":"https:\/\/makeupatelier.ee\/meigikool\/#\/schema\/logo\/image\/"}}]}},"_links":{"self":[{"href":"https:\/\/makeupatelier.ee\/meigikool\/wp-json\/wp\/v2\/pages\/2364","targetHints":{"allow":["GET"]}}],"collection":[{"href":"https:\/\/makeupatelier.ee\/meigikool\/wp-json\/wp\/v2\/pages"}],"about":[{"href":"https:\/\/makeupatelier.ee\/meigikool\/wp-json\/wp\/v2\/types\/page"}],"author":[{"embeddable":true,"href":"https:\/\/makeupatelier.ee\/meigikool\/wp-json\/wp\/v2\/users\/1"}],"replies":[{"embeddable":true,"href":"https:\/\/makeupatelier.ee\/meigikool\/wp-json\/wp\/v2\/comments?post=2364"}],"version-history":[{"count":0,"href":"https:\/\/makeupatelier.ee\/meigikool\/wp-json\/wp\/v2\/pages\/2364\/revisions"}],"wp:attachment":[{"href":"https:\/\/makeupatelier.ee\/meigikool\/wp-json\/wp\/v2\/media?parent=2364"}],"curies":[{"name":"wp","href":"https:\/\/api.w.org\/{rel}","templated":true}]}}