{"id":2080,"date":"2017-03-27T15:36:45","date_gmt":"2017-03-27T12:36:45","guid":{"rendered":"http:\/\/makeupatelier.ee\/meigikool\/?page_id=2080"},"modified":"2026-02-28T21:54:39","modified_gmt":"2026-02-28T19:54:39","slug":"sirle-teeaar","status":"publish","type":"page","link":"https:\/\/makeupatelier.ee\/meigikool\/sirle-teeaar\/","title":{"rendered":"Sirle Tee\u00e4\u00e4r"},"content":{"rendered":"<p><strong>Erialane koolitus<br \/>\n<\/strong>2005-2007 P\u00e4rnu Kutsehariduskeskus juuksuri\u00f5pe<br \/>\n17.11.2005 Atesteeritud grimeerija III<br \/>\n1998-1999 Eesti juuksurite ja Kosmeetikute Erakool grimmi\u00f5pe<br \/>\n1992-1994 P\u00e4rnu Kutsehariduskeskus kunstnik-dekoraator<\/p>\n<p><strong>T\u00e4iendkoolitus<\/strong><\/p>\n<p>2019 Lokisoengud ja Lokitehnikad, Atelier Meigikool<br \/>\n2015 Festive Make-Up &amp; Airbrush Techniques, Vincet de Monfreid<br \/>\n2012 Arhtur Pakkas \u2013 Silikonikoolitus<br \/>\n2008 Andreas Moravec \u2013 Silikoni workshop<br \/>\n2007 Maurice Stein \u2013 Korrektiiv makeup<br \/>\n2005 Tiiu Luht \u2013 Termot\u00fcllist parukap\u00f5hjad<br \/>\n1999; 1998 Eijaleena Lehmuskallio-Korrigeeriv ja fantaasia grimm, kiir vananemine, Vananemine, lateks nahal<br \/>\n1997 Ilja ja Andre Mouth de Vires \u2013 Glatsan, lavagrimm, juustest lisandid)<\/p>\n<p><strong>T\u00f6\u00f6kogemus<br \/>\n<\/strong>1995-1996 P\u00e4rnu Teater Endla \u2013 Valgustaja<br \/>\n1996-2010 P\u00e4rnu Teater Endla \u2013 Grimeerija<br \/>\n2010-2011 Norra Ooperis Oslos\u2013 Grimeerija<br \/>\n2012 Saksamaal \u2013 Muusikal \u201e Hairspray\u201d, grimeerija<br \/>\n2011-2025 Sihtasutus Endal Teater \u2013 Grimeerija<br \/>\n2009-2010-Vilde tee-Grimeerija<br \/>\n2013 K\u00e4ttemaksukontor-Grimeerija<br \/>\n2014 Film \u201d Vehkleja\u201d-Grimeerija<br \/>\n2014 Film\u201d 1944\u2033-Grimeerija<br \/>\n2013- Su n\u00e4gu k\u00f5lab tuttavalt (k\u00f5ik hooajad)<br \/>\n2015-&#8230;Atelier Meigikoolis juhendaja<br \/>\n2016-Suur Kom\u00f6\u00f6dia\u00f5htu<br \/>\n2016-P\u00fchap\u00e4ev Sepoga (2 erisaadet)<br \/>\n2017-Film &#8221; Sangarid&#8221;<br \/>\n2017-Film &#8220;Igitee&#8221;<br \/>\n2018 Film \u201cP\u00f5rgu Jaan\u201d<br \/>\n2019 \u201cT\u00f5de ja \u00f5igus\u201d<br \/>\n2019 &#8221; Maria paradiis&#8221;<\/p>\n<p>Andnud grimmialaseid koolitusi Eesti Meigikunstnike \u00dchenduses, \u00d5petajatemajas ja Grimmikoolis.<\/p>\n","protected":false},"excerpt":{"rendered":"<p>Erialane koolitus 2005-2007 P\u00e4rnu Kutsehariduskeskus juuksuri\u00f5pe 17.11.2005 Atesteeritud grimeerija III 1998-1999 Eesti juuksurite ja Kosmeetikute Erakool grimmi\u00f5pe 1992-1994 P\u00e4rnu Kutsehariduskeskus kunstnik-dekoraator T\u00e4iendkoolitus 2019 Lokisoengud ja Lokitehnikad, Atelier Meigikool 2015 Festive Make-Up &amp; Airbrush Techniques, Vincet de Monfreid 2012 Arhtur Pakkas \u2013 Silikonikoolitus 2008 Andreas Moravec \u2013 Silikoni workshop 2007 Maurice Stein \u2013 Korrektiiv makeup 2005 [&hellip;]<\/p>\n","protected":false},"author":1,"featured_media":0,"parent":0,"menu_order":0,"comment_status":"closed","ping_status":"closed","template":"","meta":{"footnotes":""},"class_list":["post-2080","page","type-page","status-publish","hentry"],"yoast_head":"<!-- This site is optimized with the Yoast SEO plugin v24.4 - https:\/\/yoast.com\/wordpress\/plugins\/seo\/ -->\n<title>Sirle Tee\u00e4\u00e4r - ATELIER Meigikool<\/title>\n<meta name=\"robots\" content=\"index, follow, max-snippet:-1, max-image-preview:large, max-video-preview:-1\" \/>\n<link rel=\"canonical\" href=\"https:\/\/makeupatelier.ee\/meigikool\/sirle-teeaar\/\" \/>\n<meta property=\"og:locale\" content=\"et_EE\" \/>\n<meta property=\"og:type\" content=\"article\" \/>\n<meta property=\"og:title\" content=\"Sirle Tee\u00e4\u00e4r - ATELIER Meigikool\" \/>\n<meta property=\"og:description\" content=\"Erialane koolitus 2005-2007 P\u00e4rnu Kutsehariduskeskus juuksuri\u00f5pe 17.11.2005 Atesteeritud grimeerija III 1998-1999 Eesti juuksurite ja Kosmeetikute Erakool grimmi\u00f5pe 1992-1994 P\u00e4rnu Kutsehariduskeskus kunstnik-dekoraator T\u00e4iendkoolitus 2019 Lokisoengud ja Lokitehnikad, Atelier Meigikool 2015 Festive Make-Up &amp; Airbrush Techniques, Vincet de Monfreid 2012 Arhtur Pakkas \u2013 Silikonikoolitus 2008 Andreas Moravec \u2013 Silikoni workshop 2007 Maurice Stein \u2013 Korrektiiv makeup 2005 [&hellip;]\" \/>\n<meta property=\"og:url\" content=\"https:\/\/makeupatelier.ee\/meigikool\/sirle-teeaar\/\" \/>\n<meta property=\"og:site_name\" content=\"ATELIER Meigikool\" \/>\n<meta property=\"article:modified_time\" content=\"2026-02-28T19:54:39+00:00\" \/>\n<meta name=\"twitter:card\" content=\"summary_large_image\" \/>\n<meta name=\"twitter:label1\" content=\"Est. reading time\" \/>\n\t<meta name=\"twitter:data1\" content=\"1 minut\" \/>\n<script type=\"application\/ld+json\" class=\"yoast-schema-graph\">{\"@context\":\"https:\/\/schema.org\",\"@graph\":[{\"@type\":\"WebPage\",\"@id\":\"https:\/\/makeupatelier.ee\/meigikool\/sirle-teeaar\/\",\"url\":\"https:\/\/makeupatelier.ee\/meigikool\/sirle-teeaar\/\",\"name\":\"Sirle Tee\u00e4\u00e4r - ATELIER Meigikool\",\"isPartOf\":{\"@id\":\"https:\/\/makeupatelier.ee\/meigikool\/#website\"},\"datePublished\":\"2017-03-27T12:36:45+00:00\",\"dateModified\":\"2026-02-28T19:54:39+00:00\",\"breadcrumb\":{\"@id\":\"https:\/\/makeupatelier.ee\/meigikool\/sirle-teeaar\/#breadcrumb\"},\"inLanguage\":\"et\",\"potentialAction\":[{\"@type\":\"ReadAction\",\"target\":[\"https:\/\/makeupatelier.ee\/meigikool\/sirle-teeaar\/\"]}]},{\"@type\":\"BreadcrumbList\",\"@id\":\"https:\/\/makeupatelier.ee\/meigikool\/sirle-teeaar\/#breadcrumb\",\"itemListElement\":[{\"@type\":\"ListItem\",\"position\":1,\"name\":\"Home\",\"item\":\"https:\/\/makeupatelier.ee\/meigikool\/\"},{\"@type\":\"ListItem\",\"position\":2,\"name\":\"Sirle Tee\u00e4\u00e4r\"}]},{\"@type\":\"WebSite\",\"@id\":\"https:\/\/makeupatelier.ee\/meigikool\/#website\",\"url\":\"https:\/\/makeupatelier.ee\/meigikool\/\",\"name\":\"ATELIER Meigikool\",\"description\":\"Meigikool\",\"publisher\":{\"@id\":\"https:\/\/makeupatelier.ee\/meigikool\/#organization\"},\"potentialAction\":[{\"@type\":\"SearchAction\",\"target\":{\"@type\":\"EntryPoint\",\"urlTemplate\":\"https:\/\/makeupatelier.ee\/meigikool\/?s={search_term_string}\"},\"query-input\":{\"@type\":\"PropertyValueSpecification\",\"valueRequired\":true,\"valueName\":\"search_term_string\"}}],\"inLanguage\":\"et\"},{\"@type\":\"Organization\",\"@id\":\"https:\/\/makeupatelier.ee\/meigikool\/#organization\",\"name\":\"ATELIER Meigikool\",\"url\":\"https:\/\/makeupatelier.ee\/meigikool\/\",\"logo\":{\"@type\":\"ImageObject\",\"inLanguage\":\"et\",\"@id\":\"https:\/\/makeupatelier.ee\/meigikool\/#\/schema\/logo\/image\/\",\"url\":\"https:\/\/makeupatelier.ee\/meigikool\/wp-content\/uploads\/2017\/03\/cropped-Logo-A-Noir-e1490355572366.png\",\"contentUrl\":\"https:\/\/makeupatelier.ee\/meigikool\/wp-content\/uploads\/2017\/03\/cropped-Logo-A-Noir-e1490355572366.png\",\"width\":137,\"height\":137,\"caption\":\"ATELIER Meigikool\"},\"image\":{\"@id\":\"https:\/\/makeupatelier.ee\/meigikool\/#\/schema\/logo\/image\/\"}}]}<\/script>\n<!-- \/ Yoast SEO plugin. -->","yoast_head_json":{"title":"Sirle Tee\u00e4\u00e4r - ATELIER Meigikool","robots":{"index":"index","follow":"follow","max-snippet":"max-snippet:-1","max-image-preview":"max-image-preview:large","max-video-preview":"max-video-preview:-1"},"canonical":"https:\/\/makeupatelier.ee\/meigikool\/sirle-teeaar\/","og_locale":"et_EE","og_type":"article","og_title":"Sirle Tee\u00e4\u00e4r - ATELIER Meigikool","og_description":"Erialane koolitus 2005-2007 P\u00e4rnu Kutsehariduskeskus juuksuri\u00f5pe 17.11.2005 Atesteeritud grimeerija III 1998-1999 Eesti juuksurite ja Kosmeetikute Erakool grimmi\u00f5pe 1992-1994 P\u00e4rnu Kutsehariduskeskus kunstnik-dekoraator T\u00e4iendkoolitus 2019 Lokisoengud ja Lokitehnikad, Atelier Meigikool 2015 Festive Make-Up &amp; Airbrush Techniques, Vincet de Monfreid 2012 Arhtur Pakkas \u2013 Silikonikoolitus 2008 Andreas Moravec \u2013 Silikoni workshop 2007 Maurice Stein \u2013 Korrektiiv makeup 2005 [&hellip;]","og_url":"https:\/\/makeupatelier.ee\/meigikool\/sirle-teeaar\/","og_site_name":"ATELIER Meigikool","article_modified_time":"2026-02-28T19:54:39+00:00","twitter_card":"summary_large_image","twitter_misc":{"Est. reading time":"1 minut"},"schema":{"@context":"https:\/\/schema.org","@graph":[{"@type":"WebPage","@id":"https:\/\/makeupatelier.ee\/meigikool\/sirle-teeaar\/","url":"https:\/\/makeupatelier.ee\/meigikool\/sirle-teeaar\/","name":"Sirle Tee\u00e4\u00e4r - ATELIER Meigikool","isPartOf":{"@id":"https:\/\/makeupatelier.ee\/meigikool\/#website"},"datePublished":"2017-03-27T12:36:45+00:00","dateModified":"2026-02-28T19:54:39+00:00","breadcrumb":{"@id":"https:\/\/makeupatelier.ee\/meigikool\/sirle-teeaar\/#breadcrumb"},"inLanguage":"et","potentialAction":[{"@type":"ReadAction","target":["https:\/\/makeupatelier.ee\/meigikool\/sirle-teeaar\/"]}]},{"@type":"BreadcrumbList","@id":"https:\/\/makeupatelier.ee\/meigikool\/sirle-teeaar\/#breadcrumb","itemListElement":[{"@type":"ListItem","position":1,"name":"Home","item":"https:\/\/makeupatelier.ee\/meigikool\/"},{"@type":"ListItem","position":2,"name":"Sirle Tee\u00e4\u00e4r"}]},{"@type":"WebSite","@id":"https:\/\/makeupatelier.ee\/meigikool\/#website","url":"https:\/\/makeupatelier.ee\/meigikool\/","name":"ATELIER Meigikool","description":"Meigikool","publisher":{"@id":"https:\/\/makeupatelier.ee\/meigikool\/#organization"},"potentialAction":[{"@type":"SearchAction","target":{"@type":"EntryPoint","urlTemplate":"https:\/\/makeupatelier.ee\/meigikool\/?s={search_term_string}"},"query-input":{"@type":"PropertyValueSpecification","valueRequired":true,"valueName":"search_term_string"}}],"inLanguage":"et"},{"@type":"Organization","@id":"https:\/\/makeupatelier.ee\/meigikool\/#organization","name":"ATELIER Meigikool","url":"https:\/\/makeupatelier.ee\/meigikool\/","logo":{"@type":"ImageObject","inLanguage":"et","@id":"https:\/\/makeupatelier.ee\/meigikool\/#\/schema\/logo\/image\/","url":"https:\/\/makeupatelier.ee\/meigikool\/wp-content\/uploads\/2017\/03\/cropped-Logo-A-Noir-e1490355572366.png","contentUrl":"https:\/\/makeupatelier.ee\/meigikool\/wp-content\/uploads\/2017\/03\/cropped-Logo-A-Noir-e1490355572366.png","width":137,"height":137,"caption":"ATELIER Meigikool"},"image":{"@id":"https:\/\/makeupatelier.ee\/meigikool\/#\/schema\/logo\/image\/"}}]}},"_links":{"self":[{"href":"https:\/\/makeupatelier.ee\/meigikool\/wp-json\/wp\/v2\/pages\/2080","targetHints":{"allow":["GET"]}}],"collection":[{"href":"https:\/\/makeupatelier.ee\/meigikool\/wp-json\/wp\/v2\/pages"}],"about":[{"href":"https:\/\/makeupatelier.ee\/meigikool\/wp-json\/wp\/v2\/types\/page"}],"author":[{"embeddable":true,"href":"https:\/\/makeupatelier.ee\/meigikool\/wp-json\/wp\/v2\/users\/1"}],"replies":[{"embeddable":true,"href":"https:\/\/makeupatelier.ee\/meigikool\/wp-json\/wp\/v2\/comments?post=2080"}],"version-history":[{"count":5,"href":"https:\/\/makeupatelier.ee\/meigikool\/wp-json\/wp\/v2\/pages\/2080\/revisions"}],"predecessor-version":[{"id":6766,"href":"https:\/\/makeupatelier.ee\/meigikool\/wp-json\/wp\/v2\/pages\/2080\/revisions\/6766"}],"wp:attachment":[{"href":"https:\/\/makeupatelier.ee\/meigikool\/wp-json\/wp\/v2\/media?parent=2080"}],"curies":[{"name":"wp","href":"https:\/\/api.w.org\/{rel}","templated":true}]}}