{"id":2076,"date":"2017-03-27T15:29:08","date_gmt":"2017-03-27T12:29:08","guid":{"rendered":"http:\/\/makeupatelier.ee\/meigikool\/?page_id=2076"},"modified":"2026-02-28T21:46:49","modified_gmt":"2026-02-28T19:46:49","slug":"merlin-albert","status":"publish","type":"page","link":"https:\/\/makeupatelier.ee\/meigikool\/merlin-albert\/","title":{"rendered":"Merlin Albert"},"content":{"rendered":"<p><strong>Haridus:<\/strong><\/p>\n<p>2004-Tihemetsa Tehnikum \u2013raamatupidamise eriala<br \/>\n2009-Akadeemia Nord -\u00f5igusteaduskond<\/p>\n<p><strong>Erialane haridus<br \/>\n<\/strong><br \/>\n2014 &#8211; Eesti Meigikunstnike \u00dchenduse Meigikool. Baaskursus.<br \/>\n2014- Special Effects course by Fabio De Stefano<br \/>\n2015- Atelier International de Maquillage \u2013 Paris, France-Beauty, Fashion ja Special Effects<br \/>\n2015- Make-Up Atelier Paris Latvia, Festive Make-Up &amp; Airbrush Techniques. Vincet de Monfreid.<br \/>\n2016- \u201cT\u00e4iskasvanute koolituse seaduse n\u00f5uded kvaliteedi tagamiseks\u201d, Haridus- ja Teadusministeerium.<br \/>\n2016- Make-Up Atelier Paris Latvia, Beauty fashion &amp; Fresh summer colors. Vincet de Monfreid.<br \/>\n2016-\u201eT\u00e4ienduskoolituse \u00f5ppekava\u201c, Haridus- ja Teadusministeerium.<br \/>\n2018- Atelier International de Maquillage \u2013 Paris, France-Beaute &amp; Mode<br \/>\n2019- Atelier International de Maquillage \u2013 Paris, France-Stage Beaute &amp; Mode<\/p>\n<p><strong>T\u00f6\u00f6kogemus<\/strong><\/p>\n<p>2015-\u2026. Atelier O\u00dc m\u00fc\u00fcgijuht<br \/>\n2015-\u2026. koolitusettev\u00f5tte Atelier Inernational de Maquillage (Eesti) asutaja<br \/>\n2020 aprill-&#8230;..JGagentuur (jumestajate\/grimeerijate kontaktibaas) asutaja<br \/>\n2020 juuni- Mood-Performance-Tants Show-meigitiimi juht<br \/>\n2020 juuni -OmaMood-meigitiimi juht<br \/>\n2020 juuni-Antoniuse moeetendus-meigitiimi juht<br \/>\n2020 august-Buduaar &#8220;Suve modelli valmine&#8221;- jumestaja<br \/>\n2020 september-Port Artur- s\u00fcgiskampaania pildistamine-jumestaja<br \/>\n2020 detsember- ajakirja Buduaar detsembri moeseeria-jumestaja<br \/>\n2020 november- Estonian Fashion Festivali 2021 kataloogi pildistamine- jumestaja<br \/>\n2021 juuni- Mood-Performance-Tants Show-meigitiimi juht<br \/>\n2021 juuni -OmaMood-meigitiimi juht<br \/>\n2021 juuni-Antoniuse moeetendus-meigitiimi juht<br \/>\n2021 september-Port Artur- s\u00fcgiskampaania pildistamine-jumestaja<br \/>\n2021 detsember-Port Artur- j\u00f5ulukampaania pildistamine-jumestaja<br \/>\n2022 m\u00e4rts- SILUETT Eesti Moepood moeshow Ammende Villas-meigitiimi juht\/jumestaja<br \/>\n2022 juuni- Estonian Fashion Festival 2022-meigitiimi juht<br \/>\n2022 oktoober- Tallinn Fashion Week (Brand NO.8)- jumestaja<br \/>\n2023 m\u00e4rts- Tallinn Fashion Week (Brand NO.8)- jumestaja<br \/>\n2023 m\u00e4rts- SILUETT Eesti Moepood moeshow Hedonis-meigitiimi juht\/jumestaja<br \/>\n2023 mai- Euroopa Kultuuripealinn Tartu 2024 e-poe\u00a0<em>merchi<\/em> pildistamine-jumestaja<br \/>\n2023 mai- Mood-Performance-Tants Show eelpildistamine-jumestaja<br \/>\n2023 mai-Antoniuse moeetenduse eelpildistamine-jumestaja<br \/>\n2023 juuni- Estonian Fashion Festival 2022-meigitiimi juht\/jumestaja<br \/>\n2023 august Katre Arula moeshow-meigitiimi juht\/jumestaja<br \/>\n2023 oktoober Tallinn Fashion Week (Brand NO.8)- jumestaja<br \/>\n2024 aprill Tallinn Fashion Week (Skeleton by Jo Nurm)-meigitiimi juht\/jumestaja<br \/>\n2024 juuni- Estonian Fashion Festival 2024-meigitiimi juht\/jumestaja<br \/>\n2024 oktoober Tallinn Fashion Week (Brand NO.8)- jumestaja<br \/>\n2025 m\u00e4rts Tallinn Fashion Week (Brand NO.8)- jumestaja<br \/>\n2025 aprill- Omamood Show eelpildistamine-jumestaja<br \/>\n2025 mai- Mood-Performance-Tants Show eelpildistamine-jumestaja<br \/>\n2025 juuni- Estonian Fashion Festival 2025-meigitiimi juht\/jumestaja<br \/>\n2025 juuni-&#8230;&#8230; LU\u00c9 BALM<span class=\"Apple-converted-space\"> k\u00e4sit\u00f6\u00f6kosmeetika br\u00e4ndi looja<\/span><\/p>\n","protected":false},"excerpt":{"rendered":"<p>Haridus: 2004-Tihemetsa Tehnikum \u2013raamatupidamise eriala 2009-Akadeemia Nord -\u00f5igusteaduskond Erialane haridus 2014 &#8211; Eesti Meigikunstnike \u00dchenduse Meigikool. Baaskursus. 2014- Special Effects course by Fabio De Stefano 2015- Atelier International de Maquillage \u2013 Paris, France-Beauty, Fashion ja Special Effects 2015- Make-Up Atelier Paris Latvia, Festive Make-Up &amp; Airbrush Techniques. Vincet de Monfreid. 2016- \u201cT\u00e4iskasvanute koolituse seaduse n\u00f5uded [&hellip;]<\/p>\n","protected":false},"author":1,"featured_media":0,"parent":0,"menu_order":0,"comment_status":"closed","ping_status":"closed","template":"","meta":{"footnotes":""},"class_list":["post-2076","page","type-page","status-publish","hentry"],"yoast_head":"<!-- This site is optimized with the Yoast SEO plugin v24.4 - https:\/\/yoast.com\/wordpress\/plugins\/seo\/ -->\n<title>Merlin Albert - ATELIER Meigikool<\/title>\n<meta name=\"robots\" content=\"index, follow, max-snippet:-1, max-image-preview:large, max-video-preview:-1\" \/>\n<link rel=\"canonical\" href=\"https:\/\/makeupatelier.ee\/meigikool\/merlin-albert\/\" \/>\n<meta property=\"og:locale\" content=\"et_EE\" \/>\n<meta property=\"og:type\" content=\"article\" \/>\n<meta property=\"og:title\" content=\"Merlin Albert - ATELIER Meigikool\" \/>\n<meta property=\"og:description\" content=\"Haridus: 2004-Tihemetsa Tehnikum \u2013raamatupidamise eriala 2009-Akadeemia Nord -\u00f5igusteaduskond Erialane haridus 2014 &#8211; Eesti Meigikunstnike \u00dchenduse Meigikool. Baaskursus. 2014- Special Effects course by Fabio De Stefano 2015- Atelier International de Maquillage \u2013 Paris, France-Beauty, Fashion ja Special Effects 2015- Make-Up Atelier Paris Latvia, Festive Make-Up &amp; Airbrush Techniques. Vincet de Monfreid. 2016- \u201cT\u00e4iskasvanute koolituse seaduse n\u00f5uded [&hellip;]\" \/>\n<meta property=\"og:url\" content=\"https:\/\/makeupatelier.ee\/meigikool\/merlin-albert\/\" \/>\n<meta property=\"og:site_name\" content=\"ATELIER Meigikool\" \/>\n<meta property=\"article:modified_time\" content=\"2026-02-28T19:46:49+00:00\" \/>\n<meta name=\"twitter:card\" content=\"summary_large_image\" \/>\n<meta name=\"twitter:label1\" content=\"Est. reading time\" \/>\n\t<meta name=\"twitter:data1\" content=\"2 minutit\" \/>\n<script type=\"application\/ld+json\" class=\"yoast-schema-graph\">{\"@context\":\"https:\/\/schema.org\",\"@graph\":[{\"@type\":\"WebPage\",\"@id\":\"https:\/\/makeupatelier.ee\/meigikool\/merlin-albert\/\",\"url\":\"https:\/\/makeupatelier.ee\/meigikool\/merlin-albert\/\",\"name\":\"Merlin Albert - ATELIER Meigikool\",\"isPartOf\":{\"@id\":\"https:\/\/makeupatelier.ee\/meigikool\/#website\"},\"datePublished\":\"2017-03-27T12:29:08+00:00\",\"dateModified\":\"2026-02-28T19:46:49+00:00\",\"breadcrumb\":{\"@id\":\"https:\/\/makeupatelier.ee\/meigikool\/merlin-albert\/#breadcrumb\"},\"inLanguage\":\"et\",\"potentialAction\":[{\"@type\":\"ReadAction\",\"target\":[\"https:\/\/makeupatelier.ee\/meigikool\/merlin-albert\/\"]}]},{\"@type\":\"BreadcrumbList\",\"@id\":\"https:\/\/makeupatelier.ee\/meigikool\/merlin-albert\/#breadcrumb\",\"itemListElement\":[{\"@type\":\"ListItem\",\"position\":1,\"name\":\"Home\",\"item\":\"https:\/\/makeupatelier.ee\/meigikool\/\"},{\"@type\":\"ListItem\",\"position\":2,\"name\":\"Merlin Albert\"}]},{\"@type\":\"WebSite\",\"@id\":\"https:\/\/makeupatelier.ee\/meigikool\/#website\",\"url\":\"https:\/\/makeupatelier.ee\/meigikool\/\",\"name\":\"ATELIER Meigikool\",\"description\":\"Meigikool\",\"publisher\":{\"@id\":\"https:\/\/makeupatelier.ee\/meigikool\/#organization\"},\"potentialAction\":[{\"@type\":\"SearchAction\",\"target\":{\"@type\":\"EntryPoint\",\"urlTemplate\":\"https:\/\/makeupatelier.ee\/meigikool\/?s={search_term_string}\"},\"query-input\":{\"@type\":\"PropertyValueSpecification\",\"valueRequired\":true,\"valueName\":\"search_term_string\"}}],\"inLanguage\":\"et\"},{\"@type\":\"Organization\",\"@id\":\"https:\/\/makeupatelier.ee\/meigikool\/#organization\",\"name\":\"ATELIER Meigikool\",\"url\":\"https:\/\/makeupatelier.ee\/meigikool\/\",\"logo\":{\"@type\":\"ImageObject\",\"inLanguage\":\"et\",\"@id\":\"https:\/\/makeupatelier.ee\/meigikool\/#\/schema\/logo\/image\/\",\"url\":\"https:\/\/makeupatelier.ee\/meigikool\/wp-content\/uploads\/2017\/03\/cropped-Logo-A-Noir-e1490355572366.png\",\"contentUrl\":\"https:\/\/makeupatelier.ee\/meigikool\/wp-content\/uploads\/2017\/03\/cropped-Logo-A-Noir-e1490355572366.png\",\"width\":137,\"height\":137,\"caption\":\"ATELIER Meigikool\"},\"image\":{\"@id\":\"https:\/\/makeupatelier.ee\/meigikool\/#\/schema\/logo\/image\/\"}}]}<\/script>\n<!-- \/ Yoast SEO plugin. -->","yoast_head_json":{"title":"Merlin Albert - ATELIER Meigikool","robots":{"index":"index","follow":"follow","max-snippet":"max-snippet:-1","max-image-preview":"max-image-preview:large","max-video-preview":"max-video-preview:-1"},"canonical":"https:\/\/makeupatelier.ee\/meigikool\/merlin-albert\/","og_locale":"et_EE","og_type":"article","og_title":"Merlin Albert - ATELIER Meigikool","og_description":"Haridus: 2004-Tihemetsa Tehnikum \u2013raamatupidamise eriala 2009-Akadeemia Nord -\u00f5igusteaduskond Erialane haridus 2014 &#8211; Eesti Meigikunstnike \u00dchenduse Meigikool. Baaskursus. 2014- Special Effects course by Fabio De Stefano 2015- Atelier International de Maquillage \u2013 Paris, France-Beauty, Fashion ja Special Effects 2015- Make-Up Atelier Paris Latvia, Festive Make-Up &amp; Airbrush Techniques. Vincet de Monfreid. 2016- \u201cT\u00e4iskasvanute koolituse seaduse n\u00f5uded [&hellip;]","og_url":"https:\/\/makeupatelier.ee\/meigikool\/merlin-albert\/","og_site_name":"ATELIER Meigikool","article_modified_time":"2026-02-28T19:46:49+00:00","twitter_card":"summary_large_image","twitter_misc":{"Est. reading time":"2 minutit"},"schema":{"@context":"https:\/\/schema.org","@graph":[{"@type":"WebPage","@id":"https:\/\/makeupatelier.ee\/meigikool\/merlin-albert\/","url":"https:\/\/makeupatelier.ee\/meigikool\/merlin-albert\/","name":"Merlin Albert - ATELIER Meigikool","isPartOf":{"@id":"https:\/\/makeupatelier.ee\/meigikool\/#website"},"datePublished":"2017-03-27T12:29:08+00:00","dateModified":"2026-02-28T19:46:49+00:00","breadcrumb":{"@id":"https:\/\/makeupatelier.ee\/meigikool\/merlin-albert\/#breadcrumb"},"inLanguage":"et","potentialAction":[{"@type":"ReadAction","target":["https:\/\/makeupatelier.ee\/meigikool\/merlin-albert\/"]}]},{"@type":"BreadcrumbList","@id":"https:\/\/makeupatelier.ee\/meigikool\/merlin-albert\/#breadcrumb","itemListElement":[{"@type":"ListItem","position":1,"name":"Home","item":"https:\/\/makeupatelier.ee\/meigikool\/"},{"@type":"ListItem","position":2,"name":"Merlin Albert"}]},{"@type":"WebSite","@id":"https:\/\/makeupatelier.ee\/meigikool\/#website","url":"https:\/\/makeupatelier.ee\/meigikool\/","name":"ATELIER Meigikool","description":"Meigikool","publisher":{"@id":"https:\/\/makeupatelier.ee\/meigikool\/#organization"},"potentialAction":[{"@type":"SearchAction","target":{"@type":"EntryPoint","urlTemplate":"https:\/\/makeupatelier.ee\/meigikool\/?s={search_term_string}"},"query-input":{"@type":"PropertyValueSpecification","valueRequired":true,"valueName":"search_term_string"}}],"inLanguage":"et"},{"@type":"Organization","@id":"https:\/\/makeupatelier.ee\/meigikool\/#organization","name":"ATELIER Meigikool","url":"https:\/\/makeupatelier.ee\/meigikool\/","logo":{"@type":"ImageObject","inLanguage":"et","@id":"https:\/\/makeupatelier.ee\/meigikool\/#\/schema\/logo\/image\/","url":"https:\/\/makeupatelier.ee\/meigikool\/wp-content\/uploads\/2017\/03\/cropped-Logo-A-Noir-e1490355572366.png","contentUrl":"https:\/\/makeupatelier.ee\/meigikool\/wp-content\/uploads\/2017\/03\/cropped-Logo-A-Noir-e1490355572366.png","width":137,"height":137,"caption":"ATELIER Meigikool"},"image":{"@id":"https:\/\/makeupatelier.ee\/meigikool\/#\/schema\/logo\/image\/"}}]}},"_links":{"self":[{"href":"https:\/\/makeupatelier.ee\/meigikool\/wp-json\/wp\/v2\/pages\/2076","targetHints":{"allow":["GET"]}}],"collection":[{"href":"https:\/\/makeupatelier.ee\/meigikool\/wp-json\/wp\/v2\/pages"}],"about":[{"href":"https:\/\/makeupatelier.ee\/meigikool\/wp-json\/wp\/v2\/types\/page"}],"author":[{"embeddable":true,"href":"https:\/\/makeupatelier.ee\/meigikool\/wp-json\/wp\/v2\/users\/1"}],"replies":[{"embeddable":true,"href":"https:\/\/makeupatelier.ee\/meigikool\/wp-json\/wp\/v2\/comments?post=2076"}],"version-history":[{"count":5,"href":"https:\/\/makeupatelier.ee\/meigikool\/wp-json\/wp\/v2\/pages\/2076\/revisions"}],"predecessor-version":[{"id":6763,"href":"https:\/\/makeupatelier.ee\/meigikool\/wp-json\/wp\/v2\/pages\/2076\/revisions\/6763"}],"wp:attachment":[{"href":"https:\/\/makeupatelier.ee\/meigikool\/wp-json\/wp\/v2\/media?parent=2076"}],"curies":[{"name":"wp","href":"https:\/\/api.w.org\/{rel}","templated":true}]}}