{"id":1929,"date":"2017-03-24T16:15:17","date_gmt":"2017-03-24T14:15:17","guid":{"rendered":"http:\/\/makeupatelier.ee\/meigikool\/?page_id=1929"},"modified":"2025-02-28T11:24:08","modified_gmt":"2025-02-28T09:24:08","slug":"proov-3","status":"publish","type":"page","link":"https:\/\/makeupatelier.ee\/meigikool\/proov-3\/","title":{"rendered":"Kvaliteedi tagamine"},"content":{"rendered":"<p>T\u00e4ienduskoolituse kvaliteedi tagamise alused Atelier International de Maquillage koolitusettev\u00f5ttes edaspidi ATELIER Meigikool.<br \/>\nT\u00e4ienduskoolituse kvaliteedi tagamise alused s\u00e4testab ATELIER Meigikool koolituskeskuse t\u00e4ienduskoolituse \u00f5ppekavade, koolitajate ja \u00f5ppekeskkonna kvaliteedi tagamise ning t\u00e4ienduskoolituse kohta tagasiside kogumise korra. ATELIER Meigikool l\u00e4htub t\u00e4ienduskoolituse korraldamisel t\u00e4iskasvanute koolituse seadusest, t\u00e4ienduskoolituse standardist ning ATELIER Meigikooli\u00a0\u00f5ppekorralduse alustest.<\/p>\n<p>ATELIER Meigikool P\u00d5HIV\u00c4\u00c4RTUS: v\u00e4iksed koolitusgrupid, et toetada individuaalset l\u00e4henemist igale \u00f5ppijale.<\/p>\n<p>1. T\u00e4ienduskoolituse \u00f5ppekavade kvaliteedi tagamine.<br \/>\n1.1. \u00d5ppekava koostamisel l\u00e4htutatakse sihtgruppide vajadustest.<br \/>\n1.2. \u00d5ppekavade sisu hinnatakse ja uuendatakse regulaarselt l\u00e4htuvalt antud tagasisidele, koolitajate ettepanekutele ja valdkonna viimastest arengutest.<br \/>\n1.3. Koolituste ja kursuste \u00f5ppekavad vastavad T\u00e4iendkoolituse standardi \u00a72 s\u00e4testatud tingimustele.<br \/>\n1.4. \u00d5ppekavas s\u00e4testatakse j\u00e4rgmised andmed: 1) \u00f5ppekava nimetus; 2) \u00f5ppekavar\u00fchm (l\u00e4htudes \u00fchtsest hariduse liigitusest ISCED 97 (International Standard Classification of Education, UNESCO; 1997); 3) \u00f5piv\u00e4ljundid; 4) \u00f5pingute alustamise tingimused, juhul kui need on eeltingimuseks \u00f5piv\u00e4ljundite saavutamisel; 5) \u00f5ppe kogumaht, sealhulgas auditoorse ja praktilise t\u00f6\u00f6 osakaal; 6) \u00f5ppe sisu; 7) \u00f5ppekeskkonna kirjeldus;8) \u00f5ppematerjalide loend, juhul kui \u00f5ppekava l\u00e4bimiseks on ette n\u00e4htud \u00f5ppematerjalid; 9) l\u00f5petamise tingimused ja v\u00e4ljastatavad dokumendid; 10) koolituse l\u00e4biviimiseks vajaliku kvalifikatsiooni, \u00f5pi- v\u00f5i t\u00f6\u00f6kogemuse kirjeldus.<\/p>\n<p>2. T\u00e4iskasvanute koolitajate kvaliteedi tagamine.<br \/>\n2.1. Koolitajad peavad omama erialast haridust. Tegutsema aktiivselt \u00f5petatavas valdkonnas ning omama vastavasisulist kogemust.<br \/>\n2.2. ATELIER Meigikooli\u00a0koolitajad on kohustatud end t\u00e4iendama, osaledes ise koolitustel, tutvudes valdkonna uuemate arengute ja teoreetiliste materjalidega ning kasutama saadud teadmisi koolituste regulaarseks uuendamiseks.<br \/>\n2.3. Koolitaja(d) on nimetatud ja koolitajate kvalifikatsiooni, \u00f5pi \u2013 ja t\u00f6\u00f6kogemustega on v\u00f5imalik tutvuda kooli veebilehel www.makeupatelier.ee\/meigikool<br \/>\n2.4. Koolitajate kvaliteeti hinnatakse \u00f5ppijate tagasiside p\u00f5hjal.<\/p>\n<p>3. \u00d5ppekeskkonna kvaliteedi tagamine.<br \/>\n3.1. Koolitusgruppide suurusj\u00e4rgud on erinevad s\u00f5ltuvalt koolituse sisust, kuid eesm\u00e4rgiks on siiski tagada individuaalne l\u00e4henemine kogu \u00f5ppeprotsessi jooksul.<br \/>\n3.2. Maksimaalne koolitusgrupi (koolitus koos praktlise osaga) liikmete arv on 10 liiget.<br \/>\n3.4. Koolituskeskuse ees on tasuta parkimine<br \/>\n3.5. \u00d5ppet\u00f6\u00f6 toimub ATELIER stuudios, mis asub P\u00e4rnus, aadressil A.H.Tammsaare pst 41-M6 P\u00e4rnu, II korrusel, spetsiallselt meigikoolitusteks kohandatud meigistuudios.<br \/>\n3.6. Kool tagab \u00f5ppet\u00f6\u00f6ks vajalikud tooted. Kasutame oma koolitustel professionaalse meigisarja Make-Up Atelier Paris tooteid.<\/p>\n<p>4. T\u00e4ienduskoolituse tagasiside kogumise kord.<br \/>\n4.1. Koolituse\/kursuse kestel koguvad koolitajad \u00f5ppijatelt suulist tagasisidet, mille p\u00f5hjal viiakse vajaduse korral ellu muudatused koolituse\/kursuse korralduses, tagamaks igale \u00f5ppegrupile parim \u00f5ppe kvaliteet.<br \/>\n4.2. Iga koolituse\/kursuse l\u00f5pul antakse osalejale v\u00f5imalus t\u00e4ita tagasisideleht, kus on v\u00f5imalus anda hinnang koolituse\/kursuse sisule, koolitaja (te)le ja koolituse\/kursuse korraldusele ning teha ettepanekuid koolituse\/kurususe paremaks muutmiseks. Tagasisidelehe t\u00e4itmine ei ole kohustuslik.<br \/>\n4.3. Tagasisides\u00fcsteemi olemasolu ja toimimise abil on tagatud pidev koolitatava ootuste ja vajaduste v\u00e4ljaselgitamine, rahulolu ja tagasiside j\u00e4lgimine ning sellega arvestamine.<\/p>\n","protected":false},"excerpt":{"rendered":"<p>T\u00e4ienduskoolituse kvaliteedi tagamise alused Atelier International de Maquillage koolitusettev\u00f5ttes edaspidi ATELIER Meigikool. T\u00e4ienduskoolituse kvaliteedi tagamise alused s\u00e4testab ATELIER Meigikool koolituskeskuse t\u00e4ienduskoolituse \u00f5ppekavade, koolitajate ja \u00f5ppekeskkonna kvaliteedi tagamise ning t\u00e4ienduskoolituse kohta tagasiside kogumise korra. ATELIER Meigikool l\u00e4htub t\u00e4ienduskoolituse korraldamisel t\u00e4iskasvanute koolituse seadusest, t\u00e4ienduskoolituse standardist ning ATELIER Meigikooli\u00a0\u00f5ppekorralduse alustest. ATELIER Meigikool P\u00d5HIV\u00c4\u00c4RTUS: v\u00e4iksed koolitusgrupid, et toetada individuaalset [&hellip;]<\/p>\n","protected":false},"author":1,"featured_media":0,"parent":0,"menu_order":0,"comment_status":"closed","ping_status":"closed","template":"","meta":{"footnotes":""},"class_list":["post-1929","page","type-page","status-publish","hentry"],"yoast_head":"<!-- This site is optimized with the Yoast SEO plugin v24.4 - https:\/\/yoast.com\/wordpress\/plugins\/seo\/ -->\n<title>Kvaliteedi tagamine - ATELIER Meigikool<\/title>\n<meta name=\"robots\" content=\"index, follow, max-snippet:-1, max-image-preview:large, max-video-preview:-1\" \/>\n<link rel=\"canonical\" href=\"https:\/\/makeupatelier.ee\/meigikool\/proov-3\/\" \/>\n<meta property=\"og:locale\" content=\"et_EE\" \/>\n<meta property=\"og:type\" content=\"article\" \/>\n<meta property=\"og:title\" content=\"Kvaliteedi tagamine - ATELIER Meigikool\" \/>\n<meta property=\"og:description\" content=\"T\u00e4ienduskoolituse kvaliteedi tagamise alused Atelier International de Maquillage koolitusettev\u00f5ttes edaspidi ATELIER Meigikool. T\u00e4ienduskoolituse kvaliteedi tagamise alused s\u00e4testab ATELIER Meigikool koolituskeskuse t\u00e4ienduskoolituse \u00f5ppekavade, koolitajate ja \u00f5ppekeskkonna kvaliteedi tagamise ning t\u00e4ienduskoolituse kohta tagasiside kogumise korra. ATELIER Meigikool l\u00e4htub t\u00e4ienduskoolituse korraldamisel t\u00e4iskasvanute koolituse seadusest, t\u00e4ienduskoolituse standardist ning ATELIER Meigikooli\u00a0\u00f5ppekorralduse alustest. ATELIER Meigikool P\u00d5HIV\u00c4\u00c4RTUS: v\u00e4iksed koolitusgrupid, et toetada individuaalset [&hellip;]\" \/>\n<meta property=\"og:url\" content=\"https:\/\/makeupatelier.ee\/meigikool\/proov-3\/\" \/>\n<meta property=\"og:site_name\" content=\"ATELIER Meigikool\" \/>\n<meta property=\"article:modified_time\" content=\"2025-02-28T09:24:08+00:00\" \/>\n<meta name=\"twitter:card\" content=\"summary_large_image\" \/>\n<meta name=\"twitter:label1\" content=\"Est. reading time\" \/>\n\t<meta name=\"twitter:data1\" content=\"3 minutit\" \/>\n<script type=\"application\/ld+json\" class=\"yoast-schema-graph\">{\"@context\":\"https:\/\/schema.org\",\"@graph\":[{\"@type\":\"WebPage\",\"@id\":\"https:\/\/makeupatelier.ee\/meigikool\/proov-3\/\",\"url\":\"https:\/\/makeupatelier.ee\/meigikool\/proov-3\/\",\"name\":\"Kvaliteedi tagamine - ATELIER Meigikool\",\"isPartOf\":{\"@id\":\"https:\/\/makeupatelier.ee\/meigikool\/#website\"},\"datePublished\":\"2017-03-24T14:15:17+00:00\",\"dateModified\":\"2025-02-28T09:24:08+00:00\",\"breadcrumb\":{\"@id\":\"https:\/\/makeupatelier.ee\/meigikool\/proov-3\/#breadcrumb\"},\"inLanguage\":\"et\",\"potentialAction\":[{\"@type\":\"ReadAction\",\"target\":[\"https:\/\/makeupatelier.ee\/meigikool\/proov-3\/\"]}]},{\"@type\":\"BreadcrumbList\",\"@id\":\"https:\/\/makeupatelier.ee\/meigikool\/proov-3\/#breadcrumb\",\"itemListElement\":[{\"@type\":\"ListItem\",\"position\":1,\"name\":\"Home\",\"item\":\"https:\/\/makeupatelier.ee\/meigikool\/\"},{\"@type\":\"ListItem\",\"position\":2,\"name\":\"Kvaliteedi tagamine\"}]},{\"@type\":\"WebSite\",\"@id\":\"https:\/\/makeupatelier.ee\/meigikool\/#website\",\"url\":\"https:\/\/makeupatelier.ee\/meigikool\/\",\"name\":\"ATELIER Meigikool\",\"description\":\"Meigikool\",\"publisher\":{\"@id\":\"https:\/\/makeupatelier.ee\/meigikool\/#organization\"},\"potentialAction\":[{\"@type\":\"SearchAction\",\"target\":{\"@type\":\"EntryPoint\",\"urlTemplate\":\"https:\/\/makeupatelier.ee\/meigikool\/?s={search_term_string}\"},\"query-input\":{\"@type\":\"PropertyValueSpecification\",\"valueRequired\":true,\"valueName\":\"search_term_string\"}}],\"inLanguage\":\"et\"},{\"@type\":\"Organization\",\"@id\":\"https:\/\/makeupatelier.ee\/meigikool\/#organization\",\"name\":\"ATELIER Meigikool\",\"url\":\"https:\/\/makeupatelier.ee\/meigikool\/\",\"logo\":{\"@type\":\"ImageObject\",\"inLanguage\":\"et\",\"@id\":\"https:\/\/makeupatelier.ee\/meigikool\/#\/schema\/logo\/image\/\",\"url\":\"https:\/\/makeupatelier.ee\/meigikool\/wp-content\/uploads\/2017\/03\/cropped-Logo-A-Noir-e1490355572366.png\",\"contentUrl\":\"https:\/\/makeupatelier.ee\/meigikool\/wp-content\/uploads\/2017\/03\/cropped-Logo-A-Noir-e1490355572366.png\",\"width\":137,\"height\":137,\"caption\":\"ATELIER Meigikool\"},\"image\":{\"@id\":\"https:\/\/makeupatelier.ee\/meigikool\/#\/schema\/logo\/image\/\"}}]}<\/script>\n<!-- \/ Yoast SEO plugin. -->","yoast_head_json":{"title":"Kvaliteedi tagamine - ATELIER Meigikool","robots":{"index":"index","follow":"follow","max-snippet":"max-snippet:-1","max-image-preview":"max-image-preview:large","max-video-preview":"max-video-preview:-1"},"canonical":"https:\/\/makeupatelier.ee\/meigikool\/proov-3\/","og_locale":"et_EE","og_type":"article","og_title":"Kvaliteedi tagamine - ATELIER Meigikool","og_description":"T\u00e4ienduskoolituse kvaliteedi tagamise alused Atelier International de Maquillage koolitusettev\u00f5ttes edaspidi ATELIER Meigikool. T\u00e4ienduskoolituse kvaliteedi tagamise alused s\u00e4testab ATELIER Meigikool koolituskeskuse t\u00e4ienduskoolituse \u00f5ppekavade, koolitajate ja \u00f5ppekeskkonna kvaliteedi tagamise ning t\u00e4ienduskoolituse kohta tagasiside kogumise korra. ATELIER Meigikool l\u00e4htub t\u00e4ienduskoolituse korraldamisel t\u00e4iskasvanute koolituse seadusest, t\u00e4ienduskoolituse standardist ning ATELIER Meigikooli\u00a0\u00f5ppekorralduse alustest. ATELIER Meigikool P\u00d5HIV\u00c4\u00c4RTUS: v\u00e4iksed koolitusgrupid, et toetada individuaalset [&hellip;]","og_url":"https:\/\/makeupatelier.ee\/meigikool\/proov-3\/","og_site_name":"ATELIER Meigikool","article_modified_time":"2025-02-28T09:24:08+00:00","twitter_card":"summary_large_image","twitter_misc":{"Est. reading time":"3 minutit"},"schema":{"@context":"https:\/\/schema.org","@graph":[{"@type":"WebPage","@id":"https:\/\/makeupatelier.ee\/meigikool\/proov-3\/","url":"https:\/\/makeupatelier.ee\/meigikool\/proov-3\/","name":"Kvaliteedi tagamine - ATELIER Meigikool","isPartOf":{"@id":"https:\/\/makeupatelier.ee\/meigikool\/#website"},"datePublished":"2017-03-24T14:15:17+00:00","dateModified":"2025-02-28T09:24:08+00:00","breadcrumb":{"@id":"https:\/\/makeupatelier.ee\/meigikool\/proov-3\/#breadcrumb"},"inLanguage":"et","potentialAction":[{"@type":"ReadAction","target":["https:\/\/makeupatelier.ee\/meigikool\/proov-3\/"]}]},{"@type":"BreadcrumbList","@id":"https:\/\/makeupatelier.ee\/meigikool\/proov-3\/#breadcrumb","itemListElement":[{"@type":"ListItem","position":1,"name":"Home","item":"https:\/\/makeupatelier.ee\/meigikool\/"},{"@type":"ListItem","position":2,"name":"Kvaliteedi tagamine"}]},{"@type":"WebSite","@id":"https:\/\/makeupatelier.ee\/meigikool\/#website","url":"https:\/\/makeupatelier.ee\/meigikool\/","name":"ATELIER Meigikool","description":"Meigikool","publisher":{"@id":"https:\/\/makeupatelier.ee\/meigikool\/#organization"},"potentialAction":[{"@type":"SearchAction","target":{"@type":"EntryPoint","urlTemplate":"https:\/\/makeupatelier.ee\/meigikool\/?s={search_term_string}"},"query-input":{"@type":"PropertyValueSpecification","valueRequired":true,"valueName":"search_term_string"}}],"inLanguage":"et"},{"@type":"Organization","@id":"https:\/\/makeupatelier.ee\/meigikool\/#organization","name":"ATELIER Meigikool","url":"https:\/\/makeupatelier.ee\/meigikool\/","logo":{"@type":"ImageObject","inLanguage":"et","@id":"https:\/\/makeupatelier.ee\/meigikool\/#\/schema\/logo\/image\/","url":"https:\/\/makeupatelier.ee\/meigikool\/wp-content\/uploads\/2017\/03\/cropped-Logo-A-Noir-e1490355572366.png","contentUrl":"https:\/\/makeupatelier.ee\/meigikool\/wp-content\/uploads\/2017\/03\/cropped-Logo-A-Noir-e1490355572366.png","width":137,"height":137,"caption":"ATELIER Meigikool"},"image":{"@id":"https:\/\/makeupatelier.ee\/meigikool\/#\/schema\/logo\/image\/"}}]}},"_links":{"self":[{"href":"https:\/\/makeupatelier.ee\/meigikool\/wp-json\/wp\/v2\/pages\/1929","targetHints":{"allow":["GET"]}}],"collection":[{"href":"https:\/\/makeupatelier.ee\/meigikool\/wp-json\/wp\/v2\/pages"}],"about":[{"href":"https:\/\/makeupatelier.ee\/meigikool\/wp-json\/wp\/v2\/types\/page"}],"author":[{"embeddable":true,"href":"https:\/\/makeupatelier.ee\/meigikool\/wp-json\/wp\/v2\/users\/1"}],"replies":[{"embeddable":true,"href":"https:\/\/makeupatelier.ee\/meigikool\/wp-json\/wp\/v2\/comments?post=1929"}],"version-history":[{"count":4,"href":"https:\/\/makeupatelier.ee\/meigikool\/wp-json\/wp\/v2\/pages\/1929\/revisions"}],"predecessor-version":[{"id":6240,"href":"https:\/\/makeupatelier.ee\/meigikool\/wp-json\/wp\/v2\/pages\/1929\/revisions\/6240"}],"wp:attachment":[{"href":"https:\/\/makeupatelier.ee\/meigikool\/wp-json\/wp\/v2\/media?parent=1929"}],"curies":[{"name":"wp","href":"https:\/\/api.w.org\/{rel}","templated":true}]}}