{"id":1305,"date":"2020-05-05T12:53:00","date_gmt":"2020-05-05T12:53:00","guid":{"rendered":"https:\/\/eona.qodeinteractive.com\/?page_id=1305"},"modified":"2026-02-28T21:31:21","modified_gmt":"2026-02-28T19:31:21","slug":"koolitajad","status":"publish","type":"page","link":"https:\/\/makeupatelier.ee\/meigikool\/koolitajad\/","title":{"rendered":"Koolitajad"},"content":{"rendered":"\t\t<div data-elementor-type=\"wp-page\" data-elementor-id=\"1305\" class=\"elementor elementor-1305\">\n\t\t\t\t\t\t<section class=\"elementor-section elementor-top-section elementor-element elementor-element-54ec428 elementor-section-full_width qodef-elementor-content-grid elementor-section-height-default elementor-section-height-default\" data-id=\"54ec428\" data-element_type=\"section\">\n\t\t\t\t\t\t<div class=\"elementor-container elementor-column-gap-default\">\n\t\t\t\t\t<div class=\"elementor-column elementor-col-100 elementor-top-column elementor-element elementor-element-41947ca\" data-id=\"41947ca\" data-element_type=\"column\">\n\t\t\t<div class=\"elementor-widget-wrap elementor-element-populated\">\n\t\t\t\t\t\t<div class=\"elementor-element elementor-element-342a3c6 elementor-widget elementor-widget-eona_core_section_title\" data-id=\"342a3c6\" data-element_type=\"widget\" data-widget_type=\"eona_core_section_title.default\">\n\t\t\t\t<div class=\"elementor-widget-container\">\n\t\t\t\t\t<div class=\"qodef-shortcode qodef-m  qodef-section-title qodef-alignment--left    \">\n    \t<h6 class=\"qodef-m-caption\" >\n        Meie koolituste kvaliteedi loojad ja tagajad on \t<\/h6>\n\t<h1 class=\"qodef-m-title\"  >\n                    Meie koolitajad            <\/h1>\n        \t<div class=\"qodef-m-separator\" ><\/div>\n\t\t<p class=\"qodef-m-text\" >Nemad hoolitsevad selle eest, et \u00f5ppekavad ja koolitusprogrammid oleksid huvitavad, ajakohased ja parimad mida pakkuda saab. Nad on oma ala professionaalid ning kogenud praktikud, kes puutuvad valdkonnaga igap\u00e4evaselt kokku.<\/p>\n    <\/div>\t\t\t\t<\/div>\n\t\t\t\t<\/div>\n\t\t\t\t\t<\/div>\n\t\t<\/div>\n\t\t\t\t\t<\/div>\n\t\t<\/section>\n\t\t\t\t<section class=\"elementor-section elementor-top-section elementor-element elementor-element-34c194d elementor-section-full_width qodef-elementor-content-grid elementor-section-height-default elementor-section-height-default\" data-id=\"34c194d\" data-element_type=\"section\">\n\t\t\t\t\t\t<div class=\"elementor-container elementor-column-gap-default\">\n\t\t\t\t\t<div class=\"elementor-column elementor-col-100 elementor-top-column elementor-element elementor-element-4efed4c\" data-id=\"4efed4c\" data-element_type=\"column\">\n\t\t\t<div class=\"elementor-widget-wrap elementor-element-populated\">\n\t\t\t\t\t\t<div class=\"elementor-element elementor-element-f348512 elementor-widget elementor-widget-eona_core_team_list\" data-id=\"f348512\" data-element_type=\"widget\" data-widget_type=\"eona_core_team_list.default\">\n\t\t\t\t<div class=\"elementor-widget-container\">\n\t\t\t\t\t<div class=\"qodef-shortcode qodef-m  qodef-team-list qodef-item-layout--info-on-hover qodef-grid qodef-layout--columns  qodef-gutter--tiny qodef-col-num--3   qodef-item-layout--info-on-hover  qodef-slider-navigation--off qodef-slider-pagination--off   qodef-responsive--predefined\" data-options=\"{&quot;plugin&quot;:&quot;eona_core&quot;,&quot;module&quot;:&quot;post-types\\\/team\\\/shortcodes&quot;,&quot;shortcode&quot;:&quot;team-list&quot;,&quot;post_type&quot;:&quot;team&quot;,&quot;next_page&quot;:&quot;2&quot;,&quot;max_pages_num&quot;:0,&quot;behavior&quot;:&quot;columns&quot;,&quot;images_proportion&quot;:&quot;full&quot;,&quot;columns&quot;:&quot;3&quot;,&quot;space&quot;:&quot;tiny&quot;,&quot;columns_responsive&quot;:&quot;predefined&quot;,&quot;posts_per_page&quot;:&quot;-1&quot;,&quot;orderby&quot;:&quot;date&quot;,&quot;order&quot;:&quot;DESC&quot;,&quot;additional_params&quot;:&quot;id&quot;,&quot;post_ids&quot;:&quot;327,319, 328, 694,1341,1343,692, 695,1347&quot;,&quot;layout&quot;:&quot;info-on-hover&quot;,&quot;title_tag&quot;:&quot;h4&quot;,&quot;object_class_name&quot;:&quot;EonaCoreTeamListShortcode&quot;,&quot;additional_query_args&quot;:{&quot;orderby&quot;:&quot;post__in&quot;,&quot;post__in&quot;:[&quot;327&quot;,&quot;319&quot;,&quot; 328&quot;,&quot; 694&quot;,&quot;1341&quot;,&quot;1343&quot;,&quot;692&quot;,&quot; 695&quot;,&quot;1347&quot;]},&quot;item_classes&quot;:&quot;qodef-e qodef-grid-item&quot;,&quot;space_value&quot;:5}\">\n\t<div class=\"qodef-grid-inner clear\">\n\t\t<div class=\"qodef-e qodef-grid-item\">\n\t<div class=\"qodef-e-inner\">\n\t\t<div class=\"qodef-e-image\">\n\t\t\t\t<div class=\"qodef-e-media-image\">\n\t\t\t\t\t<img fetchpriority=\"high\" decoding=\"async\" width=\"1618\" height=\"1080\" src=\"https:\/\/makeupatelier.ee\/meigikool\/wp-content\/uploads\/2017\/03\/rep-1892.jpg\" class=\"attachment-full size-full wp-post-image\" alt=\"\" srcset=\"https:\/\/makeupatelier.ee\/meigikool\/wp-content\/uploads\/2017\/03\/rep-1892.jpg 1618w, https:\/\/makeupatelier.ee\/meigikool\/wp-content\/uploads\/2017\/03\/rep-1892-300x200.jpg 300w, https:\/\/makeupatelier.ee\/meigikool\/wp-content\/uploads\/2017\/03\/rep-1892-768x513.jpg 768w, https:\/\/makeupatelier.ee\/meigikool\/wp-content\/uploads\/2017\/03\/rep-1892-1024x684.jpg 1024w, https:\/\/makeupatelier.ee\/meigikool\/wp-content\/uploads\/2017\/03\/rep-1892-1144x764.jpg 1144w\" sizes=\"(max-width: 1618px) 100vw, 1618px\" \/>\t\t\t<\/div>\n\t\t<\/div>\n\t\t<div class=\"qodef-e-content\">\n            <h4 itemprop=\"name\" class=\"qodef-e-title entry-title\" >\n\t\t\tSirle Tee\u00e4\u00e4r\t<\/h4>\t\t\t\t<p class=\"qodef-e-role\">Grimmikunstnik\/koolitaja<\/p>\n\t\t\t\t\t\t\t\t<\/div>\n\t<\/div>\n<\/div><div class=\"qodef-e qodef-grid-item\">\n\t<div class=\"qodef-e-inner\">\n\t\t<div class=\"qodef-e-image\">\n\t\t\t\t<div class=\"qodef-e-media-image\">\n\t\t\t\t\t<img decoding=\"async\" width=\"1649\" height=\"1125\" src=\"https:\/\/makeupatelier.ee\/meigikool\/wp-content\/uploads\/2021\/05\/61E88EF7-B74D-4107-BE0B-6AE2764E0E37-e1620716574363.jpg\" class=\"attachment-full size-full wp-post-image\" alt=\"\" srcset=\"https:\/\/makeupatelier.ee\/meigikool\/wp-content\/uploads\/2021\/05\/61E88EF7-B74D-4107-BE0B-6AE2764E0E37-e1620716574363.jpg 1649w, https:\/\/makeupatelier.ee\/meigikool\/wp-content\/uploads\/2021\/05\/61E88EF7-B74D-4107-BE0B-6AE2764E0E37-e1620716574363-300x205.jpg 300w, https:\/\/makeupatelier.ee\/meigikool\/wp-content\/uploads\/2021\/05\/61E88EF7-B74D-4107-BE0B-6AE2764E0E37-e1620716574363-1024x699.jpg 1024w, https:\/\/makeupatelier.ee\/meigikool\/wp-content\/uploads\/2021\/05\/61E88EF7-B74D-4107-BE0B-6AE2764E0E37-e1620716574363-768x524.jpg 768w, https:\/\/makeupatelier.ee\/meigikool\/wp-content\/uploads\/2021\/05\/61E88EF7-B74D-4107-BE0B-6AE2764E0E37-e1620716574363-1536x1048.jpg 1536w, https:\/\/makeupatelier.ee\/meigikool\/wp-content\/uploads\/2021\/05\/61E88EF7-B74D-4107-BE0B-6AE2764E0E37-e1620716574363-1144x780.jpg 1144w\" sizes=\"(max-width: 1649px) 100vw, 1649px\" \/>\t\t\t<\/div>\n\t\t<\/div>\n\t\t<div class=\"qodef-e-content\">\n            <h4 itemprop=\"name\" class=\"qodef-e-title entry-title\" >\n\t\t\tKertu Vilgats\t<\/h4>\t\t\t\t<p class=\"qodef-e-role\">Grimeerija\/koolitaja<\/p>\n\t\t\t\t\t\t\t\t<\/div>\n\t<\/div>\n<\/div><div class=\"qodef-e qodef-grid-item\">\n\t<div class=\"qodef-e-inner\">\n\t\t<div class=\"qodef-e-image\">\n\t\t\t\t<div class=\"qodef-e-media-image\">\n\t\t\t\t\t<img decoding=\"async\" width=\"2560\" height=\"1747\" src=\"https:\/\/makeupatelier.ee\/meigikool\/wp-content\/uploads\/2021\/01\/IMG_1884-scaled-e1610389288550.jpg\" class=\"attachment-full size-full wp-post-image\" alt=\"\" srcset=\"https:\/\/makeupatelier.ee\/meigikool\/wp-content\/uploads\/2021\/01\/IMG_1884-scaled-e1610389288550.jpg 2560w, https:\/\/makeupatelier.ee\/meigikool\/wp-content\/uploads\/2021\/01\/IMG_1884-scaled-e1610389288550-300x205.jpg 300w, https:\/\/makeupatelier.ee\/meigikool\/wp-content\/uploads\/2021\/01\/IMG_1884-scaled-e1610389288550-1024x699.jpg 1024w, https:\/\/makeupatelier.ee\/meigikool\/wp-content\/uploads\/2021\/01\/IMG_1884-scaled-e1610389288550-768x524.jpg 768w, https:\/\/makeupatelier.ee\/meigikool\/wp-content\/uploads\/2021\/01\/IMG_1884-scaled-e1610389288550-1536x1048.jpg 1536w, https:\/\/makeupatelier.ee\/meigikool\/wp-content\/uploads\/2021\/01\/IMG_1884-scaled-e1610389288550-2048x1398.jpg 2048w, https:\/\/makeupatelier.ee\/meigikool\/wp-content\/uploads\/2021\/01\/IMG_1884-scaled-e1610389288550-1144x781.jpg 1144w\" sizes=\"(max-width: 2560px) 100vw, 2560px\" \/>\t\t\t<\/div>\n\t\t<\/div>\n\t\t<div class=\"qodef-e-content\">\n            <h4 itemprop=\"name\" class=\"qodef-e-title entry-title\" >\n\t\t\tLenneli Noobel\t<\/h4>\t\t\t\t<p class=\"qodef-e-role\">Jumestuskunstnik\/koolitaja<\/p>\n\t\t\t\t\t\t\t\t<\/div>\n\t<\/div>\n<\/div><div class=\"qodef-e qodef-grid-item\">\n\t<div class=\"qodef-e-inner\">\n\t\t<div class=\"qodef-e-image\">\n\t\t\t\t<div class=\"qodef-e-media-image\">\n\t\t\t\t\t<img loading=\"lazy\" decoding=\"async\" width=\"1179\" height=\"772\" src=\"https:\/\/makeupatelier.ee\/meigikool\/wp-content\/uploads\/2020\/04\/IMG_1696-e1742764694552.jpg\" class=\"attachment-full size-full wp-post-image\" alt=\"\" srcset=\"https:\/\/makeupatelier.ee\/meigikool\/wp-content\/uploads\/2020\/04\/IMG_1696-e1742764694552.jpg 1179w, https:\/\/makeupatelier.ee\/meigikool\/wp-content\/uploads\/2020\/04\/IMG_1696-e1742764694552-300x196.jpg 300w, https:\/\/makeupatelier.ee\/meigikool\/wp-content\/uploads\/2020\/04\/IMG_1696-e1742764694552-1024x671.jpg 1024w, https:\/\/makeupatelier.ee\/meigikool\/wp-content\/uploads\/2020\/04\/IMG_1696-e1742764694552-768x503.jpg 768w\" sizes=\"(max-width: 1179px) 100vw, 1179px\" \/>\t\t\t<\/div>\n\t\t<\/div>\n\t\t<div class=\"qodef-e-content\">\n            <h4 itemprop=\"name\" class=\"qodef-e-title entry-title\" >\n\t\t\tAve Antson\t<\/h4>\t\t\t\t<p class=\"qodef-e-role\">Jumestuskunstnik\/koolitaja<\/p>\n\t\t\t\t\t\t\t\t<\/div>\n\t<\/div>\n<\/div><div class=\"qodef-e qodef-grid-item\">\n\t<div class=\"qodef-e-inner\">\n\t\t<div class=\"qodef-e-image\">\n\t\t\t\t<div class=\"qodef-e-media-image\">\n\t\t\t\t\t<img loading=\"lazy\" decoding=\"async\" width=\"1084\" height=\"717\" src=\"https:\/\/makeupatelier.ee\/meigikool\/wp-content\/uploads\/2020\/05\/95D847BA-42F3-4338-A97F-2E078245A4C3-2-e1740088990994.jpg\" class=\"attachment-full size-full wp-post-image\" alt=\"\" srcset=\"https:\/\/makeupatelier.ee\/meigikool\/wp-content\/uploads\/2020\/05\/95D847BA-42F3-4338-A97F-2E078245A4C3-2-e1740088990994.jpg 1084w, https:\/\/makeupatelier.ee\/meigikool\/wp-content\/uploads\/2020\/05\/95D847BA-42F3-4338-A97F-2E078245A4C3-2-e1740088990994-300x198.jpg 300w, https:\/\/makeupatelier.ee\/meigikool\/wp-content\/uploads\/2020\/05\/95D847BA-42F3-4338-A97F-2E078245A4C3-2-e1740088990994-1024x677.jpg 1024w, https:\/\/makeupatelier.ee\/meigikool\/wp-content\/uploads\/2020\/05\/95D847BA-42F3-4338-A97F-2E078245A4C3-2-e1740088990994-768x508.jpg 768w\" sizes=\"(max-width: 1084px) 100vw, 1084px\" \/>\t\t\t<\/div>\n\t\t<\/div>\n\t\t<div class=\"qodef-e-content\">\n            <h4 itemprop=\"name\" class=\"qodef-e-title entry-title\" >\n\t\t\tOlga Bondarchuk\t<\/h4>\t\t\t\t<p class=\"qodef-e-role\">Jumestuskunstnik\/fotograaf<\/p>\n\t\t\t\t\t\t\t\t<\/div>\n\t<\/div>\n<\/div><div class=\"qodef-e qodef-grid-item\">\n\t<div class=\"qodef-e-inner\">\n\t\t<div class=\"qodef-e-image\">\n\t\t\t\t<div class=\"qodef-e-media-image\">\n\t\t\t\t\t<img loading=\"lazy\" decoding=\"async\" width=\"4000\" height=\"2670\" src=\"https:\/\/makeupatelier.ee\/meigikool\/wp-content\/uploads\/2017\/03\/DSC_00612-e1610374746957.jpg\" class=\"attachment-full size-full wp-post-image\" alt=\"\" srcset=\"https:\/\/makeupatelier.ee\/meigikool\/wp-content\/uploads\/2017\/03\/DSC_00612-e1610374746957.jpg 4000w, https:\/\/makeupatelier.ee\/meigikool\/wp-content\/uploads\/2017\/03\/DSC_00612-e1610374746957-300x200.jpg 300w, https:\/\/makeupatelier.ee\/meigikool\/wp-content\/uploads\/2017\/03\/DSC_00612-e1610374746957-768x513.jpg 768w, https:\/\/makeupatelier.ee\/meigikool\/wp-content\/uploads\/2017\/03\/DSC_00612-e1610374746957-1024x684.jpg 1024w, https:\/\/makeupatelier.ee\/meigikool\/wp-content\/uploads\/2017\/03\/DSC_00612-e1610374746957-1144x764.jpg 1144w, https:\/\/makeupatelier.ee\/meigikool\/wp-content\/uploads\/2017\/03\/DSC_00612-e1610374746957-1536x1025.jpg 1536w, https:\/\/makeupatelier.ee\/meigikool\/wp-content\/uploads\/2017\/03\/DSC_00612-e1610374746957-2048x1367.jpg 2048w\" sizes=\"(max-width: 4000px) 100vw, 4000px\" \/>\t\t\t<\/div>\n\t\t<\/div>\n\t\t<div class=\"qodef-e-content\">\n            <h4 itemprop=\"name\" class=\"qodef-e-title entry-title\" >\n\t\t\tMerlin Albert\t<\/h4>\t\t\t\t<p class=\"qodef-e-role\">A.I.M Eesti asutaja<\/p>\n\t\t\t\t\t\t\t\t<\/div>\n\t<\/div>\n<\/div><div class=\"qodef-e qodef-grid-item\">\n\t<div class=\"qodef-e-inner\">\n\t\t<div class=\"qodef-e-image\">\n\t\t\t\t<div class=\"qodef-e-media-image\">\n\t\t\t\t\t<img loading=\"lazy\" decoding=\"async\" width=\"2159\" height=\"1436\" src=\"https:\/\/makeupatelier.ee\/meigikool\/wp-content\/uploads\/2021\/01\/IMG_6308-e1740262106160.jpg\" class=\"attachment-full size-full wp-post-image\" alt=\"\" srcset=\"https:\/\/makeupatelier.ee\/meigikool\/wp-content\/uploads\/2021\/01\/IMG_6308-e1740262106160.jpg 2159w, https:\/\/makeupatelier.ee\/meigikool\/wp-content\/uploads\/2021\/01\/IMG_6308-e1740262106160-300x200.jpg 300w, https:\/\/makeupatelier.ee\/meigikool\/wp-content\/uploads\/2021\/01\/IMG_6308-e1740262106160-1024x681.jpg 1024w, https:\/\/makeupatelier.ee\/meigikool\/wp-content\/uploads\/2021\/01\/IMG_6308-e1740262106160-768x511.jpg 768w, https:\/\/makeupatelier.ee\/meigikool\/wp-content\/uploads\/2021\/01\/IMG_6308-e1740262106160-1536x1022.jpg 1536w, https:\/\/makeupatelier.ee\/meigikool\/wp-content\/uploads\/2021\/01\/IMG_6308-e1740262106160-2048x1362.jpg 2048w\" sizes=\"(max-width: 2159px) 100vw, 2159px\" \/>\t\t\t<\/div>\n\t\t<\/div>\n\t\t<div class=\"qodef-e-content\">\n            <h4 itemprop=\"name\" class=\"qodef-e-title entry-title\" >\n\t\t\tLiina Pihel\t<\/h4>\t\t\t\t<p class=\"qodef-e-role\">Grimeerija\/koolitaja<\/p>\n\t\t\t\t\t\t\t\t<\/div>\n\t<\/div>\n<\/div><div class=\"qodef-e qodef-grid-item\">\n\t<div class=\"qodef-e-inner\">\n\t\t<div class=\"qodef-e-image\">\n\t\t\t\t<div class=\"qodef-e-media-image\">\n\t\t\t\t\t<img loading=\"lazy\" decoding=\"async\" width=\"1365\" height=\"910\" src=\"https:\/\/makeupatelier.ee\/meigikool\/wp-content\/uploads\/2020\/04\/IMG_1429-e1740141487121.jpg\" class=\"attachment-full size-full wp-post-image\" alt=\"\" srcset=\"https:\/\/makeupatelier.ee\/meigikool\/wp-content\/uploads\/2020\/04\/IMG_1429-e1740141487121.jpg 1365w, https:\/\/makeupatelier.ee\/meigikool\/wp-content\/uploads\/2020\/04\/IMG_1429-e1740141487121-300x200.jpg 300w, https:\/\/makeupatelier.ee\/meigikool\/wp-content\/uploads\/2020\/04\/IMG_1429-e1740141487121-1024x683.jpg 1024w, https:\/\/makeupatelier.ee\/meigikool\/wp-content\/uploads\/2020\/04\/IMG_1429-e1740141487121-768x512.jpg 768w\" sizes=\"(max-width: 1365px) 100vw, 1365px\" \/>\t\t\t<\/div>\n\t\t<\/div>\n\t\t<div class=\"qodef-e-content\">\n            <h4 itemprop=\"name\" class=\"qodef-e-title entry-title\" >\n\t\t\tSandra R\u00e4tsep\t<\/h4>\t\t\t\t<p class=\"qodef-e-role\">Jumestuskunstnik\/koolitaja<\/p>\n\t\t\t\t\t\t\t\t<\/div>\n\t<\/div>\n<\/div><div class=\"qodef-e qodef-grid-item\">\n\t<div class=\"qodef-e-inner\">\n\t\t<div class=\"qodef-e-image\">\n\t\t\t\t<div class=\"qodef-e-media-image\">\n\t\t\t\t\t<img loading=\"lazy\" decoding=\"async\" width=\"983\" height=\"650\" src=\"https:\/\/makeupatelier.ee\/meigikool\/wp-content\/uploads\/2021\/01\/52E3AC98-4C7E-45BB-9120-71959EA9073B-2-e1740141725825.jpg\" class=\"attachment-full size-full wp-post-image\" alt=\"\" srcset=\"https:\/\/makeupatelier.ee\/meigikool\/wp-content\/uploads\/2021\/01\/52E3AC98-4C7E-45BB-9120-71959EA9073B-2-e1740141725825.jpg 983w, https:\/\/makeupatelier.ee\/meigikool\/wp-content\/uploads\/2021\/01\/52E3AC98-4C7E-45BB-9120-71959EA9073B-2-e1740141725825-300x198.jpg 300w, https:\/\/makeupatelier.ee\/meigikool\/wp-content\/uploads\/2021\/01\/52E3AC98-4C7E-45BB-9120-71959EA9073B-2-e1740141725825-768x508.jpg 768w\" sizes=\"(max-width: 983px) 100vw, 983px\" \/>\t\t\t<\/div>\n\t\t<\/div>\n\t\t<div class=\"qodef-e-content\">\n            <h4 itemprop=\"name\" class=\"qodef-e-title entry-title\" >\n\t\t\tErica Roosimaa\t<\/h4>\t\t\t\t<p class=\"qodef-e-role\">Soengumeister\/koolitaja<\/p>\n\t\t\t\t\t\t\t\t<\/div>\n\t<\/div>\n<\/div>\t<\/div>\n<\/div>\t\t\t\t<\/div>\n\t\t\t\t<\/div>\n\t\t\t\t\t<\/div>\n\t\t<\/div>\n\t\t\t\t\t<\/div>\n\t\t<\/section>\n\t\t<div class=\"elementor-element elementor-element-514c9e5 e-flex e-con-boxed e-con e-parent\" data-id=\"514c9e5\" data-element_type=\"container\">\n\t\t\t\t\t<div class=\"e-con-inner\">\n\t\t\t\t\t<\/div>\n\t\t\t\t<\/div>\n\t\t\t\t<\/div>\n\t\t","protected":false},"excerpt":{"rendered":"<p>Meie koolituste kvaliteedi loojad ja tagajad on Meie koolitajad Nemad hoolitsevad selle eest, et \u00f5ppekavad ja koolitusprogrammid oleksid huvitavad, ajakohased ja parimad mida pakkuda saab. Nad on oma ala professionaalid ning kogenud praktikud, kes puutuvad valdkonnaga igap\u00e4evaselt kokku. Sirle Tee\u00e4\u00e4r Grimmikunstnik\/koolitaja Kertu Vilgats Grimeerija\/koolitaja Lenneli Noobel Jumestuskunstnik\/koolitaja Ave Antson Jumestuskunstnik\/koolitaja Olga Bondarchuk Jumestuskunstnik\/fotograaf Merlin Albert [&hellip;]<\/p>\n","protected":false},"author":1,"featured_media":0,"parent":0,"menu_order":0,"comment_status":"closed","ping_status":"closed","template":"page-full-width.php","meta":{"footnotes":""},"class_list":["post-1305","page","type-page","status-publish","hentry"],"yoast_head":"<!-- This site is optimized with the Yoast SEO plugin v24.4 - https:\/\/yoast.com\/wordpress\/plugins\/seo\/ -->\n<title>Koolitajad - ATELIER Meigikool<\/title>\n<meta name=\"robots\" content=\"index, follow, max-snippet:-1, max-image-preview:large, max-video-preview:-1\" \/>\n<link rel=\"canonical\" href=\"https:\/\/makeupatelier.ee\/meigikool\/koolitajad\/\" \/>\n<meta property=\"og:locale\" content=\"et_EE\" \/>\n<meta property=\"og:type\" content=\"article\" \/>\n<meta property=\"og:title\" content=\"Koolitajad - ATELIER Meigikool\" \/>\n<meta property=\"og:description\" content=\"Meie koolituste kvaliteedi loojad ja tagajad on Meie koolitajad Nemad hoolitsevad selle eest, et \u00f5ppekavad ja koolitusprogrammid oleksid huvitavad, ajakohased ja parimad mida pakkuda saab. Nad on oma ala professionaalid ning kogenud praktikud, kes puutuvad valdkonnaga igap\u00e4evaselt kokku. Sirle Tee\u00e4\u00e4r Grimmikunstnik\/koolitaja Kertu Vilgats Grimeerija\/koolitaja Lenneli Noobel Jumestuskunstnik\/koolitaja Ave Antson Jumestuskunstnik\/koolitaja Olga Bondarchuk Jumestuskunstnik\/fotograaf Merlin Albert [&hellip;]\" \/>\n<meta property=\"og:url\" content=\"https:\/\/makeupatelier.ee\/meigikool\/koolitajad\/\" \/>\n<meta property=\"og:site_name\" content=\"ATELIER Meigikool\" \/>\n<meta property=\"article:modified_time\" content=\"2026-02-28T19:31:21+00:00\" \/>\n<meta property=\"og:image\" content=\"https:\/\/makeupatelier.ee\/meigikool\/wp-content\/uploads\/2017\/03\/rep-1892.jpg\" \/>\n<meta name=\"twitter:card\" content=\"summary_large_image\" \/>\n<meta name=\"twitter:label1\" content=\"Est. reading time\" \/>\n\t<meta name=\"twitter:data1\" content=\"3 minutit\" \/>\n<script type=\"application\/ld+json\" class=\"yoast-schema-graph\">{\"@context\":\"https:\/\/schema.org\",\"@graph\":[{\"@type\":\"WebPage\",\"@id\":\"https:\/\/makeupatelier.ee\/meigikool\/koolitajad\/\",\"url\":\"https:\/\/makeupatelier.ee\/meigikool\/koolitajad\/\",\"name\":\"Koolitajad - ATELIER Meigikool\",\"isPartOf\":{\"@id\":\"https:\/\/makeupatelier.ee\/meigikool\/#website\"},\"primaryImageOfPage\":{\"@id\":\"https:\/\/makeupatelier.ee\/meigikool\/koolitajad\/#primaryimage\"},\"image\":{\"@id\":\"https:\/\/makeupatelier.ee\/meigikool\/koolitajad\/#primaryimage\"},\"thumbnailUrl\":\"https:\/\/makeupatelier.ee\/meigikool\/wp-content\/uploads\/2017\/03\/rep-1892.jpg\",\"datePublished\":\"2020-05-05T12:53:00+00:00\",\"dateModified\":\"2026-02-28T19:31:21+00:00\",\"breadcrumb\":{\"@id\":\"https:\/\/makeupatelier.ee\/meigikool\/koolitajad\/#breadcrumb\"},\"inLanguage\":\"et\",\"potentialAction\":[{\"@type\":\"ReadAction\",\"target\":[\"https:\/\/makeupatelier.ee\/meigikool\/koolitajad\/\"]}]},{\"@type\":\"ImageObject\",\"inLanguage\":\"et\",\"@id\":\"https:\/\/makeupatelier.ee\/meigikool\/koolitajad\/#primaryimage\",\"url\":\"https:\/\/makeupatelier.ee\/meigikool\/wp-content\/uploads\/2017\/03\/rep-1892.jpg\",\"contentUrl\":\"https:\/\/makeupatelier.ee\/meigikool\/wp-content\/uploads\/2017\/03\/rep-1892.jpg\",\"width\":1618,\"height\":1080},{\"@type\":\"BreadcrumbList\",\"@id\":\"https:\/\/makeupatelier.ee\/meigikool\/koolitajad\/#breadcrumb\",\"itemListElement\":[{\"@type\":\"ListItem\",\"position\":1,\"name\":\"Home\",\"item\":\"https:\/\/makeupatelier.ee\/meigikool\/\"},{\"@type\":\"ListItem\",\"position\":2,\"name\":\"Koolitajad\"}]},{\"@type\":\"WebSite\",\"@id\":\"https:\/\/makeupatelier.ee\/meigikool\/#website\",\"url\":\"https:\/\/makeupatelier.ee\/meigikool\/\",\"name\":\"ATELIER Meigikool\",\"description\":\"Meigikool\",\"publisher\":{\"@id\":\"https:\/\/makeupatelier.ee\/meigikool\/#organization\"},\"potentialAction\":[{\"@type\":\"SearchAction\",\"target\":{\"@type\":\"EntryPoint\",\"urlTemplate\":\"https:\/\/makeupatelier.ee\/meigikool\/?s={search_term_string}\"},\"query-input\":{\"@type\":\"PropertyValueSpecification\",\"valueRequired\":true,\"valueName\":\"search_term_string\"}}],\"inLanguage\":\"et\"},{\"@type\":\"Organization\",\"@id\":\"https:\/\/makeupatelier.ee\/meigikool\/#organization\",\"name\":\"ATELIER Meigikool\",\"url\":\"https:\/\/makeupatelier.ee\/meigikool\/\",\"logo\":{\"@type\":\"ImageObject\",\"inLanguage\":\"et\",\"@id\":\"https:\/\/makeupatelier.ee\/meigikool\/#\/schema\/logo\/image\/\",\"url\":\"https:\/\/makeupatelier.ee\/meigikool\/wp-content\/uploads\/2017\/03\/cropped-Logo-A-Noir-e1490355572366.png\",\"contentUrl\":\"https:\/\/makeupatelier.ee\/meigikool\/wp-content\/uploads\/2017\/03\/cropped-Logo-A-Noir-e1490355572366.png\",\"width\":137,\"height\":137,\"caption\":\"ATELIER Meigikool\"},\"image\":{\"@id\":\"https:\/\/makeupatelier.ee\/meigikool\/#\/schema\/logo\/image\/\"}}]}<\/script>\n<!-- \/ Yoast SEO plugin. -->","yoast_head_json":{"title":"Koolitajad - ATELIER Meigikool","robots":{"index":"index","follow":"follow","max-snippet":"max-snippet:-1","max-image-preview":"max-image-preview:large","max-video-preview":"max-video-preview:-1"},"canonical":"https:\/\/makeupatelier.ee\/meigikool\/koolitajad\/","og_locale":"et_EE","og_type":"article","og_title":"Koolitajad - ATELIER Meigikool","og_description":"Meie koolituste kvaliteedi loojad ja tagajad on Meie koolitajad Nemad hoolitsevad selle eest, et \u00f5ppekavad ja koolitusprogrammid oleksid huvitavad, ajakohased ja parimad mida pakkuda saab. Nad on oma ala professionaalid ning kogenud praktikud, kes puutuvad valdkonnaga igap\u00e4evaselt kokku. Sirle Tee\u00e4\u00e4r Grimmikunstnik\/koolitaja Kertu Vilgats Grimeerija\/koolitaja Lenneli Noobel Jumestuskunstnik\/koolitaja Ave Antson Jumestuskunstnik\/koolitaja Olga Bondarchuk Jumestuskunstnik\/fotograaf Merlin Albert [&hellip;]","og_url":"https:\/\/makeupatelier.ee\/meigikool\/koolitajad\/","og_site_name":"ATELIER Meigikool","article_modified_time":"2026-02-28T19:31:21+00:00","og_image":[{"url":"https:\/\/makeupatelier.ee\/meigikool\/wp-content\/uploads\/2017\/03\/rep-1892.jpg","type":"","width":"","height":""}],"twitter_card":"summary_large_image","twitter_misc":{"Est. reading time":"3 minutit"},"schema":{"@context":"https:\/\/schema.org","@graph":[{"@type":"WebPage","@id":"https:\/\/makeupatelier.ee\/meigikool\/koolitajad\/","url":"https:\/\/makeupatelier.ee\/meigikool\/koolitajad\/","name":"Koolitajad - ATELIER Meigikool","isPartOf":{"@id":"https:\/\/makeupatelier.ee\/meigikool\/#website"},"primaryImageOfPage":{"@id":"https:\/\/makeupatelier.ee\/meigikool\/koolitajad\/#primaryimage"},"image":{"@id":"https:\/\/makeupatelier.ee\/meigikool\/koolitajad\/#primaryimage"},"thumbnailUrl":"https:\/\/makeupatelier.ee\/meigikool\/wp-content\/uploads\/2017\/03\/rep-1892.jpg","datePublished":"2020-05-05T12:53:00+00:00","dateModified":"2026-02-28T19:31:21+00:00","breadcrumb":{"@id":"https:\/\/makeupatelier.ee\/meigikool\/koolitajad\/#breadcrumb"},"inLanguage":"et","potentialAction":[{"@type":"ReadAction","target":["https:\/\/makeupatelier.ee\/meigikool\/koolitajad\/"]}]},{"@type":"ImageObject","inLanguage":"et","@id":"https:\/\/makeupatelier.ee\/meigikool\/koolitajad\/#primaryimage","url":"https:\/\/makeupatelier.ee\/meigikool\/wp-content\/uploads\/2017\/03\/rep-1892.jpg","contentUrl":"https:\/\/makeupatelier.ee\/meigikool\/wp-content\/uploads\/2017\/03\/rep-1892.jpg","width":1618,"height":1080},{"@type":"BreadcrumbList","@id":"https:\/\/makeupatelier.ee\/meigikool\/koolitajad\/#breadcrumb","itemListElement":[{"@type":"ListItem","position":1,"name":"Home","item":"https:\/\/makeupatelier.ee\/meigikool\/"},{"@type":"ListItem","position":2,"name":"Koolitajad"}]},{"@type":"WebSite","@id":"https:\/\/makeupatelier.ee\/meigikool\/#website","url":"https:\/\/makeupatelier.ee\/meigikool\/","name":"ATELIER Meigikool","description":"Meigikool","publisher":{"@id":"https:\/\/makeupatelier.ee\/meigikool\/#organization"},"potentialAction":[{"@type":"SearchAction","target":{"@type":"EntryPoint","urlTemplate":"https:\/\/makeupatelier.ee\/meigikool\/?s={search_term_string}"},"query-input":{"@type":"PropertyValueSpecification","valueRequired":true,"valueName":"search_term_string"}}],"inLanguage":"et"},{"@type":"Organization","@id":"https:\/\/makeupatelier.ee\/meigikool\/#organization","name":"ATELIER Meigikool","url":"https:\/\/makeupatelier.ee\/meigikool\/","logo":{"@type":"ImageObject","inLanguage":"et","@id":"https:\/\/makeupatelier.ee\/meigikool\/#\/schema\/logo\/image\/","url":"https:\/\/makeupatelier.ee\/meigikool\/wp-content\/uploads\/2017\/03\/cropped-Logo-A-Noir-e1490355572366.png","contentUrl":"https:\/\/makeupatelier.ee\/meigikool\/wp-content\/uploads\/2017\/03\/cropped-Logo-A-Noir-e1490355572366.png","width":137,"height":137,"caption":"ATELIER Meigikool"},"image":{"@id":"https:\/\/makeupatelier.ee\/meigikool\/#\/schema\/logo\/image\/"}}]}},"_links":{"self":[{"href":"https:\/\/makeupatelier.ee\/meigikool\/wp-json\/wp\/v2\/pages\/1305","targetHints":{"allow":["GET"]}}],"collection":[{"href":"https:\/\/makeupatelier.ee\/meigikool\/wp-json\/wp\/v2\/pages"}],"about":[{"href":"https:\/\/makeupatelier.ee\/meigikool\/wp-json\/wp\/v2\/types\/page"}],"author":[{"embeddable":true,"href":"https:\/\/makeupatelier.ee\/meigikool\/wp-json\/wp\/v2\/users\/1"}],"replies":[{"embeddable":true,"href":"https:\/\/makeupatelier.ee\/meigikool\/wp-json\/wp\/v2\/comments?post=1305"}],"version-history":[{"count":5,"href":"https:\/\/makeupatelier.ee\/meigikool\/wp-json\/wp\/v2\/pages\/1305\/revisions"}],"predecessor-version":[{"id":6759,"href":"https:\/\/makeupatelier.ee\/meigikool\/wp-json\/wp\/v2\/pages\/1305\/revisions\/6759"}],"wp:attachment":[{"href":"https:\/\/makeupatelier.ee\/meigikool\/wp-json\/wp\/v2\/media?parent=1305"}],"curies":[{"name":"wp","href":"https:\/\/api.w.org\/{rel}","templated":true}]}}